{"id":4531,"date":"2024-07-23T17:50:49","date_gmt":"2024-07-23T17:50:49","guid":{"rendered":"https:\/\/amarondaresort.com\/?page_id=4531"},"modified":"2025-01-09T08:33:18","modified_gmt":"2025-01-09T08:33:18","slug":"location","status":"publish","type":"page","link":"https:\/\/amarondaresort.com\/fr\/location\/","title":{"rendered":"Localisation"},"content":{"rendered":"\t\t<div data-elementor-type=\"wp-page\" data-elementor-id=\"4531\" class=\"elementor elementor-4531\" data-elementor-post-type=\"page\">\n\t\t\t\t<div class=\"elementor-element elementor-element-78b2c25 e-flex e-con-boxed e-con e-parent\" data-id=\"78b2c25\" data-element_type=\"container\" data-e-type=\"container\" data-settings=\"{&quot;background_background&quot;:&quot;classic&quot;,&quot;jet_parallax_layout_list&quot;:[]}\">\n\t\t\t\t\t<div class=\"e-con-inner\">\n\t\t\t\t<div class=\"elementor-element elementor-element-74bd4dc elementor-invisible elementor-widget elementor-widget-heading\" data-id=\"74bd4dc\" data-element_type=\"widget\" data-e-type=\"widget\" data-settings=\"{&quot;_animation&quot;:&quot;fadeIn&quot;,&quot;_animation_delay&quot;:300}\" data-widget_type=\"heading.default\">\n\t\t\t\t<div class=\"elementor-widget-container\">\n\t\t\t\t\t<h2 class=\"elementor-heading-title elementor-size-default\">Localisation<\/h2>\t\t\t\t<\/div>\n\t\t\t\t<\/div>\n\t\t\t\t<div class=\"elementor-element elementor-element-0afd5a0 elementor-widget__width-initial elementor-invisible elementor-widget elementor-widget-text-editor\" data-id=\"0afd5a0\" data-element_type=\"widget\" data-e-type=\"widget\" data-settings=\"{&quot;_animation&quot;:&quot;fadeIn&quot;,&quot;_animation_delay&quot;:300}\" data-widget_type=\"text-editor.default\">\n\t\t\t\t<div class=\"elementor-widget-container\">\n\t\t\t\t\t\t\t\t\t<p>Situ\u00e9 juste \u00e0 c\u00f4t\u00e9 de la ville pittoresque d&rsquo;Er\u00e9tria, l&rsquo;Amaronda Resort &amp; Spa offre une escapade parfaite sur l&rsquo;\u00eele d&rsquo;Eub\u00e9e, facilement accessible et proche d\u2019Ath\u00e8nes<\/p>\t\t\t\t\t\t\t\t<\/div>\n\t\t\t\t<\/div>\n\t\t\t\t\t<\/div>\n\t\t\t\t<\/div>\n\t\t<div class=\"elementor-element elementor-element-5b7c6be e-flex e-con-boxed e-con e-parent\" data-id=\"5b7c6be\" data-element_type=\"container\" data-e-type=\"container\" data-settings=\"{&quot;jet_parallax_layout_list&quot;:[]}\">\n\t\t\t\t\t<div class=\"e-con-inner\">\n\t\t\t\t<div class=\"elementor-element elementor-element-1a8683c elementor-widget elementor-widget-image\" data-id=\"1a8683c\" data-element_type=\"widget\" data-e-type=\"widget\" data-widget_type=\"image.default\">\n\t\t\t\t<div class=\"elementor-widget-container\">\n\t\t\t\t\t\t\t\t\t\t\t\t\t\t\t<img fetchpriority=\"high\" decoding=\"async\" width=\"800\" height=\"599\" src=\"https:\/\/amarondaresort.com\/wp-content\/uploads\/2024\/07\/eretria-hero-new-1024x767.webp\" class=\"attachment-large size-large wp-image-3198\" alt=\"\" srcset=\"https:\/\/amarondaresort.com\/wp-content\/uploads\/2024\/07\/eretria-hero-new-1024x767.webp 1024w, https:\/\/amarondaresort.com\/wp-content\/uploads\/2024\/07\/eretria-hero-new-300x225.webp 300w, https:\/\/amarondaresort.com\/wp-content\/uploads\/2024\/07\/eretria-hero-new-768x575.webp 768w, https:\/\/amarondaresort.com\/wp-content\/uploads\/2024\/07\/eretria-hero-new.webp 1300w\" sizes=\"(max-width: 800px) 100vw, 800px\" \/>\t\t\t\t\t\t\t\t\t\t\t\t\t\t\t<\/div>\n\t\t\t\t<\/div>\n\t\t\t\t\t<\/div>\n\t\t\t\t<\/div>\n\t\t<div class=\"elementor-element elementor-element-d67ca04 e-flex e-con-boxed e-con e-parent\" data-id=\"d67ca04\" data-element_type=\"container\" data-e-type=\"container\" data-settings=\"{&quot;background_background&quot;:&quot;classic&quot;,&quot;jet_parallax_layout_list&quot;:[]}\">\n\t\t\t\t\t<div class=\"e-con-inner\">\n\t\t<div class=\"elementor-element elementor-element-f6a80b9 e-con-full e-flex e-con e-child\" data-id=\"f6a80b9\" data-element_type=\"container\" data-e-type=\"container\" data-settings=\"{&quot;jet_parallax_layout_list&quot;:[]}\">\n\t\t\t\t<div class=\"elementor-element elementor-element-bd10373 elementor-widget elementor-widget-heading\" data-id=\"bd10373\" data-element_type=\"widget\" data-e-type=\"widget\" data-widget_type=\"heading.default\">\n\t\t\t\t<div class=\"elementor-widget-container\">\n\t\t\t\t\t<h2 class=\"elementor-heading-title elementor-size-default\">\u00c0 propos d'Eretria<\/h2>\t\t\t\t<\/div>\n\t\t\t\t<\/div>\n\t\t\t\t<div class=\"elementor-element elementor-element-238beed elementor-widget__width-inherit elementor-widget elementor-widget-text-editor\" data-id=\"238beed\" data-element_type=\"widget\" data-e-type=\"widget\" data-widget_type=\"text-editor.default\">\n\t\t\t\t<div class=\"elementor-widget-container\">\n\t\t\t\t\t\t\t\t\t<p>Riche en histoire et en beaut\u00e9 naturelle, Eretria est connue pour ses ruines antiques, ses charmantes promenades c\u00f4ti\u00e8res et sa culture locale vibrante. Les visiteurs peuvent explorer les sites arch\u00e9ologiques, profiter des restaurants en bord de mer ou simplement se d\u00e9tendre sur les belles plages \u00e0 proximit\u00e9. La situation privil\u00e9gi\u00e9e de l\u2019Amaronda permet de profiter \u00e0 la fois de la tranquillit\u00e9 du complexe et des attractions culturelles d&rsquo;Eretria, cr\u00e9ant ainsi un \u00e9quilibre parfait pour une escapade m\u00e9morable.<\/p>\t\t\t\t\t\t\t\t<\/div>\n\t\t\t\t<\/div>\n\t\t\t\t<\/div>\n\t\t\t\t\t<\/div>\n\t\t\t\t<\/div>\n\t\t<div class=\"elementor-element elementor-element-3255e4d e-con-full e-flex e-con e-parent\" data-id=\"3255e4d\" data-element_type=\"container\" data-e-type=\"container\" data-settings=\"{&quot;jet_parallax_layout_list&quot;:[]}\">\n\t\t<div class=\"elementor-element elementor-element-1044c98 e-flex e-con-boxed e-con e-child\" data-id=\"1044c98\" data-element_type=\"container\" data-e-type=\"container\" data-settings=\"{&quot;jet_parallax_layout_list&quot;:[]}\">\n\t\t\t\t\t<div class=\"e-con-inner\">\n\t\t\t\t<div class=\"elementor-element elementor-element-dbc6465 elementor-hidden-mobile elementor-invisible elementor-widget elementor-widget-image\" data-id=\"dbc6465\" data-element_type=\"widget\" data-e-type=\"widget\" data-settings=\"{&quot;_animation&quot;:&quot;fadeIn&quot;,&quot;_animation_delay&quot;:500}\" data-widget_type=\"image.default\">\n\t\t\t\t<div class=\"elementor-widget-container\">\n\t\t\t\t\t\t\t\t\t\t\t\t\t\t\t<img decoding=\"async\" width=\"1920\" height=\"636\" src=\"https:\/\/amarondaresort.com\/wp-content\/uploads\/2024\/05\/Frame-25.webp\" class=\"attachment-full size-full wp-image-100\" alt=\"\" srcset=\"https:\/\/amarondaresort.com\/wp-content\/uploads\/2024\/05\/Frame-25.webp 1920w, https:\/\/amarondaresort.com\/wp-content\/uploads\/2024\/05\/Frame-25-300x99.webp 300w, https:\/\/amarondaresort.com\/wp-content\/uploads\/2024\/05\/Frame-25-1024x339.webp 1024w, https:\/\/amarondaresort.com\/wp-content\/uploads\/2024\/05\/Frame-25-768x254.webp 768w, https:\/\/amarondaresort.com\/wp-content\/uploads\/2024\/05\/Frame-25-1536x509.webp 1536w\" sizes=\"(max-width: 1920px) 100vw, 1920px\" \/>\t\t\t\t\t\t\t\t\t\t\t\t\t\t\t<\/div>\n\t\t\t\t<\/div>\n\t\t\t\t\t<\/div>\n\t\t\t\t<\/div>\n\t\t\t\t<\/div>\n\t\t<div class=\"elementor-element elementor-element-b0bdb1f e-flex e-con-boxed e-con e-parent\" data-id=\"b0bdb1f\" data-element_type=\"container\" data-e-type=\"container\" data-settings=\"{&quot;jet_parallax_layout_list&quot;:[]}\">\n\t\t\t\t\t<div class=\"e-con-inner\">\n\t\t\t\t<div class=\"elementor-element elementor-element-7069c1a elementor-hidden-desktop elementor-hidden-tablet elementor-widget elementor-widget-image\" data-id=\"7069c1a\" data-element_type=\"widget\" data-e-type=\"widget\" data-widget_type=\"image.default\">\n\t\t\t\t<div class=\"elementor-widget-container\">\n\t\t\t\t\t\t\t\t\t\t\t\t\t\t\t<img decoding=\"async\" width=\"324\" height=\"980\" src=\"https:\/\/amarondaresort.com\/wp-content\/uploads\/2024\/06\/Frame-25-1.jpg\" class=\"attachment-full size-full wp-image-1518\" alt=\"\" srcset=\"https:\/\/amarondaresort.com\/wp-content\/uploads\/2024\/06\/Frame-25-1.jpg 324w, https:\/\/amarondaresort.com\/wp-content\/uploads\/2024\/06\/Frame-25-1-99x300.jpg 99w\" sizes=\"(max-width: 324px) 100vw, 324px\" \/>\t\t\t\t\t\t\t\t\t\t\t\t\t\t\t<\/div>\n\t\t\t\t<\/div>\n\t\t\t\t\t<\/div>\n\t\t\t\t<\/div>\n\t\t\t\t<\/div>\n\t\t","protected":false},"excerpt":{"rendered":"<p>Situ\u00e9 juste \u00e0 c\u00f4t\u00e9 de la ville pittoresque d&rsquo;Er\u00e9tria, l&rsquo;Amaronda Resort &amp; Spa offre une escapade parfaite sur l&rsquo;\u00eele d&rsquo;Eub\u00e9e, facilement accessible et proche d\u2019Ath\u00e8nes \u00c0 propos d&rsquo;Eretria Riche en histoire et en beaut\u00e9 naturelle, Eretria est connue pour ses ruines antiques, ses charmantes promenades c\u00f4ti\u00e8res et sa culture locale vibrante. Les visiteurs peuvent explorer [&hellip;]<\/p>\n","protected":false},"author":3,"featured_media":0,"parent":0,"menu_order":0,"comment_status":"closed","ping_status":"closed","template":"","meta":{"footnotes":""},"class_list":["post-4531","page","type-page","status-publish","hentry"],"yoast_head":"<!-- This site is optimized with the Yoast SEO plugin v27.2 - https:\/\/yoast.com\/product\/yoast-seo-wordpress\/ -->\n<title>Localisation - Amaronda Resort<\/title>\n<meta name=\"robots\" content=\"index, follow, max-snippet:-1, max-image-preview:large, max-video-preview:-1\" \/>\n<link rel=\"canonical\" href=\"https:\/\/amarondaresort.com\/fr\/location\/\" \/>\n<meta property=\"og:locale\" content=\"fr_FR\" \/>\n<meta property=\"og:type\" content=\"article\" \/>\n<meta property=\"og:title\" content=\"Localisation - Amaronda Resort\" \/>\n<meta property=\"og:description\" content=\"Situ\u00e9 juste \u00e0 c\u00f4t\u00e9 de la ville pittoresque d&rsquo;Er\u00e9tria, l&rsquo;Amaronda Resort &amp; Spa offre une escapade parfaite sur l&rsquo;\u00eele d&rsquo;Eub\u00e9e, facilement accessible et proche d\u2019Ath\u00e8nes \u00c0 propos d&rsquo;Eretria Riche en histoire et en beaut\u00e9 naturelle, Eretria est connue pour ses ruines antiques, ses charmantes promenades c\u00f4ti\u00e8res et sa culture locale vibrante. Les visiteurs peuvent explorer [&hellip;]\" \/>\n<meta property=\"og:url\" content=\"https:\/\/amarondaresort.com\/fr\/location\/\" \/>\n<meta property=\"og:site_name\" content=\"Amaronda Resort\" \/>\n<meta property=\"article:modified_time\" content=\"2025-01-09T08:33:18+00:00\" \/>\n<meta property=\"og:image\" content=\"https:\/\/amarondaresort.com\/wp-content\/uploads\/2024\/07\/eretria-hero-new.webp\" \/>\n\t<meta property=\"og:image:width\" content=\"1300\" \/>\n\t<meta property=\"og:image:height\" content=\"974\" \/>\n\t<meta property=\"og:image:type\" content=\"image\/webp\" \/>\n<meta name=\"twitter:card\" content=\"summary_large_image\" \/>\n<meta name=\"twitter:label1\" content=\"Dur\u00e9e de lecture estim\u00e9e\" \/>\n\t<meta name=\"twitter:data1\" content=\"2 minutes\" \/>\n<script type=\"application\/ld+json\" class=\"yoast-schema-graph\">{\"@context\":\"https:\/\/schema.org\",\"@graph\":[{\"@type\":\"WebPage\",\"@id\":\"https:\/\/amarondaresort.com\/fr\/location\/\",\"url\":\"https:\/\/amarondaresort.com\/fr\/location\/\",\"name\":\"Localisation - Amaronda Resort\",\"isPartOf\":{\"@id\":\"https:\/\/amarondaresort.com\/fr\/#website\"},\"primaryImageOfPage\":{\"@id\":\"https:\/\/amarondaresort.com\/fr\/location\/#primaryimage\"},\"image\":{\"@id\":\"https:\/\/amarondaresort.com\/fr\/location\/#primaryimage\"},\"thumbnailUrl\":\"https:\/\/amarondaresort.com\/wp-content\/uploads\/2024\/07\/eretria-hero-new-1024x767.webp\",\"datePublished\":\"2024-07-23T17:50:49+00:00\",\"dateModified\":\"2025-01-09T08:33:18+00:00\",\"breadcrumb\":{\"@id\":\"https:\/\/amarondaresort.com\/fr\/location\/#breadcrumb\"},\"inLanguage\":\"fr-FR\",\"potentialAction\":[{\"@type\":\"ReadAction\",\"target\":[\"https:\/\/amarondaresort.com\/fr\/location\/\"]}]},{\"@type\":\"ImageObject\",\"inLanguage\":\"fr-FR\",\"@id\":\"https:\/\/amarondaresort.com\/fr\/location\/#primaryimage\",\"url\":\"https:\/\/amarondaresort.com\/wp-content\/uploads\/2024\/07\/eretria-hero-new-1024x767.webp\",\"contentUrl\":\"https:\/\/amarondaresort.com\/wp-content\/uploads\/2024\/07\/eretria-hero-new-1024x767.webp\"},{\"@type\":\"BreadcrumbList\",\"@id\":\"https:\/\/amarondaresort.com\/fr\/location\/#breadcrumb\",\"itemListElement\":[{\"@type\":\"ListItem\",\"position\":1,\"name\":\"Home\",\"item\":\"https:\/\/amarondaresort.com\/fr\/\"},{\"@type\":\"ListItem\",\"position\":2,\"name\":\"Localisation\"}]},{\"@type\":\"WebSite\",\"@id\":\"https:\/\/amarondaresort.com\/fr\/#website\",\"url\":\"https:\/\/amarondaresort.com\/fr\/\",\"name\":\"Amaronda Resort\",\"description\":\"Experience the freedom\",\"potentialAction\":[{\"@type\":\"SearchAction\",\"target\":{\"@type\":\"EntryPoint\",\"urlTemplate\":\"https:\/\/amarondaresort.com\/fr\/?s={search_term_string}\"},\"query-input\":{\"@type\":\"PropertyValueSpecification\",\"valueRequired\":true,\"valueName\":\"search_term_string\"}}],\"inLanguage\":\"fr-FR\"}]}<\/script>\n<!-- \/ Yoast SEO plugin. -->","yoast_head_json":{"title":"Localisation - Amaronda Resort","robots":{"index":"index","follow":"follow","max-snippet":"max-snippet:-1","max-image-preview":"max-image-preview:large","max-video-preview":"max-video-preview:-1"},"canonical":"https:\/\/amarondaresort.com\/fr\/location\/","og_locale":"fr_FR","og_type":"article","og_title":"Localisation - Amaronda Resort","og_description":"Situ\u00e9 juste \u00e0 c\u00f4t\u00e9 de la ville pittoresque d&rsquo;Er\u00e9tria, l&rsquo;Amaronda Resort &amp; Spa offre une escapade parfaite sur l&rsquo;\u00eele d&rsquo;Eub\u00e9e, facilement accessible et proche d\u2019Ath\u00e8nes \u00c0 propos d&rsquo;Eretria Riche en histoire et en beaut\u00e9 naturelle, Eretria est connue pour ses ruines antiques, ses charmantes promenades c\u00f4ti\u00e8res et sa culture locale vibrante. Les visiteurs peuvent explorer [&hellip;]","og_url":"https:\/\/amarondaresort.com\/fr\/location\/","og_site_name":"Amaronda Resort","article_modified_time":"2025-01-09T08:33:18+00:00","og_image":[{"width":1300,"height":974,"url":"https:\/\/amarondaresort.com\/wp-content\/uploads\/2024\/07\/eretria-hero-new.webp","type":"image\/webp"}],"twitter_card":"summary_large_image","twitter_misc":{"Dur\u00e9e de lecture estim\u00e9e":"2 minutes"},"schema":{"@context":"https:\/\/schema.org","@graph":[{"@type":"WebPage","@id":"https:\/\/amarondaresort.com\/fr\/location\/","url":"https:\/\/amarondaresort.com\/fr\/location\/","name":"Localisation - Amaronda Resort","isPartOf":{"@id":"https:\/\/amarondaresort.com\/fr\/#website"},"primaryImageOfPage":{"@id":"https:\/\/amarondaresort.com\/fr\/location\/#primaryimage"},"image":{"@id":"https:\/\/amarondaresort.com\/fr\/location\/#primaryimage"},"thumbnailUrl":"https:\/\/amarondaresort.com\/wp-content\/uploads\/2024\/07\/eretria-hero-new-1024x767.webp","datePublished":"2024-07-23T17:50:49+00:00","dateModified":"2025-01-09T08:33:18+00:00","breadcrumb":{"@id":"https:\/\/amarondaresort.com\/fr\/location\/#breadcrumb"},"inLanguage":"fr-FR","potentialAction":[{"@type":"ReadAction","target":["https:\/\/amarondaresort.com\/fr\/location\/"]}]},{"@type":"ImageObject","inLanguage":"fr-FR","@id":"https:\/\/amarondaresort.com\/fr\/location\/#primaryimage","url":"https:\/\/amarondaresort.com\/wp-content\/uploads\/2024\/07\/eretria-hero-new-1024x767.webp","contentUrl":"https:\/\/amarondaresort.com\/wp-content\/uploads\/2024\/07\/eretria-hero-new-1024x767.webp"},{"@type":"BreadcrumbList","@id":"https:\/\/amarondaresort.com\/fr\/location\/#breadcrumb","itemListElement":[{"@type":"ListItem","position":1,"name":"Home","item":"https:\/\/amarondaresort.com\/fr\/"},{"@type":"ListItem","position":2,"name":"Localisation"}]},{"@type":"WebSite","@id":"https:\/\/amarondaresort.com\/fr\/#website","url":"https:\/\/amarondaresort.com\/fr\/","name":"Amaronda Resort","description":"Experience the freedom","potentialAction":[{"@type":"SearchAction","target":{"@type":"EntryPoint","urlTemplate":"https:\/\/amarondaresort.com\/fr\/?s={search_term_string}"},"query-input":{"@type":"PropertyValueSpecification","valueRequired":true,"valueName":"search_term_string"}}],"inLanguage":"fr-FR"}]}},"_links":{"self":[{"href":"https:\/\/amarondaresort.com\/fr\/wp-json\/wp\/v2\/pages\/4531","targetHints":{"allow":["GET"]}}],"collection":[{"href":"https:\/\/amarondaresort.com\/fr\/wp-json\/wp\/v2\/pages"}],"about":[{"href":"https:\/\/amarondaresort.com\/fr\/wp-json\/wp\/v2\/types\/page"}],"author":[{"embeddable":true,"href":"https:\/\/amarondaresort.com\/fr\/wp-json\/wp\/v2\/users\/3"}],"replies":[{"embeddable":true,"href":"https:\/\/amarondaresort.com\/fr\/wp-json\/wp\/v2\/comments?post=4531"}],"version-history":[{"count":0,"href":"https:\/\/amarondaresort.com\/fr\/wp-json\/wp\/v2\/pages\/4531\/revisions"}],"wp:attachment":[{"href":"https:\/\/amarondaresort.com\/fr\/wp-json\/wp\/v2\/media?parent=4531"}],"curies":[{"name":"wp","href":"https:\/\/api.w.org\/{rel}","templated":true}]}}