{"id":4478,"date":"2024-05-23T14:14:20","date_gmt":"2024-05-23T14:14:20","guid":{"rendered":"https:\/\/amarondaresort.com\/?page_id=4478"},"modified":"2024-12-20T14:54:28","modified_gmt":"2024-12-20T14:54:28","slug":"gastronomy","status":"publish","type":"page","link":"https:\/\/amarondaresort.com\/fr\/gastronomy\/","title":{"rendered":"GASTRONOMIE"},"content":{"rendered":"\t\t<div data-elementor-type=\"wp-page\" data-elementor-id=\"4478\" class=\"elementor elementor-4478\" data-elementor-post-type=\"page\">\n\t\t\t\t<div class=\"elementor-element elementor-element-087aee8 e-flex e-con-boxed e-con e-parent\" data-id=\"087aee8\" data-element_type=\"container\" data-e-type=\"container\" data-settings=\"{&quot;background_background&quot;:&quot;classic&quot;,&quot;jet_parallax_layout_list&quot;:[]}\">\n\t\t\t\t\t<div class=\"e-con-inner\">\n\t\t\t\t<div class=\"elementor-element elementor-element-fd88f12 elementor-invisible elementor-widget elementor-widget-heading\" data-id=\"fd88f12\" data-element_type=\"widget\" data-e-type=\"widget\" data-settings=\"{&quot;_animation&quot;:&quot;fadeIn&quot;,&quot;_animation_delay&quot;:300}\" data-widget_type=\"heading.default\">\n\t\t\t\t<div class=\"elementor-widget-container\">\n\t\t\t\t\t<h2 class=\"elementor-heading-title elementor-size-default\">La gastronomie \u00e0<br>\nl'Amaronda Resort &amp; Spa<\/h2>\t\t\t\t<\/div>\n\t\t\t\t<\/div>\n\t\t\t\t<div class=\"elementor-element elementor-element-1c8995d elementor-widget__width-initial elementor-invisible elementor-widget elementor-widget-text-editor\" data-id=\"1c8995d\" data-element_type=\"widget\" data-e-type=\"widget\" data-settings=\"{&quot;_animation&quot;:&quot;fadeIn&quot;,&quot;_animation_delay&quot;:300}\" data-widget_type=\"text-editor.default\">\n\t\t\t\t<div class=\"elementor-widget-container\">\n\t\t\t\t\t\t\t\t\t<p>\u00c0 l&rsquo;Amaronda Resort &amp; Spa, la gastronomie est bien plus qu&rsquo;un repas : c&rsquo;est une forme d&rsquo;art.<\/p>\t\t\t\t\t\t\t\t<\/div>\n\t\t\t\t<\/div>\n\t\t\t\t\t<\/div>\n\t\t\t\t<\/div>\n\t\t<div class=\"elementor-element elementor-element-d830ff9 e-flex e-con-boxed e-con e-parent\" data-id=\"d830ff9\" data-element_type=\"container\" data-e-type=\"container\" data-settings=\"{&quot;jet_parallax_layout_list&quot;:[],&quot;background_background&quot;:&quot;classic&quot;}\">\n\t\t\t\t\t<div class=\"e-con-inner\">\n\t\t\t\t<div class=\"elementor-element elementor-element-ed0969d elementor-widget elementor-widget-image\" data-id=\"ed0969d\" data-element_type=\"widget\" data-e-type=\"widget\" data-widget_type=\"image.default\">\n\t\t\t\t<div class=\"elementor-widget-container\">\n\t\t\t\t\t\t\t\t\t\t\t\t\t\t\t<img fetchpriority=\"high\" decoding=\"async\" width=\"800\" height=\"448\" src=\"https:\/\/amarondaresort.com\/wp-content\/uploads\/2024\/10\/Rectangle-23-3-1024x574.jpg\" class=\"attachment-large size-large wp-image-3445\" alt=\"\" srcset=\"https:\/\/amarondaresort.com\/wp-content\/uploads\/2024\/10\/Rectangle-23-3-1024x574.jpg 1024w, https:\/\/amarondaresort.com\/wp-content\/uploads\/2024\/10\/Rectangle-23-3-300x168.jpg 300w, https:\/\/amarondaresort.com\/wp-content\/uploads\/2024\/10\/Rectangle-23-3-768x430.jpg 768w, https:\/\/amarondaresort.com\/wp-content\/uploads\/2024\/10\/Rectangle-23-3.jpg 1290w\" sizes=\"(max-width: 800px) 100vw, 800px\" \/>\t\t\t\t\t\t\t\t\t\t\t\t\t\t\t<\/div>\n\t\t\t\t<\/div>\n\t\t\t\t\t<\/div>\n\t\t\t\t<\/div>\n\t\t<div class=\"elementor-element elementor-element-0c98100 e-flex e-con-boxed e-con e-parent\" data-id=\"0c98100\" data-element_type=\"container\" data-e-type=\"container\" data-settings=\"{&quot;background_background&quot;:&quot;classic&quot;,&quot;jet_parallax_layout_list&quot;:[]}\">\n\t\t\t\t\t<div class=\"e-con-inner\">\n\t\t<div class=\"elementor-element elementor-element-62d8f71 e-con-full e-flex e-con e-child\" data-id=\"62d8f71\" data-element_type=\"container\" data-e-type=\"container\" data-settings=\"{&quot;jet_parallax_layout_list&quot;:[]}\">\n\t\t\t\t<div class=\"elementor-element elementor-element-ff82292 elementor-widget elementor-widget-heading\" data-id=\"ff82292\" data-element_type=\"widget\" data-e-type=\"widget\" data-widget_type=\"heading.default\">\n\t\t\t\t<div class=\"elementor-widget-container\">\n\t\t\t\t\t<h2 class=\"elementor-heading-title elementor-size-default\">Gastronomie<\/h2>\t\t\t\t<\/div>\n\t\t\t\t<\/div>\n\t\t\t\t<div class=\"elementor-element elementor-element-132b851 elementor-widget__width-inherit elementor-widget elementor-widget-text-editor\" data-id=\"132b851\" data-element_type=\"widget\" data-e-type=\"widget\" data-widget_type=\"text-editor.default\">\n\t\t\t\t<div class=\"elementor-widget-container\">\n\t\t\t\t\t\t\t\t\t<p>Avec notre s\u00e9lection de restaurants et de bars, nous vous invitons \u00e0 d\u00e9couvrir une gamme vari\u00e9e de saveurs, de textures et d&rsquo;ar\u00f4mes, tous soigneusement pr\u00e9par\u00e9s pour ravir vos sens. Que vous recherchiez des saveurs m\u00e9diterran\u00e9ennes traditionnelles, une fusion de saveurs exotiques ou des cocktails rafra\u00eechissants au bord de la plage, chaque exp\u00e9rience culinaire est con\u00e7ue pour rendre votre s\u00e9jour inoubliable.<\/p>\t\t\t\t\t\t\t\t<\/div>\n\t\t\t\t<\/div>\n\t\t\t\t<\/div>\n\t\t\t\t\t<\/div>\n\t\t\t\t<\/div>\n\t\t<div class=\"elementor-element elementor-element-0628eb9 e-flex e-con-boxed e-con e-parent\" data-id=\"0628eb9\" data-element_type=\"container\" data-e-type=\"container\" data-settings=\"{&quot;background_background&quot;:&quot;classic&quot;,&quot;jet_parallax_layout_list&quot;:[]}\">\n\t\t\t\t\t<div class=\"e-con-inner\">\n\t\t\t\t<div class=\"elementor-element elementor-element-b97d2dc elementor-invisible elementor-widget elementor-widget-heading\" data-id=\"b97d2dc\" data-element_type=\"widget\" data-e-type=\"widget\" data-settings=\"{&quot;_animation&quot;:&quot;fadeIn&quot;,&quot;_animation_delay&quot;:200}\" data-widget_type=\"heading.default\">\n\t\t\t\t<div class=\"elementor-widget-container\">\n\t\t\t\t\t<h2 class=\"elementor-heading-title elementor-size-default\">Nos Restaurants<\/h2>\t\t\t\t<\/div>\n\t\t\t\t<\/div>\n\t\t<div class=\"elementor-element elementor-element-3fed48b e-flex e-con-boxed e-con e-child\" data-id=\"3fed48b\" data-element_type=\"container\" data-e-type=\"container\" data-settings=\"{&quot;jet_parallax_layout_list&quot;:[]}\">\n\t\t\t\t\t<div class=\"e-con-inner\">\n\t\t<div class=\"elementor-element elementor-element-b08f3ea e-flex e-con-boxed elementor-invisible e-con e-child\" data-id=\"b08f3ea\" data-element_type=\"container\" data-e-type=\"container\" data-settings=\"{&quot;jet_parallax_layout_list&quot;:[],&quot;background_background&quot;:&quot;classic&quot;,&quot;animation&quot;:&quot;fadeIn&quot;,&quot;animation_delay&quot;:150}\">\n\t\t\t\t\t<div class=\"e-con-inner\">\n\t\t<div class=\"elementor-element elementor-element-76b525f e-flex e-con-boxed e-con e-child\" data-id=\"76b525f\" data-element_type=\"container\" data-e-type=\"container\" data-settings=\"{&quot;background_background&quot;:&quot;classic&quot;,&quot;jet_parallax_layout_list&quot;:[]}\">\n\t\t\t\t\t<div class=\"e-con-inner\">\n\t\t\t\t\t<\/div>\n\t\t\t\t<\/div>\n\t\t\t\t\t<\/div>\n\t\t\t\t<\/div>\n\t\t<div class=\"elementor-element elementor-element-6f45f04 e-flex e-con-boxed elementor-invisible e-con e-child\" data-id=\"6f45f04\" data-element_type=\"container\" data-e-type=\"container\" data-settings=\"{&quot;jet_parallax_layout_list&quot;:[],&quot;background_background&quot;:&quot;classic&quot;,&quot;animation&quot;:&quot;fadeIn&quot;,&quot;animation_delay&quot;:300}\">\n\t\t\t\t\t<div class=\"e-con-inner\">\n\t\t<div class=\"elementor-element elementor-element-bd780de e-flex e-con-boxed e-con e-child\" data-id=\"bd780de\" data-element_type=\"container\" data-e-type=\"container\" data-settings=\"{&quot;background_background&quot;:&quot;classic&quot;,&quot;jet_parallax_layout_list&quot;:[]}\">\n\t\t\t\t\t<div class=\"e-con-inner\">\n\t\t\t\t\t<\/div>\n\t\t\t\t<\/div>\n\t\t\t\t\t<\/div>\n\t\t\t\t<\/div>\n\t\t<div class=\"elementor-element elementor-element-cb685cc e-flex e-con-boxed elementor-invisible e-con e-child\" data-id=\"cb685cc\" data-element_type=\"container\" data-e-type=\"container\" data-settings=\"{&quot;jet_parallax_layout_list&quot;:[],&quot;background_background&quot;:&quot;classic&quot;,&quot;animation&quot;:&quot;fadeIn&quot;,&quot;animation_delay&quot;:450}\">\n\t\t\t\t\t<div class=\"e-con-inner\">\n\t\t<div class=\"elementor-element elementor-element-d8199fd e-flex e-con-boxed e-con e-child\" data-id=\"d8199fd\" data-element_type=\"container\" data-e-type=\"container\" data-settings=\"{&quot;background_background&quot;:&quot;classic&quot;,&quot;jet_parallax_layout_list&quot;:[]}\">\n\t\t\t\t\t<div class=\"e-con-inner\">\n\t\t\t\t\t<\/div>\n\t\t\t\t<\/div>\n\t\t\t\t\t<\/div>\n\t\t\t\t<\/div>\n\t\t\t\t\t<\/div>\n\t\t\t\t<\/div>\n\t\t\t\t<div class=\"elementor-element elementor-element-1ff25a3 elementor-widget__width-initial elementor-invisible elementor-widget elementor-widget-text-editor\" data-id=\"1ff25a3\" data-element_type=\"widget\" data-e-type=\"widget\" data-settings=\"{&quot;_animation&quot;:&quot;fadeIn&quot;,&quot;_animation_delay&quot;:300}\" data-widget_type=\"text-editor.default\">\n\t\t\t\t<div class=\"elementor-widget-container\">\n\t\t\t\t\t\t\t\t\t<p>Ammos capture l&rsquo;essence de la cuisine m\u00e9diterran\u00e9enne, en servant des ingr\u00e9dients frais et locaux avec une touche cr\u00e9ative. Savourez une large s\u00e9lection de sp\u00e9cialit\u00e9s grecques, des fruits de mer grill\u00e9s, des salades multicolores, tout en profitant d&rsquo;une vue imprenable sur la mer \u00c9g\u00e9e. Gr\u00e2ce \u00e0 son atmosph\u00e8re d\u00e9tendue et son engagement envers l&rsquo;authenticit\u00e9, Ammos est un endroit parfait pour les d\u00e9jeuners d\u00e9contract\u00e9s et les d\u00eeners m\u00e9morables.<\/p><p>Nooroz propose une ambiance \u00e0 la fois sophistiqu\u00e9e et chaleureuse, o\u00f9 les \u00e9pices, les textures et les techniques de cuisson se marient pour cr\u00e9er des plats aussi color\u00e9s que d\u00e9licieux. C&rsquo;est ici que les traditions culinaires rencontrent l&rsquo;innovation moderne, cr\u00e9ant une exp\u00e9rience gastronomique \u00e0 la fois passionnante et inoubliable.<\/p>\t\t\t\t\t\t\t\t<\/div>\n\t\t\t\t<\/div>\n\t\t\t\t<div class=\"elementor-element elementor-element-07d128a elementor-align-center elementor-mobile-align-justify elementor-widget elementor-widget-button\" data-id=\"07d128a\" data-element_type=\"widget\" data-e-type=\"widget\" data-widget_type=\"button.default\">\n\t\t\t\t<div class=\"elementor-widget-container\">\n\t\t\t\t\t\t\t\t\t<div class=\"elementor-button-wrapper\">\n\t\t\t\t\t<a class=\"elementor-button elementor-button-link elementor-size-sm\" href=\"https:\/\/amarondaresort.com\/en\/restaurants\/\">\n\t\t\t\t\t\t<span class=\"elementor-button-content-wrapper\">\n\t\t\t\t\t\t\t\t\t<span class=\"elementor-button-text\">A la d\u00e9couverte des restaurants <\/span>\n\t\t\t\t\t<\/span>\n\t\t\t\t\t<\/a>\n\t\t\t\t<\/div>\n\t\t\t\t\t\t\t\t<\/div>\n\t\t\t\t<\/div>\n\t\t\t\t\t<\/div>\n\t\t\t\t<\/div>\n\t\t<div class=\"elementor-element elementor-element-0dfa614 e-flex e-con-boxed e-con e-parent\" data-id=\"0dfa614\" data-element_type=\"container\" data-e-type=\"container\" data-settings=\"{&quot;background_background&quot;:&quot;classic&quot;,&quot;jet_parallax_layout_list&quot;:[]}\">\n\t\t\t\t\t<div class=\"e-con-inner\">\n\t\t\t\t<div class=\"elementor-element elementor-element-62d2590 elementor-invisible elementor-widget elementor-widget-heading\" data-id=\"62d2590\" data-element_type=\"widget\" data-e-type=\"widget\" data-settings=\"{&quot;_animation&quot;:&quot;fadeIn&quot;,&quot;_animation_delay&quot;:200}\" data-widget_type=\"heading.default\">\n\t\t\t\t<div class=\"elementor-widget-container\">\n\t\t\t\t\t<h2 class=\"elementor-heading-title elementor-size-default\">Nos bars<\/h2>\t\t\t\t<\/div>\n\t\t\t\t<\/div>\n\t\t<div class=\"elementor-element elementor-element-e774cd1 e-flex e-con-boxed e-con e-child\" data-id=\"e774cd1\" data-element_type=\"container\" data-e-type=\"container\" data-settings=\"{&quot;jet_parallax_layout_list&quot;:[]}\">\n\t\t\t\t\t<div class=\"e-con-inner\">\n\t\t<div class=\"elementor-element elementor-element-8a08521 e-flex e-con-boxed elementor-invisible e-con e-child\" data-id=\"8a08521\" data-element_type=\"container\" data-e-type=\"container\" data-settings=\"{&quot;jet_parallax_layout_list&quot;:[],&quot;background_background&quot;:&quot;classic&quot;,&quot;animation&quot;:&quot;fadeIn&quot;,&quot;animation_delay&quot;:150}\">\n\t\t\t\t\t<div class=\"e-con-inner\">\n\t\t<div class=\"elementor-element elementor-element-faf7012 e-flex e-con-boxed e-con e-child\" data-id=\"faf7012\" data-element_type=\"container\" data-e-type=\"container\" data-settings=\"{&quot;background_background&quot;:&quot;classic&quot;,&quot;jet_parallax_layout_list&quot;:[]}\">\n\t\t\t\t\t<div class=\"e-con-inner\">\n\t\t\t\t\t<\/div>\n\t\t\t\t<\/div>\n\t\t\t\t\t<\/div>\n\t\t\t\t<\/div>\n\t\t<div class=\"elementor-element elementor-element-da8c3b5 e-flex e-con-boxed elementor-invisible e-con e-child\" data-id=\"da8c3b5\" data-element_type=\"container\" data-e-type=\"container\" data-settings=\"{&quot;jet_parallax_layout_list&quot;:[],&quot;background_background&quot;:&quot;classic&quot;,&quot;animation&quot;:&quot;fadeIn&quot;,&quot;animation_delay&quot;:300}\">\n\t\t\t\t\t<div class=\"e-con-inner\">\n\t\t<div class=\"elementor-element elementor-element-f96e89b e-flex e-con-boxed e-con e-child\" data-id=\"f96e89b\" data-element_type=\"container\" data-e-type=\"container\" data-settings=\"{&quot;background_background&quot;:&quot;classic&quot;,&quot;jet_parallax_layout_list&quot;:[]}\">\n\t\t\t\t\t<div class=\"e-con-inner\">\n\t\t\t\t\t<\/div>\n\t\t\t\t<\/div>\n\t\t\t\t\t<\/div>\n\t\t\t\t<\/div>\n\t\t<div class=\"elementor-element elementor-element-e77dcb8 e-flex e-con-boxed elementor-invisible e-con e-child\" data-id=\"e77dcb8\" data-element_type=\"container\" data-e-type=\"container\" data-settings=\"{&quot;jet_parallax_layout_list&quot;:[],&quot;background_background&quot;:&quot;classic&quot;,&quot;animation&quot;:&quot;fadeIn&quot;,&quot;animation_delay&quot;:450}\">\n\t\t\t\t\t<div class=\"e-con-inner\">\n\t\t<div class=\"elementor-element elementor-element-ffb07dc e-flex e-con-boxed e-con e-child\" data-id=\"ffb07dc\" data-element_type=\"container\" data-e-type=\"container\" data-settings=\"{&quot;background_background&quot;:&quot;classic&quot;,&quot;jet_parallax_layout_list&quot;:[]}\">\n\t\t\t\t\t<div class=\"e-con-inner\">\n\t\t\t\t\t<\/div>\n\t\t\t\t<\/div>\n\t\t\t\t\t<\/div>\n\t\t\t\t<\/div>\n\t\t\t\t\t<\/div>\n\t\t\t\t<\/div>\n\t\t\t\t<div class=\"elementor-element elementor-element-9000691 elementor-widget__width-initial elementor-invisible elementor-widget elementor-widget-text-editor\" data-id=\"9000691\" data-element_type=\"widget\" data-e-type=\"widget\" data-settings=\"{&quot;_animation&quot;:&quot;fadeIn&quot;,&quot;_animation_delay&quot;:300}\" data-widget_type=\"text-editor.default\">\n\t\t\t\t<div class=\"elementor-widget-container\">\n\t\t\t\t\t\t\t\t\t<p>Pour ceux qui souhaitent se rafra\u00eechir sous le soleil, Ammos Beach Bar est l&rsquo;endroit id\u00e9al pour s&rsquo;\u00e9vader. Situ\u00e9 directement sur la plage de sable, ce havre de paix en bord de mer propose une large s\u00e9lection de cocktails, mocktails et en-cas l\u00e9gers. Que vous vous d\u00e9tendiez apr\u00e8s une baignade ou que vous regardiez le coucher du soleil, Ammos Beach Bar est l&rsquo;endroit id\u00e9al pour se d\u00e9tendre.<\/p><p>Chez Ritrovo, sophistication rime avec d\u00e9tente. Situ\u00e9 pr\u00e8s de la piscine, ce bar \u00e9l\u00e9gant propose un vaste choix de boissons, allant des cocktails signatures aux vins et bi\u00e8res raffin\u00e9s.<\/p>\t\t\t\t\t\t\t\t<\/div>\n\t\t\t\t<\/div>\n\t\t\t\t<div class=\"elementor-element elementor-element-553ac67 elementor-align-center elementor-mobile-align-justify elementor-widget elementor-widget-button\" data-id=\"553ac67\" data-element_type=\"widget\" data-e-type=\"widget\" data-widget_type=\"button.default\">\n\t\t\t\t<div class=\"elementor-widget-container\">\n\t\t\t\t\t\t\t\t\t<div class=\"elementor-button-wrapper\">\n\t\t\t\t\t<a class=\"elementor-button elementor-button-link elementor-size-sm\" href=\"https:\/\/amarondaresort.com\/en\/bars\/\">\n\t\t\t\t\t\t<span class=\"elementor-button-content-wrapper\">\n\t\t\t\t\t\t\t\t\t<span class=\"elementor-button-text\">A la d\u00e9couverte des bars<\/span>\n\t\t\t\t\t<\/span>\n\t\t\t\t\t<\/a>\n\t\t\t\t<\/div>\n\t\t\t\t\t\t\t\t<\/div>\n\t\t\t\t<\/div>\n\t\t\t\t\t<\/div>\n\t\t\t\t<\/div>\n\t\t<div class=\"elementor-element elementor-element-ad6669b e-flex e-con-boxed e-con e-parent\" data-id=\"ad6669b\" data-element_type=\"container\" data-e-type=\"container\" data-settings=\"{&quot;background_background&quot;:&quot;classic&quot;,&quot;jet_parallax_layout_list&quot;:[]}\">\n\t\t\t\t\t<div class=\"e-con-inner\">\n\t\t\t\t\t<\/div>\n\t\t\t\t<\/div>\n\t\t\t\t<\/div>\n\t\t","protected":false},"excerpt":{"rendered":"<p>La gastronomie \u00e0 l&rsquo;Amaronda Resort &amp; Spa \u00c0 l&rsquo;Amaronda Resort &amp; Spa, la gastronomie est bien plus qu&rsquo;un repas : c&rsquo;est une forme d&rsquo;art. Gastronomie Avec notre s\u00e9lection de restaurants et de bars, nous vous invitons \u00e0 d\u00e9couvrir une gamme vari\u00e9e de saveurs, de textures et d&rsquo;ar\u00f4mes, tous soigneusement pr\u00e9par\u00e9s pour ravir vos sens. Que [&hellip;]<\/p>\n","protected":false},"author":3,"featured_media":0,"parent":0,"menu_order":0,"comment_status":"closed","ping_status":"closed","template":"","meta":{"footnotes":""},"class_list":["post-4478","page","type-page","status-publish","hentry"],"yoast_head":"<!-- This site is optimized with the Yoast SEO plugin v27.2 - https:\/\/yoast.com\/product\/yoast-seo-wordpress\/ -->\n<title>GASTRONOMIE - Amaronda Resort<\/title>\n<meta name=\"robots\" content=\"index, follow, max-snippet:-1, max-image-preview:large, max-video-preview:-1\" \/>\n<link rel=\"canonical\" href=\"https:\/\/amarondaresort.com\/fr\/gastronomy\/\" \/>\n<meta property=\"og:locale\" content=\"fr_FR\" \/>\n<meta property=\"og:type\" content=\"article\" \/>\n<meta property=\"og:title\" content=\"GASTRONOMIE - Amaronda Resort\" \/>\n<meta property=\"og:description\" content=\"La gastronomie \u00e0 l&rsquo;Amaronda Resort &amp; Spa \u00c0 l&rsquo;Amaronda Resort &amp; Spa, la gastronomie est bien plus qu&rsquo;un repas : c&rsquo;est une forme d&rsquo;art. Gastronomie Avec notre s\u00e9lection de restaurants et de bars, nous vous invitons \u00e0 d\u00e9couvrir une gamme vari\u00e9e de saveurs, de textures et d&rsquo;ar\u00f4mes, tous soigneusement pr\u00e9par\u00e9s pour ravir vos sens. Que [&hellip;]\" \/>\n<meta property=\"og:url\" content=\"https:\/\/amarondaresort.com\/fr\/gastronomy\/\" \/>\n<meta property=\"og:site_name\" content=\"Amaronda Resort\" \/>\n<meta property=\"article:modified_time\" content=\"2024-12-20T14:54:28+00:00\" \/>\n<meta property=\"og:image\" content=\"https:\/\/amarondaresort.com\/wp-content\/uploads\/2024\/10\/Rectangle-23-3.jpg\" \/>\n\t<meta property=\"og:image:width\" content=\"1290\" \/>\n\t<meta property=\"og:image:height\" content=\"723\" \/>\n\t<meta property=\"og:image:type\" content=\"image\/jpeg\" \/>\n<meta name=\"twitter:card\" content=\"summary_large_image\" \/>\n<meta name=\"twitter:label1\" content=\"Dur\u00e9e de lecture estim\u00e9e\" \/>\n\t<meta name=\"twitter:data1\" content=\"2 minutes\" \/>\n<script type=\"application\/ld+json\" class=\"yoast-schema-graph\">{\"@context\":\"https:\/\/schema.org\",\"@graph\":[{\"@type\":\"WebPage\",\"@id\":\"https:\/\/amarondaresort.com\/fr\/gastronomy\/\",\"url\":\"https:\/\/amarondaresort.com\/fr\/gastronomy\/\",\"name\":\"GASTRONOMIE - Amaronda Resort\",\"isPartOf\":{\"@id\":\"https:\/\/amarondaresort.com\/fr\/#website\"},\"primaryImageOfPage\":{\"@id\":\"https:\/\/amarondaresort.com\/fr\/gastronomy\/#primaryimage\"},\"image\":{\"@id\":\"https:\/\/amarondaresort.com\/fr\/gastronomy\/#primaryimage\"},\"thumbnailUrl\":\"https:\/\/amarondaresort.com\/wp-content\/uploads\/2024\/10\/Rectangle-23-3-1024x574.jpg\",\"datePublished\":\"2024-05-23T14:14:20+00:00\",\"dateModified\":\"2024-12-20T14:54:28+00:00\",\"breadcrumb\":{\"@id\":\"https:\/\/amarondaresort.com\/fr\/gastronomy\/#breadcrumb\"},\"inLanguage\":\"fr-FR\",\"potentialAction\":[{\"@type\":\"ReadAction\",\"target\":[\"https:\/\/amarondaresort.com\/fr\/gastronomy\/\"]}]},{\"@type\":\"ImageObject\",\"inLanguage\":\"fr-FR\",\"@id\":\"https:\/\/amarondaresort.com\/fr\/gastronomy\/#primaryimage\",\"url\":\"https:\/\/amarondaresort.com\/wp-content\/uploads\/2024\/10\/Rectangle-23-3-1024x574.jpg\",\"contentUrl\":\"https:\/\/amarondaresort.com\/wp-content\/uploads\/2024\/10\/Rectangle-23-3-1024x574.jpg\"},{\"@type\":\"BreadcrumbList\",\"@id\":\"https:\/\/amarondaresort.com\/fr\/gastronomy\/#breadcrumb\",\"itemListElement\":[{\"@type\":\"ListItem\",\"position\":1,\"name\":\"Home\",\"item\":\"https:\/\/amarondaresort.com\/fr\/\"},{\"@type\":\"ListItem\",\"position\":2,\"name\":\"GASTRONOMIE\"}]},{\"@type\":\"WebSite\",\"@id\":\"https:\/\/amarondaresort.com\/fr\/#website\",\"url\":\"https:\/\/amarondaresort.com\/fr\/\",\"name\":\"Amaronda Resort\",\"description\":\"Experience the freedom\",\"potentialAction\":[{\"@type\":\"SearchAction\",\"target\":{\"@type\":\"EntryPoint\",\"urlTemplate\":\"https:\/\/amarondaresort.com\/fr\/?s={search_term_string}\"},\"query-input\":{\"@type\":\"PropertyValueSpecification\",\"valueRequired\":true,\"valueName\":\"search_term_string\"}}],\"inLanguage\":\"fr-FR\"}]}<\/script>\n<!-- \/ Yoast SEO plugin. -->","yoast_head_json":{"title":"GASTRONOMIE - Amaronda Resort","robots":{"index":"index","follow":"follow","max-snippet":"max-snippet:-1","max-image-preview":"max-image-preview:large","max-video-preview":"max-video-preview:-1"},"canonical":"https:\/\/amarondaresort.com\/fr\/gastronomy\/","og_locale":"fr_FR","og_type":"article","og_title":"GASTRONOMIE - Amaronda Resort","og_description":"La gastronomie \u00e0 l&rsquo;Amaronda Resort &amp; Spa \u00c0 l&rsquo;Amaronda Resort &amp; Spa, la gastronomie est bien plus qu&rsquo;un repas : c&rsquo;est une forme d&rsquo;art. Gastronomie Avec notre s\u00e9lection de restaurants et de bars, nous vous invitons \u00e0 d\u00e9couvrir une gamme vari\u00e9e de saveurs, de textures et d&rsquo;ar\u00f4mes, tous soigneusement pr\u00e9par\u00e9s pour ravir vos sens. Que [&hellip;]","og_url":"https:\/\/amarondaresort.com\/fr\/gastronomy\/","og_site_name":"Amaronda Resort","article_modified_time":"2024-12-20T14:54:28+00:00","og_image":[{"width":1290,"height":723,"url":"https:\/\/amarondaresort.com\/wp-content\/uploads\/2024\/10\/Rectangle-23-3.jpg","type":"image\/jpeg"}],"twitter_card":"summary_large_image","twitter_misc":{"Dur\u00e9e de lecture estim\u00e9e":"2 minutes"},"schema":{"@context":"https:\/\/schema.org","@graph":[{"@type":"WebPage","@id":"https:\/\/amarondaresort.com\/fr\/gastronomy\/","url":"https:\/\/amarondaresort.com\/fr\/gastronomy\/","name":"GASTRONOMIE - Amaronda Resort","isPartOf":{"@id":"https:\/\/amarondaresort.com\/fr\/#website"},"primaryImageOfPage":{"@id":"https:\/\/amarondaresort.com\/fr\/gastronomy\/#primaryimage"},"image":{"@id":"https:\/\/amarondaresort.com\/fr\/gastronomy\/#primaryimage"},"thumbnailUrl":"https:\/\/amarondaresort.com\/wp-content\/uploads\/2024\/10\/Rectangle-23-3-1024x574.jpg","datePublished":"2024-05-23T14:14:20+00:00","dateModified":"2024-12-20T14:54:28+00:00","breadcrumb":{"@id":"https:\/\/amarondaresort.com\/fr\/gastronomy\/#breadcrumb"},"inLanguage":"fr-FR","potentialAction":[{"@type":"ReadAction","target":["https:\/\/amarondaresort.com\/fr\/gastronomy\/"]}]},{"@type":"ImageObject","inLanguage":"fr-FR","@id":"https:\/\/amarondaresort.com\/fr\/gastronomy\/#primaryimage","url":"https:\/\/amarondaresort.com\/wp-content\/uploads\/2024\/10\/Rectangle-23-3-1024x574.jpg","contentUrl":"https:\/\/amarondaresort.com\/wp-content\/uploads\/2024\/10\/Rectangle-23-3-1024x574.jpg"},{"@type":"BreadcrumbList","@id":"https:\/\/amarondaresort.com\/fr\/gastronomy\/#breadcrumb","itemListElement":[{"@type":"ListItem","position":1,"name":"Home","item":"https:\/\/amarondaresort.com\/fr\/"},{"@type":"ListItem","position":2,"name":"GASTRONOMIE"}]},{"@type":"WebSite","@id":"https:\/\/amarondaresort.com\/fr\/#website","url":"https:\/\/amarondaresort.com\/fr\/","name":"Amaronda Resort","description":"Experience the freedom","potentialAction":[{"@type":"SearchAction","target":{"@type":"EntryPoint","urlTemplate":"https:\/\/amarondaresort.com\/fr\/?s={search_term_string}"},"query-input":{"@type":"PropertyValueSpecification","valueRequired":true,"valueName":"search_term_string"}}],"inLanguage":"fr-FR"}]}},"_links":{"self":[{"href":"https:\/\/amarondaresort.com\/fr\/wp-json\/wp\/v2\/pages\/4478","targetHints":{"allow":["GET"]}}],"collection":[{"href":"https:\/\/amarondaresort.com\/fr\/wp-json\/wp\/v2\/pages"}],"about":[{"href":"https:\/\/amarondaresort.com\/fr\/wp-json\/wp\/v2\/types\/page"}],"author":[{"embeddable":true,"href":"https:\/\/amarondaresort.com\/fr\/wp-json\/wp\/v2\/users\/3"}],"replies":[{"embeddable":true,"href":"https:\/\/amarondaresort.com\/fr\/wp-json\/wp\/v2\/comments?post=4478"}],"version-history":[{"count":0,"href":"https:\/\/amarondaresort.com\/fr\/wp-json\/wp\/v2\/pages\/4478\/revisions"}],"wp:attachment":[{"href":"https:\/\/amarondaresort.com\/fr\/wp-json\/wp\/v2\/media?parent=4478"}],"curies":[{"name":"wp","href":"https:\/\/api.w.org\/{rel}","templated":true}]}}