{"id":4462,"date":"2024-07-01T12:46:13","date_gmt":"2024-07-01T12:46:13","guid":{"rendered":"https:\/\/amarondaresort.com\/?page_id=4462"},"modified":"2024-12-20T14:56:56","modified_gmt":"2024-12-20T14:56:56","slug":"experiences","status":"publish","type":"page","link":"https:\/\/amarondaresort.com\/fr\/experiences\/","title":{"rendered":"Exp\u00e9riences"},"content":{"rendered":"\t\t<div data-elementor-type=\"wp-page\" data-elementor-id=\"4462\" class=\"elementor elementor-4462 elementor-1919\" data-elementor-post-type=\"page\">\n\t\t\t\t<div class=\"elementor-element elementor-element-78b2c25 e-flex e-con-boxed e-con e-parent\" data-id=\"78b2c25\" data-element_type=\"container\" data-e-type=\"container\" data-settings=\"{&quot;background_background&quot;:&quot;classic&quot;,&quot;jet_parallax_layout_list&quot;:[]}\">\n\t\t\t\t\t<div class=\"e-con-inner\">\n\t\t\t\t<div class=\"elementor-element elementor-element-74bd4dc elementor-invisible elementor-widget elementor-widget-heading\" data-id=\"74bd4dc\" data-element_type=\"widget\" data-e-type=\"widget\" data-settings=\"{&quot;_animation&quot;:&quot;fadeIn&quot;,&quot;_animation_delay&quot;:300}\" data-widget_type=\"heading.default\">\n\t\t\t\t<div class=\"elementor-widget-container\">\n\t\t\t\t\t<h2 class=\"elementor-heading-title elementor-size-default\">Exp\u00e9riences<\/h2>\t\t\t\t<\/div>\n\t\t\t\t<\/div>\n\t\t\t\t<div class=\"elementor-element elementor-element-0afd5a0 elementor-widget__width-initial elementor-invisible elementor-widget elementor-widget-text-editor\" data-id=\"0afd5a0\" data-element_type=\"widget\" data-e-type=\"widget\" data-settings=\"{&quot;_animation&quot;:&quot;fadeIn&quot;,&quot;_animation_delay&quot;:300}\" data-widget_type=\"text-editor.default\">\n\t\t\t\t<div class=\"elementor-widget-container\">\n\t\t\t\t\t\t\t\t\t<p>\u00c0 l&rsquo;Amaronda Resort &amp; Spa, profitez d&rsquo;un m\u00e9lange d&rsquo;aventure et de d\u00e9tente gr\u00e2ce au tennis, au basket-ball, \u00e0 nos croisi\u00e8res exclusives et \u00e0 notre spa luxueux.<\/p>\t\t\t\t\t\t\t\t<\/div>\n\t\t\t\t<\/div>\n\t\t\t\t\t<\/div>\n\t\t\t\t<\/div>\n\t\t<div class=\"elementor-element elementor-element-5b7c6be e-flex e-con-boxed e-con e-parent\" data-id=\"5b7c6be\" data-element_type=\"container\" data-e-type=\"container\" data-settings=\"{&quot;jet_parallax_layout_list&quot;:[]}\">\n\t\t\t\t\t<div class=\"e-con-inner\">\n\t\t\t\t<div class=\"elementor-element elementor-element-1a8683c elementor-widget elementor-widget-image\" data-id=\"1a8683c\" data-element_type=\"widget\" data-e-type=\"widget\" data-widget_type=\"image.default\">\n\t\t\t\t<div class=\"elementor-widget-container\">\n\t\t\t\t\t\t\t\t\t\t\t\t\t\t\t<img fetchpriority=\"high\" decoding=\"async\" width=\"800\" height=\"599\" src=\"https:\/\/amarondaresort.com\/wp-content\/uploads\/2024\/10\/experiences-hero-1024x767.jpg\" class=\"attachment-large size-large wp-image-4465\" alt=\"\" srcset=\"https:\/\/amarondaresort.com\/wp-content\/uploads\/2024\/10\/experiences-hero-1024x767.jpg 1024w, https:\/\/amarondaresort.com\/wp-content\/uploads\/2024\/10\/experiences-hero-300x225.jpg 300w, https:\/\/amarondaresort.com\/wp-content\/uploads\/2024\/10\/experiences-hero-768x575.jpg 768w, https:\/\/amarondaresort.com\/wp-content\/uploads\/2024\/10\/experiences-hero.jpg 1300w\" sizes=\"(max-width: 800px) 100vw, 800px\" \/>\t\t\t\t\t\t\t\t\t\t\t\t\t\t\t<\/div>\n\t\t\t\t<\/div>\n\t\t\t\t\t<\/div>\n\t\t\t\t<\/div>\n\t\t<div class=\"elementor-element elementor-element-d67ca04 e-flex e-con-boxed e-con e-parent\" data-id=\"d67ca04\" data-element_type=\"container\" data-e-type=\"container\" data-settings=\"{&quot;background_background&quot;:&quot;classic&quot;,&quot;jet_parallax_layout_list&quot;:[]}\">\n\t\t\t\t\t<div class=\"e-con-inner\">\n\t\t<div class=\"elementor-element elementor-element-f6a80b9 e-con-full e-flex e-con e-child\" data-id=\"f6a80b9\" data-element_type=\"container\" data-e-type=\"container\" data-settings=\"{&quot;jet_parallax_layout_list&quot;:[]}\">\n\t\t\t\t<div class=\"elementor-element elementor-element-bd10373 elementor-widget elementor-widget-heading\" data-id=\"bd10373\" data-element_type=\"widget\" data-e-type=\"widget\" data-widget_type=\"heading.default\">\n\t\t\t\t<div class=\"elementor-widget-container\">\n\t\t\t\t\t<h2 class=\"elementor-heading-title elementor-size-default\">Votre s\u00e9jour \u00e0 l'Amaronda<\/h2>\t\t\t\t<\/div>\n\t\t\t\t<\/div>\n\t\t\t\t<div class=\"elementor-element elementor-element-238beed elementor-widget__width-inherit elementor-widget elementor-widget-text-editor\" data-id=\"238beed\" data-element_type=\"widget\" data-e-type=\"widget\" data-widget_type=\"text-editor.default\">\n\t\t\t\t<div class=\"elementor-widget-container\">\n\t\t\t\t\t\t\t\t\t<p>\u00c0 l&rsquo;Amaronda Resort &amp; Spa, chaque instant est une occasion de d\u00e9couverte et de d\u00e9tente. Que vous soyez en qu\u00eate d&rsquo;aventure ou de tranquillit\u00e9, les exp\u00e9riences que nous vous proposons sont adapt\u00e9es \u00e0 chacun. Plongez dans les eaux cristallines gr\u00e2ce \u00e0 nos croisi\u00e8res exclusives en bateau \u00e0 moteur du Blue Lemur, explorez des plages cach\u00e9es ou profitez d&rsquo;une baignade tranquille dans notre piscine sereine. Pour les plus actifs, vous pouvez profiter de nos courts de tennis ou participer \u00e0 une partie de volley-ball ou de basket-ball sur notre terrain multisports. Gardez la forme dans notre salle de sport ultramoderne ou admirez la beaut\u00e9 de l\u2019\u00eele d\u2019Eub\u00e9e \u00e0 travers ses itin\u00e9raires pittoresques, en louant un v\u00e9lo gr\u00e2ce \u00e0 notre service de location.<\/p>\t\t\t\t\t\t\t\t<\/div>\n\t\t\t\t<\/div>\n\t\t\t\t<div class=\"elementor-element elementor-element-65cdbbf elementor-align-center elementor-invisible elementor-widget elementor-widget-button\" data-id=\"65cdbbf\" data-element_type=\"widget\" data-e-type=\"widget\" data-settings=\"{&quot;_animation&quot;:&quot;fadeIn&quot;,&quot;_animation_delay&quot;:400}\" data-widget_type=\"button.default\">\n\t\t\t\t<div class=\"elementor-widget-container\">\n\t\t\t\t\t\t\t\t\t<div class=\"elementor-button-wrapper\">\n\t\t\t\t\t<a class=\"elementor-button elementor-button-link elementor-size-sm\" href=\"https:\/\/amaronda.reserve-online.net\/\">\n\t\t\t\t\t\t<span class=\"elementor-button-content-wrapper\">\n\t\t\t\t\t\t\t\t\t<span class=\"elementor-button-text\">PLANNIFIEZ VOTRE VISITE<\/span>\n\t\t\t\t\t<\/span>\n\t\t\t\t\t<\/a>\n\t\t\t\t<\/div>\n\t\t\t\t\t\t\t\t<\/div>\n\t\t\t\t<\/div>\n\t\t\t\t<\/div>\n\t\t\t\t\t<\/div>\n\t\t\t\t<\/div>\n\t\t<div class=\"elementor-element elementor-element-e1fc831 e-con-full e-flex e-con e-parent\" data-id=\"e1fc831\" data-element_type=\"container\" data-e-type=\"container\" data-settings=\"{&quot;jet_parallax_layout_list&quot;:[]}\">\n\t\t\t\t<div class=\"elementor-element elementor-element-9ac30ee elementor-widget elementor-widget-template\" data-id=\"9ac30ee\" data-element_type=\"widget\" data-e-type=\"widget\" data-widget_type=\"template.default\">\n\t\t\t\t<div class=\"elementor-widget-container\">\n\t\t\t\t\t\t\t<div class=\"elementor-template\">\n\t\t\t\t\t<div data-elementor-type=\"section\" data-elementor-id=\"4308\" class=\"elementor elementor-4308 elementor-1711 elementor-1711\" data-elementor-post-type=\"elementor_library\">\n\t\t\t<div class=\"elementor-element elementor-element-a09ef34 e-con-full e-flex e-con e-parent\" data-id=\"a09ef34\" data-element_type=\"container\" data-e-type=\"container\" data-settings=\"{&quot;background_background&quot;:&quot;classic&quot;,&quot;jet_parallax_layout_list&quot;:[]}\">\n\t\t<div class=\"elementor-element elementor-element-ad84c6e e-con-full e-flex e-con e-child\" data-id=\"ad84c6e\" data-element_type=\"container\" data-e-type=\"container\" data-settings=\"{&quot;jet_parallax_layout_list&quot;:[]}\">\n\t\t<div class=\"elementor-element elementor-element-5755b8b e-con-full e-flex elementor-invisible e-con e-child\" data-id=\"5755b8b\" data-element_type=\"container\" data-e-type=\"container\" data-settings=\"{&quot;background_background&quot;:&quot;classic&quot;,&quot;jet_parallax_layout_list&quot;:[],&quot;animation&quot;:&quot;fadeIn&quot;,&quot;animation_delay&quot;:300}\">\n\t\t\t\t<\/div>\n\t\t<div class=\"elementor-element elementor-element-07c0e3f e-flex e-con-boxed e-con e-child\" data-id=\"07c0e3f\" data-element_type=\"container\" data-e-type=\"container\" data-settings=\"{&quot;jet_parallax_layout_list&quot;:[]}\">\n\t\t\t\t\t<div class=\"e-con-inner\">\n\t\t\t\t<div class=\"elementor-element elementor-element-e20a856 elementor-invisible elementor-widget elementor-widget-heading\" data-id=\"e20a856\" data-element_type=\"widget\" data-e-type=\"widget\" data-settings=\"{&quot;_animation&quot;:&quot;fadeIn&quot;}\" data-widget_type=\"heading.default\">\n\t\t\t\t<div class=\"elementor-widget-container\">\n\t\t\t\t\t<h2 class=\"elementor-heading-title elementor-size-default\">SPORTS<\/h2>\t\t\t\t<\/div>\n\t\t\t\t<\/div>\n\t\t\t\t<div class=\"elementor-element elementor-element-9c3242f elementor-invisible elementor-widget elementor-widget-heading\" data-id=\"9c3242f\" data-element_type=\"widget\" data-e-type=\"widget\" data-settings=\"{&quot;_animation&quot;:&quot;fadeIn&quot;,&quot;_animation_delay&quot;:200}\" data-widget_type=\"heading.default\">\n\t\t\t\t<div class=\"elementor-widget-container\">\n\t\t\t\t\t<h2 class=\"elementor-heading-title elementor-size-default\">A l'Amaronda Resort &amp; Spa, des \u00e9quipements int\u00e9rieurs et ext\u00e9rieurs sont con\u00e7us pour enrichir votre s\u00e9jour<\/h2>\t\t\t\t<\/div>\n\t\t\t\t<\/div>\n\t\t\t\t<div class=\"elementor-element elementor-element-d8ffbb4 elementor-widget__width-initial elementor-invisible elementor-widget elementor-widget-text-editor\" data-id=\"d8ffbb4\" data-element_type=\"widget\" data-e-type=\"widget\" data-settings=\"{&quot;_animation&quot;:&quot;fadeIn&quot;,&quot;_animation_delay&quot;:300}\" data-widget_type=\"text-editor.default\">\n\t\t\t\t<div class=\"elementor-widget-container\">\n\t\t\t\t\t\t\t\t\t<p>D\u00e9fiez vos amis ou votre famille lors d\u2019un match revigorant sur notre terrain de basket-ball grandeur nature. Testez vos comp\u00e9tences sur l&rsquo;un de nos deux courts de tennis. Entour\u00e9s des jardins luxuriants du complexe, ces courts offrent un cadre paisible pour un match tranquille ou une s\u00e9ance de jeu intense, s&rsquo;adressant aussi bien aux d\u00e9butants qu&rsquo;aux joueurs exp\u00e9riment\u00e9s. Plongez dans l&rsquo;action avec une partie de beach-volley sur notre terrain de sable ou faites de la musculation dans notre salle de sport !<\/p>\t\t\t\t\t\t\t\t<\/div>\n\t\t\t\t<\/div>\n\t\t\t\t\t<\/div>\n\t\t\t\t<\/div>\n\t\t\t\t<\/div>\n\t\t\t\t<\/div>\n\t\t<div class=\"elementor-element elementor-element-d7c23fd e-con-full e-flex elementor-invisible e-con e-parent\" data-id=\"d7c23fd\" data-element_type=\"container\" data-e-type=\"container\" data-settings=\"{&quot;background_background&quot;:&quot;classic&quot;,&quot;jet_parallax_layout_list&quot;:[],&quot;animation&quot;:&quot;fadeIn&quot;,&quot;animation_delay&quot;:200}\">\n\t\t<div class=\"elementor-element elementor-element-e3d37ee e-con-full e-flex e-con e-child\" data-id=\"e3d37ee\" data-element_type=\"container\" data-e-type=\"container\" data-settings=\"{&quot;jet_parallax_layout_list&quot;:[]}\">\n\t\t<div class=\"elementor-element elementor-element-0b175e7 e-con-full e-flex e-con e-child\" data-id=\"0b175e7\" data-element_type=\"container\" data-e-type=\"container\" data-settings=\"{&quot;background_background&quot;:&quot;classic&quot;,&quot;jet_parallax_layout_list&quot;:[]}\">\n\t\t\t\t<\/div>\n\t\t<div class=\"elementor-element elementor-element-83ad1ed e-flex e-con-boxed e-con e-child\" data-id=\"83ad1ed\" data-element_type=\"container\" data-e-type=\"container\" data-settings=\"{&quot;background_background&quot;:&quot;classic&quot;,&quot;jet_parallax_layout_list&quot;:[]}\">\n\t\t\t\t\t<div class=\"e-con-inner\">\n\t\t\t\t\t<\/div>\n\t\t\t\t<\/div>\n\t\t\t\t<\/div>\n\t\t\t\t<\/div>\n\t\t\t\t<\/div>\n\t\t\t\t<\/div>\n\t\t\t\t\t\t<\/div>\n\t\t\t\t<\/div>\n\t\t\t\t<\/div>\n\t\t<div class=\"elementor-element elementor-element-3255e4d e-con-full e-flex e-con e-parent\" data-id=\"3255e4d\" data-element_type=\"container\" data-e-type=\"container\" data-settings=\"{&quot;jet_parallax_layout_list&quot;:[]}\">\n\t\t\t\t<\/div>\n\t\t\t\t<\/div>\n\t\t","protected":false},"excerpt":{"rendered":"<p>\u00c0 l&rsquo;Amaronda Resort &amp; Spa, profitez d&rsquo;un m\u00e9lange d&rsquo;aventure et de d\u00e9tente gr\u00e2ce au tennis, au basket-ball, \u00e0 nos croisi\u00e8res exclusives et \u00e0 notre spa luxueux. Votre s\u00e9jour \u00e0 l&rsquo;Amaronda \u00c0 l&rsquo;Amaronda Resort &amp; Spa, chaque instant est une occasion de d\u00e9couverte et de d\u00e9tente. Que vous soyez en qu\u00eate d&rsquo;aventure ou de tranquillit\u00e9, les [&hellip;]<\/p>\n","protected":false},"author":3,"featured_media":0,"parent":0,"menu_order":0,"comment_status":"closed","ping_status":"closed","template":"","meta":{"footnotes":""},"class_list":["post-4462","page","type-page","status-publish","hentry"],"yoast_head":"<!-- This site is optimized with the Yoast SEO plugin v27.4 - https:\/\/yoast.com\/product\/yoast-seo-wordpress\/ -->\n<title>Exp\u00e9riences - Amaronda Resort<\/title>\n<meta name=\"robots\" content=\"index, follow, max-snippet:-1, max-image-preview:large, max-video-preview:-1\" \/>\n<link rel=\"canonical\" href=\"https:\/\/amarondaresort.com\/fr\/experiences\/\" \/>\n<meta property=\"og:locale\" content=\"fr_FR\" \/>\n<meta property=\"og:type\" content=\"article\" \/>\n<meta property=\"og:title\" content=\"Exp\u00e9riences - Amaronda Resort\" \/>\n<meta property=\"og:description\" content=\"\u00c0 l&rsquo;Amaronda Resort &amp; Spa, profitez d&rsquo;un m\u00e9lange d&rsquo;aventure et de d\u00e9tente gr\u00e2ce au tennis, au basket-ball, \u00e0 nos croisi\u00e8res exclusives et \u00e0 notre spa luxueux. Votre s\u00e9jour \u00e0 l&rsquo;Amaronda \u00c0 l&rsquo;Amaronda Resort &amp; Spa, chaque instant est une occasion de d\u00e9couverte et de d\u00e9tente. Que vous soyez en qu\u00eate d&rsquo;aventure ou de tranquillit\u00e9, les [&hellip;]\" \/>\n<meta property=\"og:url\" content=\"https:\/\/amarondaresort.com\/fr\/experiences\/\" \/>\n<meta property=\"og:site_name\" content=\"Amaronda Resort\" \/>\n<meta property=\"article:modified_time\" content=\"2024-12-20T14:56:56+00:00\" \/>\n<meta property=\"og:image\" content=\"https:\/\/amarondaresort.com\/wp-content\/uploads\/2024\/10\/experiences-hero.jpg\" \/>\n\t<meta property=\"og:image:width\" content=\"1300\" \/>\n\t<meta property=\"og:image:height\" content=\"974\" \/>\n\t<meta property=\"og:image:type\" content=\"image\/jpeg\" \/>\n<meta name=\"twitter:card\" content=\"summary_large_image\" \/>\n<meta name=\"twitter:label1\" content=\"Dur\u00e9e de lecture estim\u00e9e\" \/>\n\t<meta name=\"twitter:data1\" content=\"2 minutes\" \/>\n<script type=\"application\/ld+json\" class=\"yoast-schema-graph\">{\"@context\":\"https:\\\/\\\/schema.org\",\"@graph\":[{\"@type\":\"WebPage\",\"@id\":\"https:\\\/\\\/amarondaresort.com\\\/fr\\\/experiences\\\/\",\"url\":\"https:\\\/\\\/amarondaresort.com\\\/fr\\\/experiences\\\/\",\"name\":\"Exp\u00e9riences - Amaronda Resort\",\"isPartOf\":{\"@id\":\"https:\\\/\\\/amarondaresort.com\\\/fr\\\/#website\"},\"primaryImageOfPage\":{\"@id\":\"https:\\\/\\\/amarondaresort.com\\\/fr\\\/experiences\\\/#primaryimage\"},\"image\":{\"@id\":\"https:\\\/\\\/amarondaresort.com\\\/fr\\\/experiences\\\/#primaryimage\"},\"thumbnailUrl\":\"https:\\\/\\\/amarondaresort.com\\\/wp-content\\\/uploads\\\/2024\\\/10\\\/experiences-hero-1024x767.jpg\",\"datePublished\":\"2024-07-01T12:46:13+00:00\",\"dateModified\":\"2024-12-20T14:56:56+00:00\",\"breadcrumb\":{\"@id\":\"https:\\\/\\\/amarondaresort.com\\\/fr\\\/experiences\\\/#breadcrumb\"},\"inLanguage\":\"fr-FR\",\"potentialAction\":[{\"@type\":\"ReadAction\",\"target\":[\"https:\\\/\\\/amarondaresort.com\\\/fr\\\/experiences\\\/\"]}]},{\"@type\":\"ImageObject\",\"inLanguage\":\"fr-FR\",\"@id\":\"https:\\\/\\\/amarondaresort.com\\\/fr\\\/experiences\\\/#primaryimage\",\"url\":\"https:\\\/\\\/amarondaresort.com\\\/wp-content\\\/uploads\\\/2024\\\/10\\\/experiences-hero-1024x767.jpg\",\"contentUrl\":\"https:\\\/\\\/amarondaresort.com\\\/wp-content\\\/uploads\\\/2024\\\/10\\\/experiences-hero-1024x767.jpg\"},{\"@type\":\"BreadcrumbList\",\"@id\":\"https:\\\/\\\/amarondaresort.com\\\/fr\\\/experiences\\\/#breadcrumb\",\"itemListElement\":[{\"@type\":\"ListItem\",\"position\":1,\"name\":\"Home\",\"item\":\"https:\\\/\\\/amarondaresort.com\\\/fr\\\/\"},{\"@type\":\"ListItem\",\"position\":2,\"name\":\"Exp\u00e9riences\"}]},{\"@type\":\"WebSite\",\"@id\":\"https:\\\/\\\/amarondaresort.com\\\/fr\\\/#website\",\"url\":\"https:\\\/\\\/amarondaresort.com\\\/fr\\\/\",\"name\":\"Amaronda Resort\",\"description\":\"Experience the freedom\",\"potentialAction\":[{\"@type\":\"SearchAction\",\"target\":{\"@type\":\"EntryPoint\",\"urlTemplate\":\"https:\\\/\\\/amarondaresort.com\\\/fr\\\/?s={search_term_string}\"},\"query-input\":{\"@type\":\"PropertyValueSpecification\",\"valueRequired\":true,\"valueName\":\"search_term_string\"}}],\"inLanguage\":\"fr-FR\"}]}<\/script>\n<!-- \/ Yoast SEO plugin. -->","yoast_head_json":{"title":"Exp\u00e9riences - Amaronda Resort","robots":{"index":"index","follow":"follow","max-snippet":"max-snippet:-1","max-image-preview":"max-image-preview:large","max-video-preview":"max-video-preview:-1"},"canonical":"https:\/\/amarondaresort.com\/fr\/experiences\/","og_locale":"fr_FR","og_type":"article","og_title":"Exp\u00e9riences - Amaronda Resort","og_description":"\u00c0 l&rsquo;Amaronda Resort &amp; Spa, profitez d&rsquo;un m\u00e9lange d&rsquo;aventure et de d\u00e9tente gr\u00e2ce au tennis, au basket-ball, \u00e0 nos croisi\u00e8res exclusives et \u00e0 notre spa luxueux. Votre s\u00e9jour \u00e0 l&rsquo;Amaronda \u00c0 l&rsquo;Amaronda Resort &amp; Spa, chaque instant est une occasion de d\u00e9couverte et de d\u00e9tente. Que vous soyez en qu\u00eate d&rsquo;aventure ou de tranquillit\u00e9, les [&hellip;]","og_url":"https:\/\/amarondaresort.com\/fr\/experiences\/","og_site_name":"Amaronda Resort","article_modified_time":"2024-12-20T14:56:56+00:00","og_image":[{"width":1300,"height":974,"url":"https:\/\/amarondaresort.com\/wp-content\/uploads\/2024\/10\/experiences-hero.jpg","type":"image\/jpeg"}],"twitter_card":"summary_large_image","twitter_misc":{"Dur\u00e9e de lecture estim\u00e9e":"2 minutes"},"schema":{"@context":"https:\/\/schema.org","@graph":[{"@type":"WebPage","@id":"https:\/\/amarondaresort.com\/fr\/experiences\/","url":"https:\/\/amarondaresort.com\/fr\/experiences\/","name":"Exp\u00e9riences - Amaronda Resort","isPartOf":{"@id":"https:\/\/amarondaresort.com\/fr\/#website"},"primaryImageOfPage":{"@id":"https:\/\/amarondaresort.com\/fr\/experiences\/#primaryimage"},"image":{"@id":"https:\/\/amarondaresort.com\/fr\/experiences\/#primaryimage"},"thumbnailUrl":"https:\/\/amarondaresort.com\/wp-content\/uploads\/2024\/10\/experiences-hero-1024x767.jpg","datePublished":"2024-07-01T12:46:13+00:00","dateModified":"2024-12-20T14:56:56+00:00","breadcrumb":{"@id":"https:\/\/amarondaresort.com\/fr\/experiences\/#breadcrumb"},"inLanguage":"fr-FR","potentialAction":[{"@type":"ReadAction","target":["https:\/\/amarondaresort.com\/fr\/experiences\/"]}]},{"@type":"ImageObject","inLanguage":"fr-FR","@id":"https:\/\/amarondaresort.com\/fr\/experiences\/#primaryimage","url":"https:\/\/amarondaresort.com\/wp-content\/uploads\/2024\/10\/experiences-hero-1024x767.jpg","contentUrl":"https:\/\/amarondaresort.com\/wp-content\/uploads\/2024\/10\/experiences-hero-1024x767.jpg"},{"@type":"BreadcrumbList","@id":"https:\/\/amarondaresort.com\/fr\/experiences\/#breadcrumb","itemListElement":[{"@type":"ListItem","position":1,"name":"Home","item":"https:\/\/amarondaresort.com\/fr\/"},{"@type":"ListItem","position":2,"name":"Exp\u00e9riences"}]},{"@type":"WebSite","@id":"https:\/\/amarondaresort.com\/fr\/#website","url":"https:\/\/amarondaresort.com\/fr\/","name":"Amaronda Resort","description":"Experience the freedom","potentialAction":[{"@type":"SearchAction","target":{"@type":"EntryPoint","urlTemplate":"https:\/\/amarondaresort.com\/fr\/?s={search_term_string}"},"query-input":{"@type":"PropertyValueSpecification","valueRequired":true,"valueName":"search_term_string"}}],"inLanguage":"fr-FR"}]}},"_links":{"self":[{"href":"https:\/\/amarondaresort.com\/fr\/wp-json\/wp\/v2\/pages\/4462","targetHints":{"allow":["GET"]}}],"collection":[{"href":"https:\/\/amarondaresort.com\/fr\/wp-json\/wp\/v2\/pages"}],"about":[{"href":"https:\/\/amarondaresort.com\/fr\/wp-json\/wp\/v2\/types\/page"}],"author":[{"embeddable":true,"href":"https:\/\/amarondaresort.com\/fr\/wp-json\/wp\/v2\/users\/3"}],"replies":[{"embeddable":true,"href":"https:\/\/amarondaresort.com\/fr\/wp-json\/wp\/v2\/comments?post=4462"}],"version-history":[{"count":0,"href":"https:\/\/amarondaresort.com\/fr\/wp-json\/wp\/v2\/pages\/4462\/revisions"}],"wp:attachment":[{"href":"https:\/\/amarondaresort.com\/fr\/wp-json\/wp\/v2\/media?parent=4462"}],"curies":[{"name":"wp","href":"https:\/\/api.w.org\/{rel}","templated":true}]}}