{"id":4435,"date":"2024-05-23T14:15:19","date_gmt":"2024-05-23T14:15:19","guid":{"rendered":"https:\/\/amarondaresort.com\/?page_id=4435"},"modified":"2025-05-09T11:55:41","modified_gmt":"2025-05-09T11:55:41","slug":"day-pass","status":"publish","type":"page","link":"https:\/\/amarondaresort.com\/fr\/day-pass\/","title":{"rendered":"Day Pass"},"content":{"rendered":"\t\t<div data-elementor-type=\"wp-page\" data-elementor-id=\"4435\" class=\"elementor elementor-4435\" data-elementor-post-type=\"page\">\n\t\t\t\t<div class=\"elementor-element elementor-element-e8d2d47 e-flex e-con-boxed e-con e-parent\" data-id=\"e8d2d47\" data-element_type=\"container\" data-e-type=\"container\" data-settings=\"{&quot;background_background&quot;:&quot;classic&quot;,&quot;jet_parallax_layout_list&quot;:[]}\">\n\t\t\t\t\t<div class=\"e-con-inner\">\n\t\t<div class=\"elementor-element elementor-element-cc8ecd5 e-flex e-con-boxed e-con e-child\" data-id=\"cc8ecd5\" data-element_type=\"container\" data-e-type=\"container\" data-settings=\"{&quot;jet_parallax_layout_list&quot;:[]}\">\n\t\t\t\t\t<div class=\"e-con-inner\">\n\t\t\t\t<div class=\"elementor-element elementor-element-6b020c9 elementor-widget-tablet__width-initial elementor-widget-mobile__width-inherit elementor-invisible elementor-widget elementor-widget-heading\" data-id=\"6b020c9\" data-element_type=\"widget\" data-e-type=\"widget\" data-settings=\"{&quot;_animation&quot;:&quot;fadeIn&quot;,&quot;_animation_delay&quot;:300}\" data-widget_type=\"heading.default\">\n\t\t\t\t<div class=\"elementor-widget-container\">\n\t\t\t\t\t<h2 class=\"elementor-heading-title elementor-size-default\">Pass Journ\u00e9e<\/h2>\t\t\t\t<\/div>\n\t\t\t\t<\/div>\n\t\t\t\t<div class=\"elementor-element elementor-element-ec874a9 elementor-widget__width-initial elementor-invisible elementor-widget elementor-widget-text-editor\" data-id=\"ec874a9\" data-element_type=\"widget\" data-e-type=\"widget\" data-settings=\"{&quot;_animation&quot;:&quot;fadeIn&quot;,&quot;_animation_delay&quot;:300}\" data-widget_type=\"text-editor.default\">\n\t\t\t\t<div class=\"elementor-widget-container\">\n\t\t\t\t\t\t\t\t\t<p>Offrez-vous une escapade d\u2019une journ\u00e9e au bord de la mer. Que vous recherchiez la tranquillit\u00e9 sous le soleil, une baignade rafra\u00eechissante ou une ambiance paisible en bord de plage, le <strong>Pass Journ\u00e9e Amaronda<\/strong> vous offre tout ce qu\u2019il faut pour une journ\u00e9e d\u2019\u00e9t\u00e9 sans souci dans un cadre \u00e9l\u00e9gant.<\/p>\t\t\t\t\t\t\t\t<\/div>\n\t\t\t\t<\/div>\n\t\t\t\t\t<\/div>\n\t\t\t\t<\/div>\n\t\t\t\t\t<\/div>\n\t\t\t\t<\/div>\n\t\t<div class=\"elementor-element elementor-element-9927deb e-flex e-con-boxed e-con e-parent\" data-id=\"9927deb\" data-element_type=\"container\" data-e-type=\"container\" data-settings=\"{&quot;jet_parallax_layout_list&quot;:[]}\">\n\t\t\t\t\t<div class=\"e-con-inner\">\n\t\t\t\t<div class=\"elementor-element elementor-element-2b85042 elementor-widget elementor-widget-image\" data-id=\"2b85042\" data-element_type=\"widget\" data-e-type=\"widget\" data-widget_type=\"image.default\">\n\t\t\t\t<div class=\"elementor-widget-container\">\n\t\t\t\t\t\t\t\t\t\t\t\t\t\t\t<img fetchpriority=\"high\" decoding=\"async\" width=\"800\" height=\"447\" src=\"https:\/\/amarondaresort.com\/wp-content\/uploads\/2024\/07\/day-pass-hero.webp\" class=\"attachment-large size-large wp-image-2595\" alt=\"\" srcset=\"https:\/\/amarondaresort.com\/wp-content\/uploads\/2024\/07\/day-pass-hero.webp 860w, https:\/\/amarondaresort.com\/wp-content\/uploads\/2024\/07\/day-pass-hero-300x167.webp 300w, https:\/\/amarondaresort.com\/wp-content\/uploads\/2024\/07\/day-pass-hero-768x429.webp 768w\" sizes=\"(max-width: 800px) 100vw, 800px\" \/>\t\t\t\t\t\t\t\t\t\t\t\t\t\t\t<\/div>\n\t\t\t\t<\/div>\n\t\t\t\t\t<\/div>\n\t\t\t\t<\/div>\n\t\t<div class=\"elementor-element elementor-element-267b449 e-flex e-con-boxed e-con e-parent\" data-id=\"267b449\" data-element_type=\"container\" data-e-type=\"container\" data-settings=\"{&quot;background_background&quot;:&quot;classic&quot;,&quot;jet_parallax_layout_list&quot;:[]}\">\n\t\t\t\t\t<div class=\"e-con-inner\">\n\t\t<div class=\"elementor-element elementor-element-f886cd5 e-con-full e-flex e-con e-child\" data-id=\"f886cd5\" data-element_type=\"container\" data-e-type=\"container\" data-settings=\"{&quot;jet_parallax_layout_list&quot;:[]}\">\n\t\t\t\t<div class=\"elementor-element elementor-element-18a2f78 elementor-widget elementor-widget-heading\" data-id=\"18a2f78\" data-element_type=\"widget\" data-e-type=\"widget\" data-widget_type=\"heading.default\">\n\t\t\t\t<div class=\"elementor-widget-container\">\n\t\t\t\t\t<h2 class=\"elementor-heading-title elementor-size-default\">Achetez votre Pass Journ\u00e9e<\/h2>\t\t\t\t<\/div>\n\t\t\t\t<\/div>\n\t\t\t\t<div class=\"elementor-element elementor-element-e789ee0 elementor-widget__width-inherit elementor-widget elementor-widget-text-editor\" data-id=\"e789ee0\" data-element_type=\"widget\" data-e-type=\"widget\" data-widget_type=\"text-editor.default\">\n\t\t\t\t<div class=\"elementor-widget-container\">\n\t\t\t\t\t\t\t\t\t<p>D\u00e9tendez-vous au bord de la mer, profitez du soleil et laissez-vous s\u00e9duire par l\u2019exp\u00e9rience d\u2019un resort \u2013 tout cela en une seule journ\u00e9e. Le Pass Journ\u00e9e Amaronda vous donne acc\u00e8s aux installations du resort et \u00e0 ses magnifiques environs, m\u00eame sans y s\u00e9journer.<\/p>\t\t\t\t\t\t\t\t<\/div>\n\t\t\t\t<\/div>\n\t\t\t\t<div class=\"elementor-element elementor-element-9d213e3 elementor-align-center elementor-mobile-align-justify elementor-invisible elementor-widget elementor-widget-button\" data-id=\"9d213e3\" data-element_type=\"widget\" data-e-type=\"widget\" data-settings=\"{&quot;_animation&quot;:&quot;fadeIn&quot;,&quot;_animation_delay&quot;:400}\" data-widget_type=\"button.default\">\n\t\t\t\t<div class=\"elementor-widget-container\">\n\t\t\t\t\t\t\t\t\t<div class=\"elementor-button-wrapper\">\n\t\t\t\t\t<a class=\"elementor-button elementor-button-link elementor-size-sm\" href=\"mailto:info@amarondaresort.com\">\n\t\t\t\t\t\t<span class=\"elementor-button-content-wrapper\">\n\t\t\t\t\t\t\t\t\t<span class=\"elementor-button-text\">PLANNIFIEZ VOTRE VISITE<\/span>\n\t\t\t\t\t<\/span>\n\t\t\t\t\t<\/a>\n\t\t\t\t<\/div>\n\t\t\t\t\t\t\t\t<\/div>\n\t\t\t\t<\/div>\n\t\t\t\t<\/div>\n\t\t\t\t\t<\/div>\n\t\t\t\t<\/div>\n\t\t<div class=\"elementor-element elementor-element-709c81a e-con-full e-flex e-con e-parent\" data-id=\"709c81a\" data-element_type=\"container\" data-e-type=\"container\" data-settings=\"{&quot;background_background&quot;:&quot;classic&quot;,&quot;jet_parallax_layout_list&quot;:[]}\">\n\t\t<div class=\"elementor-element elementor-element-b3b3d30 e-con-full e-flex e-con e-child\" data-id=\"b3b3d30\" data-element_type=\"container\" data-e-type=\"container\" data-settings=\"{&quot;jet_parallax_layout_list&quot;:[]}\">\n\t\t<div class=\"elementor-element elementor-element-fa19067 e-con-full e-flex elementor-invisible e-con e-child\" data-id=\"fa19067\" data-element_type=\"container\" data-e-type=\"container\" data-settings=\"{&quot;background_background&quot;:&quot;classic&quot;,&quot;jet_parallax_layout_list&quot;:[],&quot;animation&quot;:&quot;fadeIn&quot;,&quot;animation_delay&quot;:300}\">\n\t\t\t\t<\/div>\n\t\t<div class=\"elementor-element elementor-element-b0a94ff e-flex e-con-boxed e-con e-child\" data-id=\"b0a94ff\" data-element_type=\"container\" data-e-type=\"container\" data-settings=\"{&quot;jet_parallax_layout_list&quot;:[]}\">\n\t\t\t\t\t<div class=\"e-con-inner\">\n\t\t\t\t<div class=\"elementor-element elementor-element-c035f31 elementor-invisible elementor-widget elementor-widget-heading\" data-id=\"c035f31\" data-element_type=\"widget\" data-e-type=\"widget\" data-settings=\"{&quot;_animation&quot;:&quot;fadeIn&quot;,&quot;_animation_delay&quot;:200}\" data-widget_type=\"heading.default\">\n\t\t\t\t<div class=\"elementor-widget-container\">\n\t\t\t\t\t<h2 class=\"elementor-heading-title elementor-size-default\">Une exp\u00e9rience gastronomique au bord de la mer<\/h2>\t\t\t\t<\/div>\n\t\t\t\t<\/div>\n\t\t\t\t<div class=\"elementor-element elementor-element-e190fd2 elementor-widget__width-initial elementor-invisible elementor-widget elementor-widget-text-editor\" data-id=\"e190fd2\" data-element_type=\"widget\" data-e-type=\"widget\" data-settings=\"{&quot;_animation&quot;:&quot;fadeIn&quot;,&quot;_animation_delay&quot;:300}\" data-widget_type=\"text-editor.default\">\n\t\t\t\t<div class=\"elementor-widget-container\">\n\t\t\t\t\t\t\t\t\t<p>D\u00e9couvrez une vari\u00e9t\u00e9 de saveurs raffin\u00e9es dans notre restaurant renomm\u00e9, adapt\u00e9 \u00e0 tous les go\u00fbts et pr\u00e9f\u00e9rences. Au restaurant \u00e0 la carte Ammos, dirig\u00e9 par le chef \u00e9toil\u00e9 Gikas Xenakis, vous vivrez une exp\u00e9rience culinaire in\u00e9gal\u00e9e. Attendez-vous \u00e0 des ingr\u00e9dients exquis, issus de producteurs artisanaux locaux, ainsi que des produits cultiv\u00e9s dans le jardin biologique de l\u2019h\u00f4tel. Des fruits de mer frais aux viandes savoureuses, chaque plat revisite les recettes grecques avec une touche contemporaine.<\/p><p>Situ\u00e9 sur le littoral immacul\u00e9 de la plage de l\u2019h\u00f4tel, le <strong>AMMOS Beach Bar<\/strong> vous propose une s\u00e9lection de <strong>cocktails rafra\u00eechissants<\/strong>, habilement pr\u00e9par\u00e9s par des mixologues experts. Le bar offre une ambiance d\u00e9contract\u00e9e avec une vue imprenable sur la mer scintillante, pour une atmosph\u00e8re \u00e0 la fois sereine et captivante.<\/p>\t\t\t\t\t\t\t\t<\/div>\n\t\t\t\t<\/div>\n\t\t\t\t\t<\/div>\n\t\t\t\t<\/div>\n\t\t\t\t<\/div>\n\t\t\t\t<\/div>\n\t\t<div class=\"elementor-element elementor-element-a86b1a4 e-con-full e-flex elementor-invisible e-con e-parent\" data-id=\"a86b1a4\" data-element_type=\"container\" data-e-type=\"container\" data-settings=\"{&quot;background_background&quot;:&quot;classic&quot;,&quot;jet_parallax_layout_list&quot;:[],&quot;animation&quot;:&quot;fadeIn&quot;,&quot;animation_delay&quot;:200}\">\n\t\t<div class=\"elementor-element elementor-element-427eb8f e-con-full e-flex e-con e-child\" data-id=\"427eb8f\" data-element_type=\"container\" data-e-type=\"container\" data-settings=\"{&quot;jet_parallax_layout_list&quot;:[]}\">\n\t\t<div class=\"elementor-element elementor-element-6c64210 e-con-full e-flex e-con e-child\" data-id=\"6c64210\" data-element_type=\"container\" data-e-type=\"container\" data-settings=\"{&quot;background_background&quot;:&quot;classic&quot;,&quot;jet_parallax_layout_list&quot;:[]}\">\n\t\t\t\t<\/div>\n\t\t<div class=\"elementor-element elementor-element-1482a67 e-flex e-con-boxed e-con e-child\" data-id=\"1482a67\" data-element_type=\"container\" data-e-type=\"container\" data-settings=\"{&quot;background_background&quot;:&quot;classic&quot;,&quot;jet_parallax_layout_list&quot;:[]}\">\n\t\t\t\t\t<div class=\"e-con-inner\">\n\t\t\t\t\t<\/div>\n\t\t\t\t<\/div>\n\t\t\t\t<\/div>\n\t\t\t\t<\/div>\n\t\t<div class=\"elementor-element elementor-element-177a685 e-flex e-con-boxed e-con e-parent\" data-id=\"177a685\" data-element_type=\"container\" data-e-type=\"container\" data-settings=\"{&quot;background_background&quot;:&quot;classic&quot;,&quot;jet_parallax_layout_list&quot;:[]}\">\n\t\t\t\t\t<div class=\"e-con-inner\">\n\t\t<div class=\"elementor-element elementor-element-0a74732 e-con-full e-flex e-con e-child\" data-id=\"0a74732\" data-element_type=\"container\" data-e-type=\"container\" data-settings=\"{&quot;background_background&quot;:&quot;classic&quot;,&quot;jet_parallax_layout_list&quot;:[]}\">\n\t\t\t\t<div class=\"elementor-element elementor-element-58aa100 elementor-invisible elementor-widget elementor-widget-heading\" data-id=\"58aa100\" data-element_type=\"widget\" data-e-type=\"widget\" data-settings=\"{&quot;_animation&quot;:&quot;fadeIn&quot;,&quot;_animation_delay&quot;:200}\" data-widget_type=\"heading.default\">\n\t\t\t\t<div class=\"elementor-widget-container\">\n\t\t\t\t\t<h2 class=\"elementor-heading-title elementor-size-default\">Bienvenue dans le premier Spa grec d\u2019\u0152noth\u00e9rapie<\/h2>\t\t\t\t<\/div>\n\t\t\t\t<\/div>\n\t\t\t\t<div class=\"elementor-element elementor-element-0b41360 elementor-widget__width-initial elementor-invisible elementor-widget elementor-widget-text-editor\" data-id=\"0b41360\" data-element_type=\"widget\" data-e-type=\"widget\" data-settings=\"{&quot;_animation&quot;:&quot;fadeIn&quot;,&quot;_animation_delay&quot;:300}\" data-widget_type=\"text-editor.default\">\n\t\t\t\t<div class=\"elementor-widget-container\">\n\t\t\t\t\t\t\t\t\t<p>Le <strong>Lenga Spa<\/strong> est une marque de spa grecque th\u00e9matique, luxueuse et innovante, n\u00e9e des cosm\u00e9tiques issus des vignes du domaine viticole<strong> Avantis, en \u00c9via<\/strong>, en 2009.<\/p><p>L\u2019inspiration de sa fondatrice, <strong>Lenga Grigoriadou<\/strong>, provient de sa qu\u00eate d\u2019une philosophie de bien-\u00eatre holistique, alliant \u00e9l\u00e9vation du corps et de l\u2019esprit, \u00e0 travers les vignobles luxuriants, le vin rouge et le r\u00e9gime m\u00e9diterran\u00e9en.<\/p><p><strong>L\u2019\u0153noth\u00e9rapie<\/strong>, comme l\u2019indique l\u2019\u00e9tymologie du mot, est la pratique qui soigne le corps et l\u2019esprit par le raisin et ses d\u00e9riv\u00e9s, depuis l\u2019Antiquit\u00e9. Cette tradition se perp\u00e9tue aujourd\u2019hui, enrichie par des techniques modernes.<\/p>\t\t\t\t\t\t\t\t<\/div>\n\t\t\t\t<\/div>\n\t\t\t\t<div class=\"elementor-element elementor-element-490ab83 elementor-align-left elementor-mobile-align-justify elementor-invisible elementor-widget elementor-widget-button\" data-id=\"490ab83\" data-element_type=\"widget\" data-e-type=\"widget\" data-settings=\"{&quot;_animation&quot;:&quot;fadeIn&quot;,&quot;_animation_delay&quot;:400}\" data-widget_type=\"button.default\">\n\t\t\t\t<div class=\"elementor-widget-container\">\n\t\t\t\t\t\t\t\t\t<div class=\"elementor-button-wrapper\">\n\t\t\t\t\t<a class=\"elementor-button elementor-button-link elementor-size-sm\" href=\"mailto:info@amarondaresort.com\">\n\t\t\t\t\t\t<span class=\"elementor-button-content-wrapper\">\n\t\t\t\t\t\t\t\t\t<span class=\"elementor-button-text\">R\u00c9SERVATIONS<\/span>\n\t\t\t\t\t<\/span>\n\t\t\t\t\t<\/a>\n\t\t\t\t<\/div>\n\t\t\t\t\t\t\t\t<\/div>\n\t\t\t\t<\/div>\n\t\t\t\t<\/div>\n\t\t<div class=\"elementor-element elementor-element-7e030c7 e-flex e-con-boxed e-con e-child\" data-id=\"7e030c7\" data-element_type=\"container\" data-e-type=\"container\" data-settings=\"{&quot;jet_parallax_layout_list&quot;:[]}\">\n\t\t\t\t\t<div class=\"e-con-inner\">\n\t\t\t\t\t<\/div>\n\t\t\t\t<\/div>\n\t\t\t\t\t<\/div>\n\t\t\t\t<\/div>\n\t\t<div class=\"elementor-element elementor-element-2dfb65c e-flex e-con-boxed e-con e-parent\" data-id=\"2dfb65c\" data-element_type=\"container\" data-e-type=\"container\" data-settings=\"{&quot;jet_parallax_layout_list&quot;:[]}\">\n\t\t\t\t\t<div class=\"e-con-inner\">\n\t\t<div class=\"elementor-element elementor-element-b7f46e7 e-flex e-con-boxed e-con e-child\" data-id=\"b7f46e7\" data-element_type=\"container\" data-e-type=\"container\" data-settings=\"{&quot;jet_parallax_layout_list&quot;:[]}\">\n\t\t\t\t\t<div class=\"e-con-inner\">\n\t\t\t\t<div class=\"elementor-element elementor-element-fdac8fd elementor-invisible elementor-widget elementor-widget-heading\" data-id=\"fdac8fd\" data-element_type=\"widget\" data-e-type=\"widget\" data-settings=\"{&quot;_animation&quot;:&quot;fadeIn&quot;,&quot;_animation_delay&quot;:200}\" data-widget_type=\"heading.default\">\n\t\t\t\t<div class=\"elementor-widget-container\">\n\t\t\t\t\t<h2 class=\"elementor-heading-title elementor-size-default\">Tarifs du Pass Journ\u00e9e<\/h2>\t\t\t\t<\/div>\n\t\t\t\t<\/div>\n\t\t\t\t<div class=\"elementor-element elementor-element-0937e8a elementor-widget__width-initial elementor-invisible elementor-widget elementor-widget-text-editor\" data-id=\"0937e8a\" data-element_type=\"widget\" data-e-type=\"widget\" data-settings=\"{&quot;_animation&quot;:&quot;fadeIn&quot;,&quot;_animation_delay&quot;:300}\" data-widget_type=\"text-editor.default\">\n\t\t\t\t<div class=\"elementor-widget-container\">\n\t\t\t\t\t\t\t\t\t<p><strong>Lundi \u00e0 jeudi:<\/strong> 25 \u20ac par personne<\/p><p><strong>Vendredi \u00e0 dimanche:<\/strong> 40 \u20ac par personne<\/p><p><strong>Enfants de 0 \u00e0 12 ans:<\/strong> Gratuit\u00a0<\/p><p><strong>Enfants de 12 ans et plus:<\/strong> Tarif normal Comprend<\/p><p>Acc\u00e8s aux transats et parasols sur la plage<\/p>\t\t\t\t\t\t\t\t<\/div>\n\t\t\t\t<\/div>\n\t\t\t\t<div class=\"elementor-element elementor-element-75943cb elementor-align-left elementor-mobile-align-justify elementor-invisible elementor-widget elementor-widget-button\" data-id=\"75943cb\" data-element_type=\"widget\" data-e-type=\"widget\" data-settings=\"{&quot;_animation&quot;:&quot;fadeIn&quot;,&quot;_animation_delay&quot;:400}\" data-widget_type=\"button.default\">\n\t\t\t\t<div class=\"elementor-widget-container\">\n\t\t\t\t\t\t\t\t\t<div class=\"elementor-button-wrapper\">\n\t\t\t\t\t<a class=\"elementor-button elementor-button-link elementor-size-sm\" href=\"mailto:info@amarondaresort.com\">\n\t\t\t\t\t\t<span class=\"elementor-button-content-wrapper\">\n\t\t\t\t\t\t\t\t\t<span class=\"elementor-button-text\">PLANNIFIEZ VOTRE VISITE<\/span>\n\t\t\t\t\t<\/span>\n\t\t\t\t\t<\/a>\n\t\t\t\t<\/div>\n\t\t\t\t\t\t\t\t<\/div>\n\t\t\t\t<\/div>\n\t\t\t\t\t<\/div>\n\t\t\t\t<\/div>\n\t\t<div class=\"elementor-element elementor-element-f924fb6 e-flex e-con-boxed e-con e-child\" data-id=\"f924fb6\" data-element_type=\"container\" data-e-type=\"container\" data-settings=\"{&quot;jet_parallax_layout_list&quot;:[]}\">\n\t\t\t\t\t<div class=\"e-con-inner\">\n\t\t\t\t<div class=\"elementor-element elementor-element-426c21c elementor-widget elementor-widget-image\" data-id=\"426c21c\" data-element_type=\"widget\" data-e-type=\"widget\" data-widget_type=\"image.default\">\n\t\t\t\t<div class=\"elementor-widget-container\">\n\t\t\t\t\t\t\t\t\t\t\t\t\t\t\t<img decoding=\"async\" width=\"800\" height=\"524\" src=\"https:\/\/amarondaresort.com\/wp-content\/uploads\/2024\/07\/day-pass-end.webp\" class=\"attachment-large size-large wp-image-2613\" alt=\"\" srcset=\"https:\/\/amarondaresort.com\/wp-content\/uploads\/2024\/07\/day-pass-end.webp 981w, https:\/\/amarondaresort.com\/wp-content\/uploads\/2024\/07\/day-pass-end-300x196.webp 300w, https:\/\/amarondaresort.com\/wp-content\/uploads\/2024\/07\/day-pass-end-768x503.webp 768w\" sizes=\"(max-width: 800px) 100vw, 800px\" \/>\t\t\t\t\t\t\t\t\t\t\t\t\t\t\t<\/div>\n\t\t\t\t<\/div>\n\t\t\t\t\t<\/div>\n\t\t\t\t<\/div>\n\t\t\t\t\t<\/div>\n\t\t\t\t<\/div>\n\t\t\t\t<\/div>\n\t\t","protected":false},"excerpt":{"rendered":"<p>Pass Journ\u00e9e Offrez-vous une escapade d\u2019une journ\u00e9e au bord de la mer. Que vous recherchiez la tranquillit\u00e9 sous le soleil, une baignade rafra\u00eechissante ou une ambiance paisible en bord de plage, le Pass Journ\u00e9e Amaronda vous offre tout ce qu\u2019il faut pour une journ\u00e9e d\u2019\u00e9t\u00e9 sans souci dans un cadre \u00e9l\u00e9gant. Achetez votre Pass Journ\u00e9e [&hellip;]<\/p>\n","protected":false},"author":3,"featured_media":0,"parent":0,"menu_order":0,"comment_status":"closed","ping_status":"closed","template":"","meta":{"footnotes":""},"class_list":["post-4435","page","type-page","status-publish","hentry"],"yoast_head":"<!-- This site is optimized with the Yoast SEO plugin v27.2 - https:\/\/yoast.com\/product\/yoast-seo-wordpress\/ -->\n<title>Day Pass - Amaronda Resort<\/title>\n<meta name=\"robots\" content=\"index, follow, max-snippet:-1, max-image-preview:large, max-video-preview:-1\" \/>\n<link rel=\"canonical\" href=\"https:\/\/amarondaresort.com\/fr\/day-pass\/\" \/>\n<meta property=\"og:locale\" content=\"fr_FR\" \/>\n<meta property=\"og:type\" content=\"article\" \/>\n<meta property=\"og:title\" content=\"Day Pass - Amaronda Resort\" \/>\n<meta property=\"og:description\" content=\"Pass Journ\u00e9e Offrez-vous une escapade d\u2019une journ\u00e9e au bord de la mer. Que vous recherchiez la tranquillit\u00e9 sous le soleil, une baignade rafra\u00eechissante ou une ambiance paisible en bord de plage, le Pass Journ\u00e9e Amaronda vous offre tout ce qu\u2019il faut pour une journ\u00e9e d\u2019\u00e9t\u00e9 sans souci dans un cadre \u00e9l\u00e9gant. Achetez votre Pass Journ\u00e9e [&hellip;]\" \/>\n<meta property=\"og:url\" content=\"https:\/\/amarondaresort.com\/fr\/day-pass\/\" \/>\n<meta property=\"og:site_name\" content=\"Amaronda Resort\" \/>\n<meta property=\"article:modified_time\" content=\"2025-05-09T11:55:41+00:00\" \/>\n<meta property=\"og:image\" content=\"https:\/\/amarondaresort.com\/wp-content\/uploads\/2024\/07\/day-pass-hero.webp\" \/>\n\t<meta property=\"og:image:width\" content=\"860\" \/>\n\t<meta property=\"og:image:height\" content=\"480\" \/>\n\t<meta property=\"og:image:type\" content=\"image\/webp\" \/>\n<meta name=\"twitter:card\" content=\"summary_large_image\" \/>\n<meta name=\"twitter:label1\" content=\"Dur\u00e9e de lecture estim\u00e9e\" \/>\n\t<meta name=\"twitter:data1\" content=\"3 minutes\" \/>\n<script type=\"application\/ld+json\" class=\"yoast-schema-graph\">{\"@context\":\"https:\/\/schema.org\",\"@graph\":[{\"@type\":\"WebPage\",\"@id\":\"https:\/\/amarondaresort.com\/fr\/day-pass\/\",\"url\":\"https:\/\/amarondaresort.com\/fr\/day-pass\/\",\"name\":\"Day Pass - Amaronda Resort\",\"isPartOf\":{\"@id\":\"https:\/\/amarondaresort.com\/fr\/#website\"},\"primaryImageOfPage\":{\"@id\":\"https:\/\/amarondaresort.com\/fr\/day-pass\/#primaryimage\"},\"image\":{\"@id\":\"https:\/\/amarondaresort.com\/fr\/day-pass\/#primaryimage\"},\"thumbnailUrl\":\"https:\/\/amarondaresort.com\/wp-content\/uploads\/2024\/07\/day-pass-hero.webp\",\"datePublished\":\"2024-05-23T14:15:19+00:00\",\"dateModified\":\"2025-05-09T11:55:41+00:00\",\"breadcrumb\":{\"@id\":\"https:\/\/amarondaresort.com\/fr\/day-pass\/#breadcrumb\"},\"inLanguage\":\"fr-FR\",\"potentialAction\":[{\"@type\":\"ReadAction\",\"target\":[\"https:\/\/amarondaresort.com\/fr\/day-pass\/\"]}]},{\"@type\":\"ImageObject\",\"inLanguage\":\"fr-FR\",\"@id\":\"https:\/\/amarondaresort.com\/fr\/day-pass\/#primaryimage\",\"url\":\"https:\/\/amarondaresort.com\/wp-content\/uploads\/2024\/07\/day-pass-hero.webp\",\"contentUrl\":\"https:\/\/amarondaresort.com\/wp-content\/uploads\/2024\/07\/day-pass-hero.webp\"},{\"@type\":\"BreadcrumbList\",\"@id\":\"https:\/\/amarondaresort.com\/fr\/day-pass\/#breadcrumb\",\"itemListElement\":[{\"@type\":\"ListItem\",\"position\":1,\"name\":\"Home\",\"item\":\"https:\/\/amarondaresort.com\/fr\/\"},{\"@type\":\"ListItem\",\"position\":2,\"name\":\"Day Pass\"}]},{\"@type\":\"WebSite\",\"@id\":\"https:\/\/amarondaresort.com\/fr\/#website\",\"url\":\"https:\/\/amarondaresort.com\/fr\/\",\"name\":\"Amaronda Resort\",\"description\":\"Experience the freedom\",\"potentialAction\":[{\"@type\":\"SearchAction\",\"target\":{\"@type\":\"EntryPoint\",\"urlTemplate\":\"https:\/\/amarondaresort.com\/fr\/?s={search_term_string}\"},\"query-input\":{\"@type\":\"PropertyValueSpecification\",\"valueRequired\":true,\"valueName\":\"search_term_string\"}}],\"inLanguage\":\"fr-FR\"}]}<\/script>\n<!-- \/ Yoast SEO plugin. -->","yoast_head_json":{"title":"Day Pass - Amaronda Resort","robots":{"index":"index","follow":"follow","max-snippet":"max-snippet:-1","max-image-preview":"max-image-preview:large","max-video-preview":"max-video-preview:-1"},"canonical":"https:\/\/amarondaresort.com\/fr\/day-pass\/","og_locale":"fr_FR","og_type":"article","og_title":"Day Pass - Amaronda Resort","og_description":"Pass Journ\u00e9e Offrez-vous une escapade d\u2019une journ\u00e9e au bord de la mer. Que vous recherchiez la tranquillit\u00e9 sous le soleil, une baignade rafra\u00eechissante ou une ambiance paisible en bord de plage, le Pass Journ\u00e9e Amaronda vous offre tout ce qu\u2019il faut pour une journ\u00e9e d\u2019\u00e9t\u00e9 sans souci dans un cadre \u00e9l\u00e9gant. Achetez votre Pass Journ\u00e9e [&hellip;]","og_url":"https:\/\/amarondaresort.com\/fr\/day-pass\/","og_site_name":"Amaronda Resort","article_modified_time":"2025-05-09T11:55:41+00:00","og_image":[{"width":860,"height":480,"url":"https:\/\/amarondaresort.com\/wp-content\/uploads\/2024\/07\/day-pass-hero.webp","type":"image\/webp"}],"twitter_card":"summary_large_image","twitter_misc":{"Dur\u00e9e de lecture estim\u00e9e":"3 minutes"},"schema":{"@context":"https:\/\/schema.org","@graph":[{"@type":"WebPage","@id":"https:\/\/amarondaresort.com\/fr\/day-pass\/","url":"https:\/\/amarondaresort.com\/fr\/day-pass\/","name":"Day Pass - Amaronda Resort","isPartOf":{"@id":"https:\/\/amarondaresort.com\/fr\/#website"},"primaryImageOfPage":{"@id":"https:\/\/amarondaresort.com\/fr\/day-pass\/#primaryimage"},"image":{"@id":"https:\/\/amarondaresort.com\/fr\/day-pass\/#primaryimage"},"thumbnailUrl":"https:\/\/amarondaresort.com\/wp-content\/uploads\/2024\/07\/day-pass-hero.webp","datePublished":"2024-05-23T14:15:19+00:00","dateModified":"2025-05-09T11:55:41+00:00","breadcrumb":{"@id":"https:\/\/amarondaresort.com\/fr\/day-pass\/#breadcrumb"},"inLanguage":"fr-FR","potentialAction":[{"@type":"ReadAction","target":["https:\/\/amarondaresort.com\/fr\/day-pass\/"]}]},{"@type":"ImageObject","inLanguage":"fr-FR","@id":"https:\/\/amarondaresort.com\/fr\/day-pass\/#primaryimage","url":"https:\/\/amarondaresort.com\/wp-content\/uploads\/2024\/07\/day-pass-hero.webp","contentUrl":"https:\/\/amarondaresort.com\/wp-content\/uploads\/2024\/07\/day-pass-hero.webp"},{"@type":"BreadcrumbList","@id":"https:\/\/amarondaresort.com\/fr\/day-pass\/#breadcrumb","itemListElement":[{"@type":"ListItem","position":1,"name":"Home","item":"https:\/\/amarondaresort.com\/fr\/"},{"@type":"ListItem","position":2,"name":"Day Pass"}]},{"@type":"WebSite","@id":"https:\/\/amarondaresort.com\/fr\/#website","url":"https:\/\/amarondaresort.com\/fr\/","name":"Amaronda Resort","description":"Experience the freedom","potentialAction":[{"@type":"SearchAction","target":{"@type":"EntryPoint","urlTemplate":"https:\/\/amarondaresort.com\/fr\/?s={search_term_string}"},"query-input":{"@type":"PropertyValueSpecification","valueRequired":true,"valueName":"search_term_string"}}],"inLanguage":"fr-FR"}]}},"_links":{"self":[{"href":"https:\/\/amarondaresort.com\/fr\/wp-json\/wp\/v2\/pages\/4435","targetHints":{"allow":["GET"]}}],"collection":[{"href":"https:\/\/amarondaresort.com\/fr\/wp-json\/wp\/v2\/pages"}],"about":[{"href":"https:\/\/amarondaresort.com\/fr\/wp-json\/wp\/v2\/types\/page"}],"author":[{"embeddable":true,"href":"https:\/\/amarondaresort.com\/fr\/wp-json\/wp\/v2\/users\/3"}],"replies":[{"embeddable":true,"href":"https:\/\/amarondaresort.com\/fr\/wp-json\/wp\/v2\/comments?post=4435"}],"version-history":[{"count":0,"href":"https:\/\/amarondaresort.com\/fr\/wp-json\/wp\/v2\/pages\/4435\/revisions"}],"wp:attachment":[{"href":"https:\/\/amarondaresort.com\/fr\/wp-json\/wp\/v2\/media?parent=4435"}],"curies":[{"name":"wp","href":"https:\/\/api.w.org\/{rel}","templated":true}]}}