{"id":5333,"date":"2024-07-23T17:50:49","date_gmt":"2024-07-23T17:50:49","guid":{"rendered":"https:\/\/amarondaresort.com\/?page_id=5333"},"modified":"2025-01-16T12:19:08","modified_gmt":"2025-01-16T12:19:08","slug":"location-2","status":"publish","type":"page","link":"https:\/\/amarondaresort.com\/de\/location-2\/","title":{"rendered":"Lage"},"content":{"rendered":"\t\t<div data-elementor-type=\"wp-page\" data-elementor-id=\"5333\" class=\"elementor elementor-5333\" data-elementor-post-type=\"page\">\n\t\t\t\t<div class=\"elementor-element elementor-element-78b2c25 e-flex e-con-boxed e-con e-parent\" data-id=\"78b2c25\" data-element_type=\"container\" data-e-type=\"container\" data-settings=\"{&quot;background_background&quot;:&quot;classic&quot;,&quot;jet_parallax_layout_list&quot;:[]}\">\n\t\t\t\t\t<div class=\"e-con-inner\">\n\t\t\t\t<div class=\"elementor-element elementor-element-74bd4dc elementor-invisible elementor-widget elementor-widget-heading\" data-id=\"74bd4dc\" data-element_type=\"widget\" data-e-type=\"widget\" data-settings=\"{&quot;_animation&quot;:&quot;fadeIn&quot;,&quot;_animation_delay&quot;:300}\" data-widget_type=\"heading.default\">\n\t\t\t\t<div class=\"elementor-widget-container\">\n\t\t\t\t\t<h2 class=\"elementor-heading-title elementor-size-default\">Lage<\/h2>\t\t\t\t<\/div>\n\t\t\t\t<\/div>\n\t\t\t\t<div class=\"elementor-element elementor-element-0afd5a0 elementor-widget__width-initial elementor-invisible elementor-widget elementor-widget-text-editor\" data-id=\"0afd5a0\" data-element_type=\"widget\" data-e-type=\"widget\" data-settings=\"{&quot;_animation&quot;:&quot;fadeIn&quot;,&quot;_animation_delay&quot;:300}\" data-widget_type=\"text-editor.default\">\n\t\t\t\t<div class=\"elementor-widget-container\">\n\t\t\t\t\t\t\t\t\t<p>Direkt neben der malerischen Stadt Eretria gelegen, das Amaronda Resort &amp; Spa bietet den perfekten R\u00fcckzugsort auf der Insel Eub\u00f6a, nur eine kurze Autofahrt von Athen entfernt.<\/p>\t\t\t\t\t\t\t\t<\/div>\n\t\t\t\t<\/div>\n\t\t\t\t\t<\/div>\n\t\t\t\t<\/div>\n\t\t<div class=\"elementor-element elementor-element-5b7c6be e-flex e-con-boxed e-con e-parent\" data-id=\"5b7c6be\" data-element_type=\"container\" data-e-type=\"container\" data-settings=\"{&quot;jet_parallax_layout_list&quot;:[]}\">\n\t\t\t\t\t<div class=\"e-con-inner\">\n\t\t\t\t<div class=\"elementor-element elementor-element-1a8683c elementor-widget elementor-widget-image\" data-id=\"1a8683c\" data-element_type=\"widget\" data-e-type=\"widget\" data-widget_type=\"image.default\">\n\t\t\t\t<div class=\"elementor-widget-container\">\n\t\t\t\t\t\t\t\t\t\t\t\t\t\t\t<img fetchpriority=\"high\" decoding=\"async\" width=\"800\" height=\"599\" src=\"https:\/\/amarondaresort.com\/wp-content\/uploads\/2024\/07\/eretria-hero-new-1024x767.webp\" class=\"attachment-large size-large wp-image-3198\" alt=\"\" srcset=\"https:\/\/amarondaresort.com\/wp-content\/uploads\/2024\/07\/eretria-hero-new-1024x767.webp 1024w, https:\/\/amarondaresort.com\/wp-content\/uploads\/2024\/07\/eretria-hero-new-300x225.webp 300w, https:\/\/amarondaresort.com\/wp-content\/uploads\/2024\/07\/eretria-hero-new-768x575.webp 768w, https:\/\/amarondaresort.com\/wp-content\/uploads\/2024\/07\/eretria-hero-new.webp 1300w\" sizes=\"(max-width: 800px) 100vw, 800px\" \/>\t\t\t\t\t\t\t\t\t\t\t\t\t\t\t<\/div>\n\t\t\t\t<\/div>\n\t\t\t\t\t<\/div>\n\t\t\t\t<\/div>\n\t\t<div class=\"elementor-element elementor-element-d67ca04 e-flex e-con-boxed e-con e-parent\" data-id=\"d67ca04\" data-element_type=\"container\" data-e-type=\"container\" data-settings=\"{&quot;background_background&quot;:&quot;classic&quot;,&quot;jet_parallax_layout_list&quot;:[]}\">\n\t\t\t\t\t<div class=\"e-con-inner\">\n\t\t<div class=\"elementor-element elementor-element-f6a80b9 e-con-full e-flex e-con e-child\" data-id=\"f6a80b9\" data-element_type=\"container\" data-e-type=\"container\" data-settings=\"{&quot;jet_parallax_layout_list&quot;:[]}\">\n\t\t\t\t<div class=\"elementor-element elementor-element-bd10373 elementor-widget elementor-widget-heading\" data-id=\"bd10373\" data-element_type=\"widget\" data-e-type=\"widget\" data-widget_type=\"heading.default\">\n\t\t\t\t<div class=\"elementor-widget-container\">\n\t\t\t\t\t<h2 class=\"elementor-heading-title elementor-size-default\">\u00dcber Eretria<\/h2>\t\t\t\t<\/div>\n\t\t\t\t<\/div>\n\t\t\t\t<div class=\"elementor-element elementor-element-238beed elementor-widget__width-inherit elementor-widget elementor-widget-text-editor\" data-id=\"238beed\" data-element_type=\"widget\" data-e-type=\"widget\" data-widget_type=\"text-editor.default\">\n\t\t\t\t<div class=\"elementor-widget-container\">\n\t\t\t\t\t\t\t\t\t<p>Eretria ist reich an Geschichte und Natursch\u00f6nheiten und bekannt f\u00fcr seine antiken Ruinen, bezaubernden K\u00fcstenpromenaden und die lebendige lokale Kultur. G\u00e4ste k\u00f6nnen arch\u00e4ologische St\u00e4tten erkunden, am Wasser speisen oder einfach an den wundersch\u00f6nen Str\u00e4nden in der N\u00e4he entspannen. Dank der erstklassigen Lage von Amaronda k\u00f6nnen Sie sowohl die Ruhe des Resorts als auch die kulturellen Attraktionen von Eretria erleben und so die perfekte Balance f\u00fcr einen unvergesslichen Urlaub schaffen.<\/p>\t\t\t\t\t\t\t\t<\/div>\n\t\t\t\t<\/div>\n\t\t\t\t<\/div>\n\t\t\t\t\t<\/div>\n\t\t\t\t<\/div>\n\t\t<div class=\"elementor-element elementor-element-3255e4d e-con-full e-flex e-con e-parent\" data-id=\"3255e4d\" data-element_type=\"container\" data-e-type=\"container\" data-settings=\"{&quot;jet_parallax_layout_list&quot;:[]}\">\n\t\t<div class=\"elementor-element elementor-element-1044c98 e-flex e-con-boxed e-con e-child\" data-id=\"1044c98\" data-element_type=\"container\" data-e-type=\"container\" data-settings=\"{&quot;jet_parallax_layout_list&quot;:[]}\">\n\t\t\t\t\t<div class=\"e-con-inner\">\n\t\t\t\t<div class=\"elementor-element elementor-element-dbc6465 elementor-hidden-mobile elementor-invisible elementor-widget elementor-widget-image\" data-id=\"dbc6465\" data-element_type=\"widget\" data-e-type=\"widget\" data-settings=\"{&quot;_animation&quot;:&quot;fadeIn&quot;,&quot;_animation_delay&quot;:500}\" data-widget_type=\"image.default\">\n\t\t\t\t<div class=\"elementor-widget-container\">\n\t\t\t\t\t\t\t\t\t\t\t\t\t\t\t<img decoding=\"async\" width=\"1920\" height=\"636\" src=\"https:\/\/amarondaresort.com\/wp-content\/uploads\/2024\/05\/Frame-25.webp\" class=\"attachment-full size-full wp-image-100\" alt=\"\" srcset=\"https:\/\/amarondaresort.com\/wp-content\/uploads\/2024\/05\/Frame-25.webp 1920w, https:\/\/amarondaresort.com\/wp-content\/uploads\/2024\/05\/Frame-25-300x99.webp 300w, https:\/\/amarondaresort.com\/wp-content\/uploads\/2024\/05\/Frame-25-1024x339.webp 1024w, https:\/\/amarondaresort.com\/wp-content\/uploads\/2024\/05\/Frame-25-768x254.webp 768w, https:\/\/amarondaresort.com\/wp-content\/uploads\/2024\/05\/Frame-25-1536x509.webp 1536w\" sizes=\"(max-width: 1920px) 100vw, 1920px\" \/>\t\t\t\t\t\t\t\t\t\t\t\t\t\t\t<\/div>\n\t\t\t\t<\/div>\n\t\t\t\t\t<\/div>\n\t\t\t\t<\/div>\n\t\t\t\t<\/div>\n\t\t<div class=\"elementor-element elementor-element-b0bdb1f e-flex e-con-boxed e-con e-parent\" data-id=\"b0bdb1f\" data-element_type=\"container\" data-e-type=\"container\" data-settings=\"{&quot;jet_parallax_layout_list&quot;:[]}\">\n\t\t\t\t\t<div class=\"e-con-inner\">\n\t\t\t\t<div class=\"elementor-element elementor-element-7069c1a elementor-hidden-desktop elementor-hidden-tablet elementor-widget elementor-widget-image\" data-id=\"7069c1a\" data-element_type=\"widget\" data-e-type=\"widget\" data-widget_type=\"image.default\">\n\t\t\t\t<div class=\"elementor-widget-container\">\n\t\t\t\t\t\t\t\t\t\t\t\t\t\t\t<img decoding=\"async\" width=\"324\" height=\"980\" src=\"https:\/\/amarondaresort.com\/wp-content\/uploads\/2024\/06\/Frame-25-1.jpg\" class=\"attachment-full size-full wp-image-1518\" alt=\"\" srcset=\"https:\/\/amarondaresort.com\/wp-content\/uploads\/2024\/06\/Frame-25-1.jpg 324w, https:\/\/amarondaresort.com\/wp-content\/uploads\/2024\/06\/Frame-25-1-99x300.jpg 99w\" sizes=\"(max-width: 324px) 100vw, 324px\" \/>\t\t\t\t\t\t\t\t\t\t\t\t\t\t\t<\/div>\n\t\t\t\t<\/div>\n\t\t\t\t\t<\/div>\n\t\t\t\t<\/div>\n\t\t\t\t<\/div>\n\t\t","protected":false},"excerpt":{"rendered":"<p>Direkt neben der malerischen Stadt Eretria gelegen, das Amaronda Resort &amp; Spa bietet den perfekten R\u00fcckzugsort auf der Insel Eub\u00f6a, nur eine kurze Autofahrt von Athen entfernt. \u00dcber Eretria Eretria ist reich an Geschichte und Natursch\u00f6nheiten und bekannt f\u00fcr seine antiken Ruinen, bezaubernden K\u00fcstenpromenaden und die lebendige lokale Kultur. G\u00e4ste k\u00f6nnen arch\u00e4ologische St\u00e4tten erkunden, am [&hellip;]<\/p>\n","protected":false},"author":3,"featured_media":0,"parent":0,"menu_order":0,"comment_status":"closed","ping_status":"closed","template":"","meta":{"footnotes":""},"class_list":["post-5333","page","type-page","status-publish","hentry"],"yoast_head":"<!-- This site is optimized with the Yoast SEO plugin v27.2 - https:\/\/yoast.com\/product\/yoast-seo-wordpress\/ -->\n<title>Lage - Amaronda Resort<\/title>\n<meta name=\"robots\" content=\"index, follow, max-snippet:-1, max-image-preview:large, max-video-preview:-1\" \/>\n<link rel=\"canonical\" href=\"https:\/\/amarondaresort.com\/de\/location-2\/\" \/>\n<meta property=\"og:locale\" content=\"de_DE\" \/>\n<meta property=\"og:type\" content=\"article\" \/>\n<meta property=\"og:title\" content=\"Lage - Amaronda Resort\" \/>\n<meta property=\"og:description\" content=\"Direkt neben der malerischen Stadt Eretria gelegen, das Amaronda Resort &amp; Spa bietet den perfekten R\u00fcckzugsort auf der Insel Eub\u00f6a, nur eine kurze Autofahrt von Athen entfernt. \u00dcber Eretria Eretria ist reich an Geschichte und Natursch\u00f6nheiten und bekannt f\u00fcr seine antiken Ruinen, bezaubernden K\u00fcstenpromenaden und die lebendige lokale Kultur. G\u00e4ste k\u00f6nnen arch\u00e4ologische St\u00e4tten erkunden, am [&hellip;]\" \/>\n<meta property=\"og:url\" content=\"https:\/\/amarondaresort.com\/de\/location-2\/\" \/>\n<meta property=\"og:site_name\" content=\"Amaronda Resort\" \/>\n<meta property=\"article:modified_time\" content=\"2025-01-16T12:19:08+00:00\" \/>\n<meta property=\"og:image\" content=\"https:\/\/amarondaresort.com\/wp-content\/uploads\/2024\/07\/eretria-hero-new.webp\" \/>\n\t<meta property=\"og:image:width\" content=\"1300\" \/>\n\t<meta property=\"og:image:height\" content=\"974\" \/>\n\t<meta property=\"og:image:type\" content=\"image\/webp\" \/>\n<meta name=\"twitter:card\" content=\"summary_large_image\" \/>\n<meta name=\"twitter:label1\" content=\"Gesch\u00e4tzte Lesezeit\" \/>\n\t<meta name=\"twitter:data1\" content=\"2\u00a0Minuten\" \/>\n<script type=\"application\/ld+json\" class=\"yoast-schema-graph\">{\"@context\":\"https:\/\/schema.org\",\"@graph\":[{\"@type\":\"WebPage\",\"@id\":\"https:\/\/amarondaresort.com\/de\/location-2\/\",\"url\":\"https:\/\/amarondaresort.com\/de\/location-2\/\",\"name\":\"Lage - Amaronda Resort\",\"isPartOf\":{\"@id\":\"https:\/\/amarondaresort.com\/de\/#website\"},\"primaryImageOfPage\":{\"@id\":\"https:\/\/amarondaresort.com\/de\/location-2\/#primaryimage\"},\"image\":{\"@id\":\"https:\/\/amarondaresort.com\/de\/location-2\/#primaryimage\"},\"thumbnailUrl\":\"https:\/\/amarondaresort.com\/wp-content\/uploads\/2024\/07\/eretria-hero-new-1024x767.webp\",\"datePublished\":\"2024-07-23T17:50:49+00:00\",\"dateModified\":\"2025-01-16T12:19:08+00:00\",\"breadcrumb\":{\"@id\":\"https:\/\/amarondaresort.com\/de\/location-2\/#breadcrumb\"},\"inLanguage\":\"de\",\"potentialAction\":[{\"@type\":\"ReadAction\",\"target\":[\"https:\/\/amarondaresort.com\/de\/location-2\/\"]}]},{\"@type\":\"ImageObject\",\"inLanguage\":\"de\",\"@id\":\"https:\/\/amarondaresort.com\/de\/location-2\/#primaryimage\",\"url\":\"https:\/\/amarondaresort.com\/wp-content\/uploads\/2024\/07\/eretria-hero-new-1024x767.webp\",\"contentUrl\":\"https:\/\/amarondaresort.com\/wp-content\/uploads\/2024\/07\/eretria-hero-new-1024x767.webp\"},{\"@type\":\"BreadcrumbList\",\"@id\":\"https:\/\/amarondaresort.com\/de\/location-2\/#breadcrumb\",\"itemListElement\":[{\"@type\":\"ListItem\",\"position\":1,\"name\":\"Home\",\"item\":\"https:\/\/amarondaresort.com\/de\/\"},{\"@type\":\"ListItem\",\"position\":2,\"name\":\"Lage\"}]},{\"@type\":\"WebSite\",\"@id\":\"https:\/\/amarondaresort.com\/de\/#website\",\"url\":\"https:\/\/amarondaresort.com\/de\/\",\"name\":\"Amaronda Resort\",\"description\":\"Experience the freedom\",\"potentialAction\":[{\"@type\":\"SearchAction\",\"target\":{\"@type\":\"EntryPoint\",\"urlTemplate\":\"https:\/\/amarondaresort.com\/de\/?s={search_term_string}\"},\"query-input\":{\"@type\":\"PropertyValueSpecification\",\"valueRequired\":true,\"valueName\":\"search_term_string\"}}],\"inLanguage\":\"de\"}]}<\/script>\n<!-- \/ Yoast SEO plugin. -->","yoast_head_json":{"title":"Lage - Amaronda Resort","robots":{"index":"index","follow":"follow","max-snippet":"max-snippet:-1","max-image-preview":"max-image-preview:large","max-video-preview":"max-video-preview:-1"},"canonical":"https:\/\/amarondaresort.com\/de\/location-2\/","og_locale":"de_DE","og_type":"article","og_title":"Lage - Amaronda Resort","og_description":"Direkt neben der malerischen Stadt Eretria gelegen, das Amaronda Resort &amp; Spa bietet den perfekten R\u00fcckzugsort auf der Insel Eub\u00f6a, nur eine kurze Autofahrt von Athen entfernt. \u00dcber Eretria Eretria ist reich an Geschichte und Natursch\u00f6nheiten und bekannt f\u00fcr seine antiken Ruinen, bezaubernden K\u00fcstenpromenaden und die lebendige lokale Kultur. G\u00e4ste k\u00f6nnen arch\u00e4ologische St\u00e4tten erkunden, am [&hellip;]","og_url":"https:\/\/amarondaresort.com\/de\/location-2\/","og_site_name":"Amaronda Resort","article_modified_time":"2025-01-16T12:19:08+00:00","og_image":[{"width":1300,"height":974,"url":"https:\/\/amarondaresort.com\/wp-content\/uploads\/2024\/07\/eretria-hero-new.webp","type":"image\/webp"}],"twitter_card":"summary_large_image","twitter_misc":{"Gesch\u00e4tzte Lesezeit":"2\u00a0Minuten"},"schema":{"@context":"https:\/\/schema.org","@graph":[{"@type":"WebPage","@id":"https:\/\/amarondaresort.com\/de\/location-2\/","url":"https:\/\/amarondaresort.com\/de\/location-2\/","name":"Lage - Amaronda Resort","isPartOf":{"@id":"https:\/\/amarondaresort.com\/de\/#website"},"primaryImageOfPage":{"@id":"https:\/\/amarondaresort.com\/de\/location-2\/#primaryimage"},"image":{"@id":"https:\/\/amarondaresort.com\/de\/location-2\/#primaryimage"},"thumbnailUrl":"https:\/\/amarondaresort.com\/wp-content\/uploads\/2024\/07\/eretria-hero-new-1024x767.webp","datePublished":"2024-07-23T17:50:49+00:00","dateModified":"2025-01-16T12:19:08+00:00","breadcrumb":{"@id":"https:\/\/amarondaresort.com\/de\/location-2\/#breadcrumb"},"inLanguage":"de","potentialAction":[{"@type":"ReadAction","target":["https:\/\/amarondaresort.com\/de\/location-2\/"]}]},{"@type":"ImageObject","inLanguage":"de","@id":"https:\/\/amarondaresort.com\/de\/location-2\/#primaryimage","url":"https:\/\/amarondaresort.com\/wp-content\/uploads\/2024\/07\/eretria-hero-new-1024x767.webp","contentUrl":"https:\/\/amarondaresort.com\/wp-content\/uploads\/2024\/07\/eretria-hero-new-1024x767.webp"},{"@type":"BreadcrumbList","@id":"https:\/\/amarondaresort.com\/de\/location-2\/#breadcrumb","itemListElement":[{"@type":"ListItem","position":1,"name":"Home","item":"https:\/\/amarondaresort.com\/de\/"},{"@type":"ListItem","position":2,"name":"Lage"}]},{"@type":"WebSite","@id":"https:\/\/amarondaresort.com\/de\/#website","url":"https:\/\/amarondaresort.com\/de\/","name":"Amaronda Resort","description":"Experience the freedom","potentialAction":[{"@type":"SearchAction","target":{"@type":"EntryPoint","urlTemplate":"https:\/\/amarondaresort.com\/de\/?s={search_term_string}"},"query-input":{"@type":"PropertyValueSpecification","valueRequired":true,"valueName":"search_term_string"}}],"inLanguage":"de"}]}},"_links":{"self":[{"href":"https:\/\/amarondaresort.com\/de\/wp-json\/wp\/v2\/pages\/5333","targetHints":{"allow":["GET"]}}],"collection":[{"href":"https:\/\/amarondaresort.com\/de\/wp-json\/wp\/v2\/pages"}],"about":[{"href":"https:\/\/amarondaresort.com\/de\/wp-json\/wp\/v2\/types\/page"}],"author":[{"embeddable":true,"href":"https:\/\/amarondaresort.com\/de\/wp-json\/wp\/v2\/users\/3"}],"replies":[{"embeddable":true,"href":"https:\/\/amarondaresort.com\/de\/wp-json\/wp\/v2\/comments?post=5333"}],"version-history":[{"count":0,"href":"https:\/\/amarondaresort.com\/de\/wp-json\/wp\/v2\/pages\/5333\/revisions"}],"wp:attachment":[{"href":"https:\/\/amarondaresort.com\/de\/wp-json\/wp\/v2\/media?parent=5333"}],"curies":[{"name":"wp","href":"https:\/\/api.w.org\/{rel}","templated":true}]}}