{"id":5294,"date":"2024-05-23T14:14:20","date_gmt":"2024-05-23T14:14:20","guid":{"rendered":"https:\/\/amarondaresort.com\/?page_id=5294"},"modified":"2025-01-16T12:18:48","modified_gmt":"2025-01-16T12:18:48","slug":"gastronomy","status":"publish","type":"page","link":"https:\/\/amarondaresort.com\/de\/gastronomy\/","title":{"rendered":"Gastronomie"},"content":{"rendered":"\t\t<div data-elementor-type=\"wp-page\" data-elementor-id=\"5294\" class=\"elementor elementor-5294\" data-elementor-post-type=\"page\">\n\t\t\t\t<div class=\"elementor-element elementor-element-087aee8 e-flex e-con-boxed e-con e-parent\" data-id=\"087aee8\" data-element_type=\"container\" data-e-type=\"container\" data-settings=\"{&quot;background_background&quot;:&quot;classic&quot;,&quot;jet_parallax_layout_list&quot;:[]}\">\n\t\t\t\t\t<div class=\"e-con-inner\">\n\t\t\t\t<div class=\"elementor-element elementor-element-fd88f12 elementor-invisible elementor-widget elementor-widget-heading\" data-id=\"fd88f12\" data-element_type=\"widget\" data-e-type=\"widget\" data-settings=\"{&quot;_animation&quot;:&quot;fadeIn&quot;,&quot;_animation_delay&quot;:300}\" data-widget_type=\"heading.default\">\n\t\t\t\t<div class=\"elementor-widget-container\">\n\t\t\t\t\t<h2 class=\"elementor-heading-title elementor-size-default\">Gastronomie at<br>\nAmaronda Resort &amp; Spa<\/h2>\t\t\t\t<\/div>\n\t\t\t\t<\/div>\n\t\t\t\t<div class=\"elementor-element elementor-element-1c8995d elementor-widget__width-initial elementor-invisible elementor-widget elementor-widget-text-editor\" data-id=\"1c8995d\" data-element_type=\"widget\" data-e-type=\"widget\" data-settings=\"{&quot;_animation&quot;:&quot;fadeIn&quot;,&quot;_animation_delay&quot;:300}\" data-widget_type=\"text-editor.default\">\n\t\t\t\t<div class=\"elementor-widget-container\">\n\t\t\t\t\t\t\t\t\t<p>Im Amaronda Resort &amp; Spa ist die Gastronomie mehr als nur eine Mahlzeit &#8211; sie ist eine Kunstform<\/p>\t\t\t\t\t\t\t\t<\/div>\n\t\t\t\t<\/div>\n\t\t\t\t\t<\/div>\n\t\t\t\t<\/div>\n\t\t<div class=\"elementor-element elementor-element-d830ff9 e-flex e-con-boxed e-con e-parent\" data-id=\"d830ff9\" data-element_type=\"container\" data-e-type=\"container\" data-settings=\"{&quot;jet_parallax_layout_list&quot;:[],&quot;background_background&quot;:&quot;classic&quot;}\">\n\t\t\t\t\t<div class=\"e-con-inner\">\n\t\t\t\t<div class=\"elementor-element elementor-element-ed0969d elementor-widget elementor-widget-image\" data-id=\"ed0969d\" data-element_type=\"widget\" data-e-type=\"widget\" data-widget_type=\"image.default\">\n\t\t\t\t<div class=\"elementor-widget-container\">\n\t\t\t\t\t\t\t\t\t\t\t\t\t\t\t<img fetchpriority=\"high\" decoding=\"async\" width=\"800\" height=\"448\" src=\"https:\/\/amarondaresort.com\/wp-content\/uploads\/2024\/10\/Rectangle-23-3-1024x574.jpg\" class=\"attachment-large size-large wp-image-3445\" alt=\"\" srcset=\"https:\/\/amarondaresort.com\/wp-content\/uploads\/2024\/10\/Rectangle-23-3-1024x574.jpg 1024w, https:\/\/amarondaresort.com\/wp-content\/uploads\/2024\/10\/Rectangle-23-3-300x168.jpg 300w, https:\/\/amarondaresort.com\/wp-content\/uploads\/2024\/10\/Rectangle-23-3-768x430.jpg 768w, https:\/\/amarondaresort.com\/wp-content\/uploads\/2024\/10\/Rectangle-23-3.jpg 1290w\" sizes=\"(max-width: 800px) 100vw, 800px\" \/>\t\t\t\t\t\t\t\t\t\t\t\t\t\t\t<\/div>\n\t\t\t\t<\/div>\n\t\t\t\t\t<\/div>\n\t\t\t\t<\/div>\n\t\t<div class=\"elementor-element elementor-element-0c98100 e-flex e-con-boxed e-con e-parent\" data-id=\"0c98100\" data-element_type=\"container\" data-e-type=\"container\" data-settings=\"{&quot;background_background&quot;:&quot;classic&quot;,&quot;jet_parallax_layout_list&quot;:[]}\">\n\t\t\t\t\t<div class=\"e-con-inner\">\n\t\t<div class=\"elementor-element elementor-element-62d8f71 e-con-full e-flex e-con e-child\" data-id=\"62d8f71\" data-element_type=\"container\" data-e-type=\"container\" data-settings=\"{&quot;jet_parallax_layout_list&quot;:[]}\">\n\t\t\t\t<div class=\"elementor-element elementor-element-ff82292 elementor-widget elementor-widget-heading\" data-id=\"ff82292\" data-element_type=\"widget\" data-e-type=\"widget\" data-widget_type=\"heading.default\">\n\t\t\t\t<div class=\"elementor-widget-container\">\n\t\t\t\t\t<h2 class=\"elementor-heading-title elementor-size-default\">Gastronomie<\/h2>\t\t\t\t<\/div>\n\t\t\t\t<\/div>\n\t\t\t\t<div class=\"elementor-element elementor-element-132b851 elementor-widget__width-inherit elementor-widget elementor-widget-text-editor\" data-id=\"132b851\" data-element_type=\"widget\" data-e-type=\"widget\" data-widget_type=\"text-editor.default\">\n\t\t\t\t<div class=\"elementor-widget-container\">\n\t\t\t\t\t\t\t\t\t<p>Unsere Auswahl an Restaurants und Bars l\u00e4dt Sie ein, eine Vielfalt an Geschm\u00e4ckern, Texturen und Aromen zu erleben, die alle mit Bedacht zubereitet werden, um Ihre Sinne zu erfreuen. Ganz gleich, ob Sie traditionelle mediterrane Gerichte, eine Mischung aus exotischen Aromen oder erfrischende Cocktails am Strand suchen, jedes kulinarische Erlebnis ist darauf ausgerichtet, Ihren Aufenthalt zu bereichern<\/p>\t\t\t\t\t\t\t\t<\/div>\n\t\t\t\t<\/div>\n\t\t\t\t<\/div>\n\t\t\t\t\t<\/div>\n\t\t\t\t<\/div>\n\t\t<div class=\"elementor-element elementor-element-0628eb9 e-flex e-con-boxed e-con e-parent\" data-id=\"0628eb9\" data-element_type=\"container\" data-e-type=\"container\" data-settings=\"{&quot;background_background&quot;:&quot;classic&quot;,&quot;jet_parallax_layout_list&quot;:[]}\">\n\t\t\t\t\t<div class=\"e-con-inner\">\n\t\t\t\t<div class=\"elementor-element elementor-element-b97d2dc elementor-invisible elementor-widget elementor-widget-heading\" data-id=\"b97d2dc\" data-element_type=\"widget\" data-e-type=\"widget\" data-settings=\"{&quot;_animation&quot;:&quot;fadeIn&quot;,&quot;_animation_delay&quot;:200}\" data-widget_type=\"heading.default\">\n\t\t\t\t<div class=\"elementor-widget-container\">\n\t\t\t\t\t<h2 class=\"elementor-heading-title elementor-size-default\">Unsere Restaurants<\/h2>\t\t\t\t<\/div>\n\t\t\t\t<\/div>\n\t\t<div class=\"elementor-element elementor-element-3fed48b e-flex e-con-boxed e-con e-child\" data-id=\"3fed48b\" data-element_type=\"container\" data-e-type=\"container\" data-settings=\"{&quot;jet_parallax_layout_list&quot;:[]}\">\n\t\t\t\t\t<div class=\"e-con-inner\">\n\t\t<div class=\"elementor-element elementor-element-b08f3ea e-flex e-con-boxed elementor-invisible e-con e-child\" data-id=\"b08f3ea\" data-element_type=\"container\" data-e-type=\"container\" data-settings=\"{&quot;jet_parallax_layout_list&quot;:[],&quot;background_background&quot;:&quot;classic&quot;,&quot;animation&quot;:&quot;fadeIn&quot;,&quot;animation_delay&quot;:150}\">\n\t\t\t\t\t<div class=\"e-con-inner\">\n\t\t<div class=\"elementor-element elementor-element-76b525f e-flex e-con-boxed e-con e-child\" data-id=\"76b525f\" data-element_type=\"container\" data-e-type=\"container\" data-settings=\"{&quot;background_background&quot;:&quot;classic&quot;,&quot;jet_parallax_layout_list&quot;:[]}\">\n\t\t\t\t\t<div class=\"e-con-inner\">\n\t\t\t\t\t<\/div>\n\t\t\t\t<\/div>\n\t\t\t\t\t<\/div>\n\t\t\t\t<\/div>\n\t\t<div class=\"elementor-element elementor-element-6f45f04 e-flex e-con-boxed elementor-invisible e-con e-child\" data-id=\"6f45f04\" data-element_type=\"container\" data-e-type=\"container\" data-settings=\"{&quot;jet_parallax_layout_list&quot;:[],&quot;background_background&quot;:&quot;classic&quot;,&quot;animation&quot;:&quot;fadeIn&quot;,&quot;animation_delay&quot;:300}\">\n\t\t\t\t\t<div class=\"e-con-inner\">\n\t\t<div class=\"elementor-element elementor-element-bd780de e-flex e-con-boxed e-con e-child\" data-id=\"bd780de\" data-element_type=\"container\" data-e-type=\"container\" data-settings=\"{&quot;background_background&quot;:&quot;classic&quot;,&quot;jet_parallax_layout_list&quot;:[]}\">\n\t\t\t\t\t<div class=\"e-con-inner\">\n\t\t\t\t\t<\/div>\n\t\t\t\t<\/div>\n\t\t\t\t\t<\/div>\n\t\t\t\t<\/div>\n\t\t<div class=\"elementor-element elementor-element-cb685cc e-flex e-con-boxed elementor-invisible e-con e-child\" data-id=\"cb685cc\" data-element_type=\"container\" data-e-type=\"container\" data-settings=\"{&quot;jet_parallax_layout_list&quot;:[],&quot;background_background&quot;:&quot;classic&quot;,&quot;animation&quot;:&quot;fadeIn&quot;,&quot;animation_delay&quot;:450}\">\n\t\t\t\t\t<div class=\"e-con-inner\">\n\t\t<div class=\"elementor-element elementor-element-d8199fd e-flex e-con-boxed e-con e-child\" data-id=\"d8199fd\" data-element_type=\"container\" data-e-type=\"container\" data-settings=\"{&quot;background_background&quot;:&quot;classic&quot;,&quot;jet_parallax_layout_list&quot;:[]}\">\n\t\t\t\t\t<div class=\"e-con-inner\">\n\t\t\t\t\t<\/div>\n\t\t\t\t<\/div>\n\t\t\t\t\t<\/div>\n\t\t\t\t<\/div>\n\t\t\t\t\t<\/div>\n\t\t\t\t<\/div>\n\t\t\t\t<div class=\"elementor-element elementor-element-1ff25a3 elementor-widget__width-initial elementor-invisible elementor-widget elementor-widget-text-editor\" data-id=\"1ff25a3\" data-element_type=\"widget\" data-e-type=\"widget\" data-settings=\"{&quot;_animation&quot;:&quot;fadeIn&quot;,&quot;_animation_delay&quot;:300}\" data-widget_type=\"text-editor.default\">\n\t\t\t\t<div class=\"elementor-widget-container\">\n\t\t\t\t\t\t\t\t\t<p>Das Ammos steht f\u00fcr die Essenz der mediterranen K\u00fcche und serviert frische, lokale Zutaten mit einer kreativen Note. Genie\u00dfen Sie eine gro\u00dfe Auswahl an griechischen Spezialit\u00e4ten, von gegrillten Meeresfr\u00fcchten bis hin zu leckeren Salaten, und genie\u00dfen Sie dabei den atemberaubenden Blick auf die \u00c4g\u00e4is. Mit seiner entspannten Atmosph\u00e4re und seinem Bekenntnis zur Authentizit\u00e4t ist das Ammos sowohl f\u00fcr ein zwangloses Mittagessen als auch f\u00fcr ein unvergessliches Abendessen geeignet.<\/p><p>Das Nooroz bietet ein raffiniertes und doch einladendes Ambiente und kombiniert Gew\u00fcrze, Texturen und Kochtechniken, die zu ebenso farbenfrohen wie k\u00f6stlichen Gerichten f\u00fchren. Hier treffen kulinarische Traditionen auf moderne Innovation und schaffen ein aufregendes und unvergessliches Esserlebnis.<\/p>\t\t\t\t\t\t\t\t<\/div>\n\t\t\t\t<\/div>\n\t\t\t\t<div class=\"elementor-element elementor-element-07d128a elementor-align-center elementor-mobile-align-justify elementor-widget elementor-widget-button\" data-id=\"07d128a\" data-element_type=\"widget\" data-e-type=\"widget\" data-widget_type=\"button.default\">\n\t\t\t\t<div class=\"elementor-widget-container\">\n\t\t\t\t\t\t\t\t\t<div class=\"elementor-button-wrapper\">\n\t\t\t\t\t<a class=\"elementor-button elementor-button-link elementor-size-sm\" href=\"https:\/\/amarondaresort.com\/en\/restaurants\/\">\n\t\t\t\t\t\t<span class=\"elementor-button-content-wrapper\">\n\t\t\t\t\t\t\t\t\t<span class=\"elementor-button-text\">Alle Restaurants entdecken<\/span>\n\t\t\t\t\t<\/span>\n\t\t\t\t\t<\/a>\n\t\t\t\t<\/div>\n\t\t\t\t\t\t\t\t<\/div>\n\t\t\t\t<\/div>\n\t\t\t\t\t<\/div>\n\t\t\t\t<\/div>\n\t\t<div class=\"elementor-element elementor-element-0dfa614 e-flex e-con-boxed e-con e-parent\" data-id=\"0dfa614\" data-element_type=\"container\" data-e-type=\"container\" data-settings=\"{&quot;background_background&quot;:&quot;classic&quot;,&quot;jet_parallax_layout_list&quot;:[]}\">\n\t\t\t\t\t<div class=\"e-con-inner\">\n\t\t\t\t<div class=\"elementor-element elementor-element-62d2590 elementor-invisible elementor-widget elementor-widget-heading\" data-id=\"62d2590\" data-element_type=\"widget\" data-e-type=\"widget\" data-settings=\"{&quot;_animation&quot;:&quot;fadeIn&quot;,&quot;_animation_delay&quot;:200}\" data-widget_type=\"heading.default\">\n\t\t\t\t<div class=\"elementor-widget-container\">\n\t\t\t\t\t<h2 class=\"elementor-heading-title elementor-size-default\">Unsere Bars<\/h2>\t\t\t\t<\/div>\n\t\t\t\t<\/div>\n\t\t<div class=\"elementor-element elementor-element-e774cd1 e-flex e-con-boxed e-con e-child\" data-id=\"e774cd1\" data-element_type=\"container\" data-e-type=\"container\" data-settings=\"{&quot;jet_parallax_layout_list&quot;:[]}\">\n\t\t\t\t\t<div class=\"e-con-inner\">\n\t\t<div class=\"elementor-element elementor-element-8a08521 e-flex e-con-boxed elementor-invisible e-con e-child\" data-id=\"8a08521\" data-element_type=\"container\" data-e-type=\"container\" data-settings=\"{&quot;jet_parallax_layout_list&quot;:[],&quot;background_background&quot;:&quot;classic&quot;,&quot;animation&quot;:&quot;fadeIn&quot;,&quot;animation_delay&quot;:150}\">\n\t\t\t\t\t<div class=\"e-con-inner\">\n\t\t<div class=\"elementor-element elementor-element-faf7012 e-flex e-con-boxed e-con e-child\" data-id=\"faf7012\" data-element_type=\"container\" data-e-type=\"container\" data-settings=\"{&quot;background_background&quot;:&quot;classic&quot;,&quot;jet_parallax_layout_list&quot;:[]}\">\n\t\t\t\t\t<div class=\"e-con-inner\">\n\t\t\t\t\t<\/div>\n\t\t\t\t<\/div>\n\t\t\t\t\t<\/div>\n\t\t\t\t<\/div>\n\t\t<div class=\"elementor-element elementor-element-da8c3b5 e-flex e-con-boxed elementor-invisible e-con e-child\" data-id=\"da8c3b5\" data-element_type=\"container\" data-e-type=\"container\" data-settings=\"{&quot;jet_parallax_layout_list&quot;:[],&quot;background_background&quot;:&quot;classic&quot;,&quot;animation&quot;:&quot;fadeIn&quot;,&quot;animation_delay&quot;:300}\">\n\t\t\t\t\t<div class=\"e-con-inner\">\n\t\t<div class=\"elementor-element elementor-element-f96e89b e-flex e-con-boxed e-con e-child\" data-id=\"f96e89b\" data-element_type=\"container\" data-e-type=\"container\" data-settings=\"{&quot;background_background&quot;:&quot;classic&quot;,&quot;jet_parallax_layout_list&quot;:[]}\">\n\t\t\t\t\t<div class=\"e-con-inner\">\n\t\t\t\t\t<\/div>\n\t\t\t\t<\/div>\n\t\t\t\t\t<\/div>\n\t\t\t\t<\/div>\n\t\t<div class=\"elementor-element elementor-element-e77dcb8 e-flex e-con-boxed elementor-invisible e-con e-child\" data-id=\"e77dcb8\" data-element_type=\"container\" data-e-type=\"container\" data-settings=\"{&quot;jet_parallax_layout_list&quot;:[],&quot;background_background&quot;:&quot;classic&quot;,&quot;animation&quot;:&quot;fadeIn&quot;,&quot;animation_delay&quot;:450}\">\n\t\t\t\t\t<div class=\"e-con-inner\">\n\t\t<div class=\"elementor-element elementor-element-ffb07dc e-flex e-con-boxed e-con e-child\" data-id=\"ffb07dc\" data-element_type=\"container\" data-e-type=\"container\" data-settings=\"{&quot;background_background&quot;:&quot;classic&quot;,&quot;jet_parallax_layout_list&quot;:[]}\">\n\t\t\t\t\t<div class=\"e-con-inner\">\n\t\t\t\t\t<\/div>\n\t\t\t\t<\/div>\n\t\t\t\t\t<\/div>\n\t\t\t\t<\/div>\n\t\t\t\t\t<\/div>\n\t\t\t\t<\/div>\n\t\t\t\t<div class=\"elementor-element elementor-element-9000691 elementor-widget__width-initial elementor-invisible elementor-widget elementor-widget-text-editor\" data-id=\"9000691\" data-element_type=\"widget\" data-e-type=\"widget\" data-settings=\"{&quot;_animation&quot;:&quot;fadeIn&quot;,&quot;_animation_delay&quot;:300}\" data-widget_type=\"text-editor.default\">\n\t\t\t\t<div class=\"elementor-widget-container\">\n\t\t\t\t\t\t\t\t\t<p>F\u00fcr alle, die eine Erfrischung in der Sonne suchen, ist die Ammos Beach Bar der perfekte Ort. Direkt am Sandstrand gelegen, bietet diese Oase am Strand eine gro\u00dfe Auswahl an Cocktails, Mocktails und leichten Snacks. Egal, ob Sie sich nach dem Schwimmen entspannen oder den Sonnenuntergang beobachten wollen, die Ammos Beach Bar ist der ideale Ort, um mit einem Drink in der Hand zu entspannen.<\/p><p>Im Ritrovo trifft Eleganz auf Entspannung. In der N\u00e4he des Pools gelegen, bietet diese stilvolle Bar eine umfangreiche Getr\u00e4nkekarte, die von charakteristischen Cocktails bis hin zu edlen Weinen und Bieren reicht.<\/p>\t\t\t\t\t\t\t\t<\/div>\n\t\t\t\t<\/div>\n\t\t\t\t<div class=\"elementor-element elementor-element-553ac67 elementor-align-center elementor-mobile-align-justify elementor-widget elementor-widget-button\" data-id=\"553ac67\" data-element_type=\"widget\" data-e-type=\"widget\" data-widget_type=\"button.default\">\n\t\t\t\t<div class=\"elementor-widget-container\">\n\t\t\t\t\t\t\t\t\t<div class=\"elementor-button-wrapper\">\n\t\t\t\t\t<a class=\"elementor-button elementor-button-link elementor-size-sm\" href=\"https:\/\/amarondaresort.com\/en\/bars\/\">\n\t\t\t\t\t\t<span class=\"elementor-button-content-wrapper\">\n\t\t\t\t\t\t\t\t\t<span class=\"elementor-button-text\">Alle Bars entdecken<\/span>\n\t\t\t\t\t<\/span>\n\t\t\t\t\t<\/a>\n\t\t\t\t<\/div>\n\t\t\t\t\t\t\t\t<\/div>\n\t\t\t\t<\/div>\n\t\t\t\t\t<\/div>\n\t\t\t\t<\/div>\n\t\t<div class=\"elementor-element elementor-element-ad6669b e-flex e-con-boxed e-con e-parent\" data-id=\"ad6669b\" data-element_type=\"container\" data-e-type=\"container\" data-settings=\"{&quot;background_background&quot;:&quot;classic&quot;,&quot;jet_parallax_layout_list&quot;:[]}\">\n\t\t\t\t\t<div class=\"e-con-inner\">\n\t\t\t\t\t<\/div>\n\t\t\t\t<\/div>\n\t\t\t\t<\/div>\n\t\t","protected":false},"excerpt":{"rendered":"<p>Gastronomie at Amaronda Resort &amp; Spa Im Amaronda Resort &amp; Spa ist die Gastronomie mehr als nur eine Mahlzeit &#8211; sie ist eine Kunstform Gastronomie Unsere Auswahl an Restaurants und Bars l\u00e4dt Sie ein, eine Vielfalt an Geschm\u00e4ckern, Texturen und Aromen zu erleben, die alle mit Bedacht zubereitet werden, um Ihre Sinne zu erfreuen. Ganz [&hellip;]<\/p>\n","protected":false},"author":3,"featured_media":0,"parent":0,"menu_order":0,"comment_status":"closed","ping_status":"closed","template":"","meta":{"footnotes":""},"class_list":["post-5294","page","type-page","status-publish","hentry"],"yoast_head":"<!-- This site is optimized with the Yoast SEO plugin v27.2 - https:\/\/yoast.com\/product\/yoast-seo-wordpress\/ -->\n<title>Gastronomie - Amaronda Resort<\/title>\n<meta name=\"robots\" content=\"index, follow, max-snippet:-1, max-image-preview:large, max-video-preview:-1\" \/>\n<link rel=\"canonical\" href=\"https:\/\/amarondaresort.com\/de\/gastronomy\/\" \/>\n<meta property=\"og:locale\" content=\"de_DE\" \/>\n<meta property=\"og:type\" content=\"article\" \/>\n<meta property=\"og:title\" content=\"Gastronomie - Amaronda Resort\" \/>\n<meta property=\"og:description\" content=\"Gastronomie at Amaronda Resort &amp; Spa Im Amaronda Resort &amp; Spa ist die Gastronomie mehr als nur eine Mahlzeit &#8211; sie ist eine Kunstform Gastronomie Unsere Auswahl an Restaurants und Bars l\u00e4dt Sie ein, eine Vielfalt an Geschm\u00e4ckern, Texturen und Aromen zu erleben, die alle mit Bedacht zubereitet werden, um Ihre Sinne zu erfreuen. Ganz [&hellip;]\" \/>\n<meta property=\"og:url\" content=\"https:\/\/amarondaresort.com\/de\/gastronomy\/\" \/>\n<meta property=\"og:site_name\" content=\"Amaronda Resort\" \/>\n<meta property=\"article:modified_time\" content=\"2025-01-16T12:18:48+00:00\" \/>\n<meta property=\"og:image\" content=\"https:\/\/amarondaresort.com\/wp-content\/uploads\/2024\/10\/Rectangle-23-3.jpg\" \/>\n\t<meta property=\"og:image:width\" content=\"1290\" \/>\n\t<meta property=\"og:image:height\" content=\"723\" \/>\n\t<meta property=\"og:image:type\" content=\"image\/jpeg\" \/>\n<meta name=\"twitter:card\" content=\"summary_large_image\" \/>\n<meta name=\"twitter:label1\" content=\"Gesch\u00e4tzte Lesezeit\" \/>\n\t<meta name=\"twitter:data1\" content=\"2\u00a0Minuten\" \/>\n<script type=\"application\/ld+json\" class=\"yoast-schema-graph\">{\"@context\":\"https:\/\/schema.org\",\"@graph\":[{\"@type\":\"WebPage\",\"@id\":\"https:\/\/amarondaresort.com\/de\/gastronomy\/\",\"url\":\"https:\/\/amarondaresort.com\/de\/gastronomy\/\",\"name\":\"Gastronomie - Amaronda Resort\",\"isPartOf\":{\"@id\":\"https:\/\/amarondaresort.com\/de\/#website\"},\"primaryImageOfPage\":{\"@id\":\"https:\/\/amarondaresort.com\/de\/gastronomy\/#primaryimage\"},\"image\":{\"@id\":\"https:\/\/amarondaresort.com\/de\/gastronomy\/#primaryimage\"},\"thumbnailUrl\":\"https:\/\/amarondaresort.com\/wp-content\/uploads\/2024\/10\/Rectangle-23-3-1024x574.jpg\",\"datePublished\":\"2024-05-23T14:14:20+00:00\",\"dateModified\":\"2025-01-16T12:18:48+00:00\",\"breadcrumb\":{\"@id\":\"https:\/\/amarondaresort.com\/de\/gastronomy\/#breadcrumb\"},\"inLanguage\":\"de\",\"potentialAction\":[{\"@type\":\"ReadAction\",\"target\":[\"https:\/\/amarondaresort.com\/de\/gastronomy\/\"]}]},{\"@type\":\"ImageObject\",\"inLanguage\":\"de\",\"@id\":\"https:\/\/amarondaresort.com\/de\/gastronomy\/#primaryimage\",\"url\":\"https:\/\/amarondaresort.com\/wp-content\/uploads\/2024\/10\/Rectangle-23-3-1024x574.jpg\",\"contentUrl\":\"https:\/\/amarondaresort.com\/wp-content\/uploads\/2024\/10\/Rectangle-23-3-1024x574.jpg\"},{\"@type\":\"BreadcrumbList\",\"@id\":\"https:\/\/amarondaresort.com\/de\/gastronomy\/#breadcrumb\",\"itemListElement\":[{\"@type\":\"ListItem\",\"position\":1,\"name\":\"Home\",\"item\":\"https:\/\/amarondaresort.com\/de\/\"},{\"@type\":\"ListItem\",\"position\":2,\"name\":\"Gastronomie\"}]},{\"@type\":\"WebSite\",\"@id\":\"https:\/\/amarondaresort.com\/de\/#website\",\"url\":\"https:\/\/amarondaresort.com\/de\/\",\"name\":\"Amaronda Resort\",\"description\":\"Experience the freedom\",\"potentialAction\":[{\"@type\":\"SearchAction\",\"target\":{\"@type\":\"EntryPoint\",\"urlTemplate\":\"https:\/\/amarondaresort.com\/de\/?s={search_term_string}\"},\"query-input\":{\"@type\":\"PropertyValueSpecification\",\"valueRequired\":true,\"valueName\":\"search_term_string\"}}],\"inLanguage\":\"de\"}]}<\/script>\n<!-- \/ Yoast SEO plugin. -->","yoast_head_json":{"title":"Gastronomie - Amaronda Resort","robots":{"index":"index","follow":"follow","max-snippet":"max-snippet:-1","max-image-preview":"max-image-preview:large","max-video-preview":"max-video-preview:-1"},"canonical":"https:\/\/amarondaresort.com\/de\/gastronomy\/","og_locale":"de_DE","og_type":"article","og_title":"Gastronomie - Amaronda Resort","og_description":"Gastronomie at Amaronda Resort &amp; Spa Im Amaronda Resort &amp; Spa ist die Gastronomie mehr als nur eine Mahlzeit &#8211; sie ist eine Kunstform Gastronomie Unsere Auswahl an Restaurants und Bars l\u00e4dt Sie ein, eine Vielfalt an Geschm\u00e4ckern, Texturen und Aromen zu erleben, die alle mit Bedacht zubereitet werden, um Ihre Sinne zu erfreuen. Ganz [&hellip;]","og_url":"https:\/\/amarondaresort.com\/de\/gastronomy\/","og_site_name":"Amaronda Resort","article_modified_time":"2025-01-16T12:18:48+00:00","og_image":[{"width":1290,"height":723,"url":"https:\/\/amarondaresort.com\/wp-content\/uploads\/2024\/10\/Rectangle-23-3.jpg","type":"image\/jpeg"}],"twitter_card":"summary_large_image","twitter_misc":{"Gesch\u00e4tzte Lesezeit":"2\u00a0Minuten"},"schema":{"@context":"https:\/\/schema.org","@graph":[{"@type":"WebPage","@id":"https:\/\/amarondaresort.com\/de\/gastronomy\/","url":"https:\/\/amarondaresort.com\/de\/gastronomy\/","name":"Gastronomie - Amaronda Resort","isPartOf":{"@id":"https:\/\/amarondaresort.com\/de\/#website"},"primaryImageOfPage":{"@id":"https:\/\/amarondaresort.com\/de\/gastronomy\/#primaryimage"},"image":{"@id":"https:\/\/amarondaresort.com\/de\/gastronomy\/#primaryimage"},"thumbnailUrl":"https:\/\/amarondaresort.com\/wp-content\/uploads\/2024\/10\/Rectangle-23-3-1024x574.jpg","datePublished":"2024-05-23T14:14:20+00:00","dateModified":"2025-01-16T12:18:48+00:00","breadcrumb":{"@id":"https:\/\/amarondaresort.com\/de\/gastronomy\/#breadcrumb"},"inLanguage":"de","potentialAction":[{"@type":"ReadAction","target":["https:\/\/amarondaresort.com\/de\/gastronomy\/"]}]},{"@type":"ImageObject","inLanguage":"de","@id":"https:\/\/amarondaresort.com\/de\/gastronomy\/#primaryimage","url":"https:\/\/amarondaresort.com\/wp-content\/uploads\/2024\/10\/Rectangle-23-3-1024x574.jpg","contentUrl":"https:\/\/amarondaresort.com\/wp-content\/uploads\/2024\/10\/Rectangle-23-3-1024x574.jpg"},{"@type":"BreadcrumbList","@id":"https:\/\/amarondaresort.com\/de\/gastronomy\/#breadcrumb","itemListElement":[{"@type":"ListItem","position":1,"name":"Home","item":"https:\/\/amarondaresort.com\/de\/"},{"@type":"ListItem","position":2,"name":"Gastronomie"}]},{"@type":"WebSite","@id":"https:\/\/amarondaresort.com\/de\/#website","url":"https:\/\/amarondaresort.com\/de\/","name":"Amaronda Resort","description":"Experience the freedom","potentialAction":[{"@type":"SearchAction","target":{"@type":"EntryPoint","urlTemplate":"https:\/\/amarondaresort.com\/de\/?s={search_term_string}"},"query-input":{"@type":"PropertyValueSpecification","valueRequired":true,"valueName":"search_term_string"}}],"inLanguage":"de"}]}},"_links":{"self":[{"href":"https:\/\/amarondaresort.com\/de\/wp-json\/wp\/v2\/pages\/5294","targetHints":{"allow":["GET"]}}],"collection":[{"href":"https:\/\/amarondaresort.com\/de\/wp-json\/wp\/v2\/pages"}],"about":[{"href":"https:\/\/amarondaresort.com\/de\/wp-json\/wp\/v2\/types\/page"}],"author":[{"embeddable":true,"href":"https:\/\/amarondaresort.com\/de\/wp-json\/wp\/v2\/users\/3"}],"replies":[{"embeddable":true,"href":"https:\/\/amarondaresort.com\/de\/wp-json\/wp\/v2\/comments?post=5294"}],"version-history":[{"count":0,"href":"https:\/\/amarondaresort.com\/de\/wp-json\/wp\/v2\/pages\/5294\/revisions"}],"wp:attachment":[{"href":"https:\/\/amarondaresort.com\/de\/wp-json\/wp\/v2\/media?parent=5294"}],"curies":[{"name":"wp","href":"https:\/\/api.w.org\/{rel}","templated":true}]}}