{"id":5285,"date":"2024-07-01T12:46:13","date_gmt":"2024-07-01T12:46:13","guid":{"rendered":"https:\/\/amarondaresort.com\/?page_id=5285"},"modified":"2025-01-16T12:18:25","modified_gmt":"2025-01-16T12:18:25","slug":"experiences","status":"publish","type":"page","link":"https:\/\/amarondaresort.com\/de\/experiences\/","title":{"rendered":"Erlebnisse"},"content":{"rendered":"\t\t<div data-elementor-type=\"wp-page\" data-elementor-id=\"5285\" class=\"elementor elementor-5285\" data-elementor-post-type=\"page\">\n\t\t\t\t<div class=\"elementor-element elementor-element-78b2c25 e-flex e-con-boxed e-con e-parent\" data-id=\"78b2c25\" data-element_type=\"container\" data-e-type=\"container\" data-settings=\"{&quot;background_background&quot;:&quot;classic&quot;,&quot;jet_parallax_layout_list&quot;:[]}\">\n\t\t\t\t\t<div class=\"e-con-inner\">\n\t\t\t\t<div class=\"elementor-element elementor-element-74bd4dc elementor-invisible elementor-widget elementor-widget-heading\" data-id=\"74bd4dc\" data-element_type=\"widget\" data-e-type=\"widget\" data-settings=\"{&quot;_animation&quot;:&quot;fadeIn&quot;,&quot;_animation_delay&quot;:300}\" data-widget_type=\"heading.default\">\n\t\t\t\t<div class=\"elementor-widget-container\">\n\t\t\t\t\t<h2 class=\"elementor-heading-title elementor-size-default\">Erlebnisse<\/h2>\t\t\t\t<\/div>\n\t\t\t\t<\/div>\n\t\t\t\t<div class=\"elementor-element elementor-element-0afd5a0 elementor-widget__width-initial elementor-invisible elementor-widget elementor-widget-text-editor\" data-id=\"0afd5a0\" data-element_type=\"widget\" data-e-type=\"widget\" data-settings=\"{&quot;_animation&quot;:&quot;fadeIn&quot;,&quot;_animation_delay&quot;:300}\" data-widget_type=\"text-editor.default\">\n\t\t\t\t<div class=\"elementor-widget-container\">\n\t\t\t\t\t\t\t\t\t<p>Genie\u00dfen Sie im Amaronda Resort &amp; Spa eine Mischung aus Abenteuer und Entspannung mit Tennis, Basketball, exklusiven Kreuzfahrten und einem luxuri\u00f6sen Spa.<\/p>\t\t\t\t\t\t\t\t<\/div>\n\t\t\t\t<\/div>\n\t\t\t\t\t<\/div>\n\t\t\t\t<\/div>\n\t\t<div class=\"elementor-element elementor-element-5b7c6be e-flex e-con-boxed e-con e-parent\" data-id=\"5b7c6be\" data-element_type=\"container\" data-e-type=\"container\" data-settings=\"{&quot;jet_parallax_layout_list&quot;:[]}\">\n\t\t\t\t\t<div class=\"e-con-inner\">\n\t\t\t\t<div class=\"elementor-element elementor-element-1a8683c elementor-widget elementor-widget-image\" data-id=\"1a8683c\" data-element_type=\"widget\" data-e-type=\"widget\" data-widget_type=\"image.default\">\n\t\t\t\t<div class=\"elementor-widget-container\">\n\t\t\t\t\t\t\t\t\t\t\t\t\t\t\t<img fetchpriority=\"high\" decoding=\"async\" width=\"800\" height=\"599\" src=\"https:\/\/amarondaresort.com\/wp-content\/uploads\/2024\/10\/experiences-hero-1024x767.jpg\" class=\"attachment-large size-large wp-image-3677\" alt=\"\" srcset=\"https:\/\/amarondaresort.com\/wp-content\/uploads\/2024\/10\/experiences-hero-1024x767.jpg 1024w, https:\/\/amarondaresort.com\/wp-content\/uploads\/2024\/10\/experiences-hero-300x225.jpg 300w, https:\/\/amarondaresort.com\/wp-content\/uploads\/2024\/10\/experiences-hero-768x575.jpg 768w, https:\/\/amarondaresort.com\/wp-content\/uploads\/2024\/10\/experiences-hero.jpg 1300w\" sizes=\"(max-width: 800px) 100vw, 800px\" \/>\t\t\t\t\t\t\t\t\t\t\t\t\t\t\t<\/div>\n\t\t\t\t<\/div>\n\t\t\t\t\t<\/div>\n\t\t\t\t<\/div>\n\t\t<div class=\"elementor-element elementor-element-d67ca04 e-flex e-con-boxed e-con e-parent\" data-id=\"d67ca04\" data-element_type=\"container\" data-e-type=\"container\" data-settings=\"{&quot;background_background&quot;:&quot;classic&quot;,&quot;jet_parallax_layout_list&quot;:[]}\">\n\t\t\t\t\t<div class=\"e-con-inner\">\n\t\t<div class=\"elementor-element elementor-element-f6a80b9 e-con-full e-flex e-con e-child\" data-id=\"f6a80b9\" data-element_type=\"container\" data-e-type=\"container\" data-settings=\"{&quot;jet_parallax_layout_list&quot;:[]}\">\n\t\t\t\t<div class=\"elementor-element elementor-element-bd10373 elementor-widget elementor-widget-heading\" data-id=\"bd10373\" data-element_type=\"widget\" data-e-type=\"widget\" data-widget_type=\"heading.default\">\n\t\t\t\t<div class=\"elementor-widget-container\">\n\t\t\t\t\t<h2 class=\"elementor-heading-title elementor-size-default\">Live Amaronda <\/h2>\t\t\t\t<\/div>\n\t\t\t\t<\/div>\n\t\t\t\t<div class=\"elementor-element elementor-element-238beed elementor-widget__width-inherit elementor-widget elementor-widget-text-editor\" data-id=\"238beed\" data-element_type=\"widget\" data-e-type=\"widget\" data-widget_type=\"text-editor.default\">\n\t\t\t\t<div class=\"elementor-widget-container\">\n\t\t\t\t\t\t\t\t\t<p>Im Amaronda Resort &amp; Spa ist jeder Moment eine Gelegenheit zum Entdecken und Entspannen. Egal, ob Sie Abenteuer oder Ruhe suchen, unsere ausgew\u00e4hlten Erlebnisse bieten f\u00fcr jeden etwas. Tauchen Sie bei unseren exklusiven<strong> Blue Lemur-Motorbootfahrten<\/strong> in das kristallklare Wasser ein, erkunden Sie versteckte Str\u00e4nde oder genie\u00dfen Sie ein gem\u00fctliches Bad in unserem ruhigen Pool. Wer sich gerne aktiv bet\u00e4tigen m\u00f6chte, kann sich auf unseren <strong>Tennispl\u00e4tzen<\/strong> herausfordern oder auf unserem Mehrzwecksportplatz eine Partie <strong>Volleyball oder Basketball spielen<\/strong>. Bleiben Sie in unserem hochmodernen <strong>Fitnessstudio<\/strong> fit oder genie\u00dfen Sie die Sch\u00f6nheit von Evia bei einer malerischen Radtour \u2013 unser Fahrradverleih bietet die M\u00f6glichkeit.<\/p>\t\t\t\t\t\t\t\t<\/div>\n\t\t\t\t<\/div>\n\t\t\t\t<div class=\"elementor-element elementor-element-65cdbbf elementor-align-center elementor-invisible elementor-widget elementor-widget-button\" data-id=\"65cdbbf\" data-element_type=\"widget\" data-e-type=\"widget\" data-settings=\"{&quot;_animation&quot;:&quot;fadeIn&quot;,&quot;_animation_delay&quot;:400}\" data-widget_type=\"button.default\">\n\t\t\t\t<div class=\"elementor-widget-container\">\n\t\t\t\t\t\t\t\t\t<div class=\"elementor-button-wrapper\">\n\t\t\t\t\t<a class=\"elementor-button elementor-button-link elementor-size-sm\" href=\"https:\/\/amaronda.reserve-online.net\/\">\n\t\t\t\t\t\t<span class=\"elementor-button-content-wrapper\">\n\t\t\t\t\t\t\t\t\t<span class=\"elementor-button-text\">BUCHEN SIE IHREN BESUCH<\/span>\n\t\t\t\t\t<\/span>\n\t\t\t\t\t<\/a>\n\t\t\t\t<\/div>\n\t\t\t\t\t\t\t\t<\/div>\n\t\t\t\t<\/div>\n\t\t\t\t<\/div>\n\t\t\t\t\t<\/div>\n\t\t\t\t<\/div>\n\t\t<div class=\"elementor-element elementor-element-e1fc831 e-con-full e-flex e-con e-parent\" data-id=\"e1fc831\" data-element_type=\"container\" data-e-type=\"container\" data-settings=\"{&quot;jet_parallax_layout_list&quot;:[]}\">\n\t\t\t\t<div class=\"elementor-element elementor-element-9ac30ee elementor-widget elementor-widget-template\" data-id=\"9ac30ee\" data-element_type=\"widget\" data-e-type=\"widget\" data-widget_type=\"template.default\">\n\t\t\t\t<div class=\"elementor-widget-container\">\n\t\t\t\t\t\t\t<div class=\"elementor-template\">\n\t\t\t\t\t<div data-elementor-type=\"section\" data-elementor-id=\"1711\" class=\"elementor elementor-1711\" data-elementor-post-type=\"elementor_library\">\n\t\t\t<div class=\"elementor-element elementor-element-a09ef34 e-con-full e-flex e-con e-parent\" data-id=\"a09ef34\" data-element_type=\"container\" data-e-type=\"container\" data-settings=\"{&quot;background_background&quot;:&quot;classic&quot;,&quot;jet_parallax_layout_list&quot;:[]}\">\n\t\t<div class=\"elementor-element elementor-element-ad84c6e e-con-full e-flex e-con e-child\" data-id=\"ad84c6e\" data-element_type=\"container\" data-e-type=\"container\" data-settings=\"{&quot;jet_parallax_layout_list&quot;:[]}\">\n\t\t<div class=\"elementor-element elementor-element-5755b8b e-con-full e-flex elementor-invisible e-con e-child\" data-id=\"5755b8b\" data-element_type=\"container\" data-e-type=\"container\" data-settings=\"{&quot;background_background&quot;:&quot;classic&quot;,&quot;jet_parallax_layout_list&quot;:[],&quot;animation&quot;:&quot;fadeIn&quot;,&quot;animation_delay&quot;:300}\">\n\t\t\t\t<\/div>\n\t\t<div class=\"elementor-element elementor-element-07c0e3f e-flex e-con-boxed e-con e-child\" data-id=\"07c0e3f\" data-element_type=\"container\" data-e-type=\"container\" data-settings=\"{&quot;jet_parallax_layout_list&quot;:[]}\">\n\t\t\t\t\t<div class=\"e-con-inner\">\n\t\t\t\t<div class=\"elementor-element elementor-element-e20a856 elementor-invisible elementor-widget elementor-widget-heading\" data-id=\"e20a856\" data-element_type=\"widget\" data-e-type=\"widget\" data-settings=\"{&quot;_animation&quot;:&quot;fadeIn&quot;}\" data-widget_type=\"heading.default\">\n\t\t\t\t<div class=\"elementor-widget-container\">\n\t\t\t\t\t<h2 class=\"elementor-heading-title elementor-size-default\">SPORTS<\/h2>\t\t\t\t<\/div>\n\t\t\t\t<\/div>\n\t\t\t\t<div class=\"elementor-element elementor-element-9c3242f elementor-invisible elementor-widget elementor-widget-heading\" data-id=\"9c3242f\" data-element_type=\"widget\" data-e-type=\"widget\" data-settings=\"{&quot;_animation&quot;:&quot;fadeIn&quot;,&quot;_animation_delay&quot;:200}\" data-widget_type=\"heading.default\">\n\t\t\t\t<div class=\"elementor-widget-container\">\n\t\t\t\t\t<h2 class=\"elementor-heading-title elementor-size-default\">Amaronda Resort &amp; Spa indoor &amp; outdoor amenities designed to enrich your stay\n<\/h2>\t\t\t\t<\/div>\n\t\t\t\t<\/div>\n\t\t\t\t<div class=\"elementor-element elementor-element-d8ffbb4 elementor-widget__width-initial elementor-invisible elementor-widget elementor-widget-text-editor\" data-id=\"d8ffbb4\" data-element_type=\"widget\" data-e-type=\"widget\" data-settings=\"{&quot;_animation&quot;:&quot;fadeIn&quot;,&quot;_animation_delay&quot;:300}\" data-widget_type=\"text-editor.default\">\n\t\t\t\t<div class=\"elementor-widget-container\">\n\t\t\t\t\t\t\t\t\t<p><span style=\"font-weight: 400;\">Challenge friends or family to an invigorating game on our full-sized basketball court. Test your skills on one of our two pristine tennis courts. Surrounded by the resort\u2019s lush gardens, these courts provide a tranquil setting for a leisurely match or a vigorous session of play, catering to both beginners and seasoned players alike. Dive into the action with a game of beach volleyball on our sandy court or just take a ride with our bicycles!<\/span><\/p>\t\t\t\t\t\t\t\t<\/div>\n\t\t\t\t<\/div>\n\t\t\t\t\t<\/div>\n\t\t\t\t<\/div>\n\t\t\t\t<\/div>\n\t\t\t\t<\/div>\n\t\t<div class=\"elementor-element elementor-element-d7c23fd e-con-full e-flex elementor-invisible e-con e-parent\" data-id=\"d7c23fd\" data-element_type=\"container\" data-e-type=\"container\" data-settings=\"{&quot;background_background&quot;:&quot;classic&quot;,&quot;jet_parallax_layout_list&quot;:[],&quot;animation&quot;:&quot;fadeIn&quot;,&quot;animation_delay&quot;:200}\">\n\t\t<div class=\"elementor-element elementor-element-e3d37ee e-con-full e-flex e-con e-child\" data-id=\"e3d37ee\" data-element_type=\"container\" data-e-type=\"container\" data-settings=\"{&quot;jet_parallax_layout_list&quot;:[]}\">\n\t\t<div class=\"elementor-element elementor-element-0b175e7 e-con-full e-flex e-con e-child\" data-id=\"0b175e7\" data-element_type=\"container\" data-e-type=\"container\" data-settings=\"{&quot;background_background&quot;:&quot;classic&quot;,&quot;jet_parallax_layout_list&quot;:[]}\">\n\t\t\t\t<\/div>\n\t\t<div class=\"elementor-element elementor-element-83ad1ed e-flex e-con-boxed e-con e-child\" data-id=\"83ad1ed\" data-element_type=\"container\" data-e-type=\"container\" data-settings=\"{&quot;background_background&quot;:&quot;classic&quot;,&quot;jet_parallax_layout_list&quot;:[]}\">\n\t\t\t\t\t<div class=\"e-con-inner\">\n\t\t\t\t\t<\/div>\n\t\t\t\t<\/div>\n\t\t\t\t<\/div>\n\t\t\t\t<\/div>\n\t\t\t\t<\/div>\n\t\t\t\t<\/div>\n\t\t\t\t\t\t<\/div>\n\t\t\t\t<\/div>\n\t\t\t\t<\/div>\n\t\t<div class=\"elementor-element elementor-element-3255e4d e-con-full e-flex e-con e-parent\" data-id=\"3255e4d\" data-element_type=\"container\" data-e-type=\"container\" data-settings=\"{&quot;jet_parallax_layout_list&quot;:[]}\">\n\t\t\t\t<\/div>\n\t\t\t\t<\/div>\n\t\t","protected":false},"excerpt":{"rendered":"<p>Genie\u00dfen Sie im Amaronda Resort &amp; Spa eine Mischung aus Abenteuer und Entspannung mit Tennis, Basketball, exklusiven Kreuzfahrten und einem luxuri\u00f6sen Spa. Live Amaronda Im Amaronda Resort &amp; Spa ist jeder Moment eine Gelegenheit zum Entdecken und Entspannen. Egal, ob Sie Abenteuer oder Ruhe suchen, unsere ausgew\u00e4hlten Erlebnisse bieten f\u00fcr jeden etwas. Tauchen Sie bei [&hellip;]<\/p>\n","protected":false},"author":3,"featured_media":0,"parent":0,"menu_order":0,"comment_status":"closed","ping_status":"closed","template":"","meta":{"footnotes":""},"class_list":["post-5285","page","type-page","status-publish","hentry"],"yoast_head":"<!-- This site is optimized with the Yoast SEO plugin v27.2 - https:\/\/yoast.com\/product\/yoast-seo-wordpress\/ -->\n<title>Erlebnisse - Amaronda Resort<\/title>\n<meta name=\"robots\" content=\"index, follow, max-snippet:-1, max-image-preview:large, max-video-preview:-1\" \/>\n<link rel=\"canonical\" href=\"https:\/\/amarondaresort.com\/de\/experiences\/\" \/>\n<meta property=\"og:locale\" content=\"de_DE\" \/>\n<meta property=\"og:type\" content=\"article\" \/>\n<meta property=\"og:title\" content=\"Erlebnisse - Amaronda Resort\" \/>\n<meta property=\"og:description\" content=\"Genie\u00dfen Sie im Amaronda Resort &amp; Spa eine Mischung aus Abenteuer und Entspannung mit Tennis, Basketball, exklusiven Kreuzfahrten und einem luxuri\u00f6sen Spa. Live Amaronda Im Amaronda Resort &amp; Spa ist jeder Moment eine Gelegenheit zum Entdecken und Entspannen. Egal, ob Sie Abenteuer oder Ruhe suchen, unsere ausgew\u00e4hlten Erlebnisse bieten f\u00fcr jeden etwas. Tauchen Sie bei [&hellip;]\" \/>\n<meta property=\"og:url\" content=\"https:\/\/amarondaresort.com\/de\/experiences\/\" \/>\n<meta property=\"og:site_name\" content=\"Amaronda Resort\" \/>\n<meta property=\"article:modified_time\" content=\"2025-01-16T12:18:25+00:00\" \/>\n<meta property=\"og:image\" content=\"https:\/\/amarondaresort.com\/wp-content\/uploads\/2024\/10\/experiences-hero.jpg\" \/>\n\t<meta property=\"og:image:width\" content=\"1300\" \/>\n\t<meta property=\"og:image:height\" content=\"974\" \/>\n\t<meta property=\"og:image:type\" content=\"image\/jpeg\" \/>\n<meta name=\"twitter:card\" content=\"summary_large_image\" \/>\n<meta name=\"twitter:label1\" content=\"Gesch\u00e4tzte Lesezeit\" \/>\n\t<meta name=\"twitter:data1\" content=\"2\u00a0Minuten\" \/>\n<script type=\"application\/ld+json\" class=\"yoast-schema-graph\">{\"@context\":\"https:\/\/schema.org\",\"@graph\":[{\"@type\":\"WebPage\",\"@id\":\"https:\/\/amarondaresort.com\/de\/experiences\/\",\"url\":\"https:\/\/amarondaresort.com\/de\/experiences\/\",\"name\":\"Erlebnisse - Amaronda Resort\",\"isPartOf\":{\"@id\":\"https:\/\/amarondaresort.com\/de\/#website\"},\"primaryImageOfPage\":{\"@id\":\"https:\/\/amarondaresort.com\/de\/experiences\/#primaryimage\"},\"image\":{\"@id\":\"https:\/\/amarondaresort.com\/de\/experiences\/#primaryimage\"},\"thumbnailUrl\":\"https:\/\/amarondaresort.com\/wp-content\/uploads\/2024\/10\/experiences-hero-1024x767.jpg\",\"datePublished\":\"2024-07-01T12:46:13+00:00\",\"dateModified\":\"2025-01-16T12:18:25+00:00\",\"breadcrumb\":{\"@id\":\"https:\/\/amarondaresort.com\/de\/experiences\/#breadcrumb\"},\"inLanguage\":\"de\",\"potentialAction\":[{\"@type\":\"ReadAction\",\"target\":[\"https:\/\/amarondaresort.com\/de\/experiences\/\"]}]},{\"@type\":\"ImageObject\",\"inLanguage\":\"de\",\"@id\":\"https:\/\/amarondaresort.com\/de\/experiences\/#primaryimage\",\"url\":\"https:\/\/amarondaresort.com\/wp-content\/uploads\/2024\/10\/experiences-hero-1024x767.jpg\",\"contentUrl\":\"https:\/\/amarondaresort.com\/wp-content\/uploads\/2024\/10\/experiences-hero-1024x767.jpg\"},{\"@type\":\"BreadcrumbList\",\"@id\":\"https:\/\/amarondaresort.com\/de\/experiences\/#breadcrumb\",\"itemListElement\":[{\"@type\":\"ListItem\",\"position\":1,\"name\":\"Home\",\"item\":\"https:\/\/amarondaresort.com\/de\/\"},{\"@type\":\"ListItem\",\"position\":2,\"name\":\"Erlebnisse\"}]},{\"@type\":\"WebSite\",\"@id\":\"https:\/\/amarondaresort.com\/de\/#website\",\"url\":\"https:\/\/amarondaresort.com\/de\/\",\"name\":\"Amaronda Resort\",\"description\":\"Experience the freedom\",\"potentialAction\":[{\"@type\":\"SearchAction\",\"target\":{\"@type\":\"EntryPoint\",\"urlTemplate\":\"https:\/\/amarondaresort.com\/de\/?s={search_term_string}\"},\"query-input\":{\"@type\":\"PropertyValueSpecification\",\"valueRequired\":true,\"valueName\":\"search_term_string\"}}],\"inLanguage\":\"de\"}]}<\/script>\n<!-- \/ Yoast SEO plugin. -->","yoast_head_json":{"title":"Erlebnisse - Amaronda Resort","robots":{"index":"index","follow":"follow","max-snippet":"max-snippet:-1","max-image-preview":"max-image-preview:large","max-video-preview":"max-video-preview:-1"},"canonical":"https:\/\/amarondaresort.com\/de\/experiences\/","og_locale":"de_DE","og_type":"article","og_title":"Erlebnisse - Amaronda Resort","og_description":"Genie\u00dfen Sie im Amaronda Resort &amp; Spa eine Mischung aus Abenteuer und Entspannung mit Tennis, Basketball, exklusiven Kreuzfahrten und einem luxuri\u00f6sen Spa. Live Amaronda Im Amaronda Resort &amp; Spa ist jeder Moment eine Gelegenheit zum Entdecken und Entspannen. Egal, ob Sie Abenteuer oder Ruhe suchen, unsere ausgew\u00e4hlten Erlebnisse bieten f\u00fcr jeden etwas. Tauchen Sie bei [&hellip;]","og_url":"https:\/\/amarondaresort.com\/de\/experiences\/","og_site_name":"Amaronda Resort","article_modified_time":"2025-01-16T12:18:25+00:00","og_image":[{"width":1300,"height":974,"url":"https:\/\/amarondaresort.com\/wp-content\/uploads\/2024\/10\/experiences-hero.jpg","type":"image\/jpeg"}],"twitter_card":"summary_large_image","twitter_misc":{"Gesch\u00e4tzte Lesezeit":"2\u00a0Minuten"},"schema":{"@context":"https:\/\/schema.org","@graph":[{"@type":"WebPage","@id":"https:\/\/amarondaresort.com\/de\/experiences\/","url":"https:\/\/amarondaresort.com\/de\/experiences\/","name":"Erlebnisse - Amaronda Resort","isPartOf":{"@id":"https:\/\/amarondaresort.com\/de\/#website"},"primaryImageOfPage":{"@id":"https:\/\/amarondaresort.com\/de\/experiences\/#primaryimage"},"image":{"@id":"https:\/\/amarondaresort.com\/de\/experiences\/#primaryimage"},"thumbnailUrl":"https:\/\/amarondaresort.com\/wp-content\/uploads\/2024\/10\/experiences-hero-1024x767.jpg","datePublished":"2024-07-01T12:46:13+00:00","dateModified":"2025-01-16T12:18:25+00:00","breadcrumb":{"@id":"https:\/\/amarondaresort.com\/de\/experiences\/#breadcrumb"},"inLanguage":"de","potentialAction":[{"@type":"ReadAction","target":["https:\/\/amarondaresort.com\/de\/experiences\/"]}]},{"@type":"ImageObject","inLanguage":"de","@id":"https:\/\/amarondaresort.com\/de\/experiences\/#primaryimage","url":"https:\/\/amarondaresort.com\/wp-content\/uploads\/2024\/10\/experiences-hero-1024x767.jpg","contentUrl":"https:\/\/amarondaresort.com\/wp-content\/uploads\/2024\/10\/experiences-hero-1024x767.jpg"},{"@type":"BreadcrumbList","@id":"https:\/\/amarondaresort.com\/de\/experiences\/#breadcrumb","itemListElement":[{"@type":"ListItem","position":1,"name":"Home","item":"https:\/\/amarondaresort.com\/de\/"},{"@type":"ListItem","position":2,"name":"Erlebnisse"}]},{"@type":"WebSite","@id":"https:\/\/amarondaresort.com\/de\/#website","url":"https:\/\/amarondaresort.com\/de\/","name":"Amaronda Resort","description":"Experience the freedom","potentialAction":[{"@type":"SearchAction","target":{"@type":"EntryPoint","urlTemplate":"https:\/\/amarondaresort.com\/de\/?s={search_term_string}"},"query-input":{"@type":"PropertyValueSpecification","valueRequired":true,"valueName":"search_term_string"}}],"inLanguage":"de"}]}},"_links":{"self":[{"href":"https:\/\/amarondaresort.com\/de\/wp-json\/wp\/v2\/pages\/5285","targetHints":{"allow":["GET"]}}],"collection":[{"href":"https:\/\/amarondaresort.com\/de\/wp-json\/wp\/v2\/pages"}],"about":[{"href":"https:\/\/amarondaresort.com\/de\/wp-json\/wp\/v2\/types\/page"}],"author":[{"embeddable":true,"href":"https:\/\/amarondaresort.com\/de\/wp-json\/wp\/v2\/users\/3"}],"replies":[{"embeddable":true,"href":"https:\/\/amarondaresort.com\/de\/wp-json\/wp\/v2\/comments?post=5285"}],"version-history":[{"count":0,"href":"https:\/\/amarondaresort.com\/de\/wp-json\/wp\/v2\/pages\/5285\/revisions"}],"wp:attachment":[{"href":"https:\/\/amarondaresort.com\/de\/wp-json\/wp\/v2\/media?parent=5285"}],"curies":[{"name":"wp","href":"https:\/\/api.w.org\/{rel}","templated":true}]}}