{"id":5277,"date":"2024-05-23T14:15:19","date_gmt":"2024-05-23T14:15:19","guid":{"rendered":"https:\/\/amarondaresort.com\/?page_id=5277"},"modified":"2025-06-09T14:18:16","modified_gmt":"2025-06-09T14:18:16","slug":"day-pass","status":"publish","type":"page","link":"https:\/\/amarondaresort.com\/de\/day-pass\/","title":{"rendered":"Day Pass"},"content":{"rendered":"\t\t<div data-elementor-type=\"wp-page\" data-elementor-id=\"5277\" class=\"elementor elementor-5277\" data-elementor-post-type=\"page\">\n\t\t\t\t<div class=\"elementor-element elementor-element-e8d2d47 e-flex e-con-boxed e-con e-parent\" data-id=\"e8d2d47\" data-element_type=\"container\" data-e-type=\"container\" data-settings=\"{&quot;background_background&quot;:&quot;classic&quot;,&quot;jet_parallax_layout_list&quot;:[]}\">\n\t\t\t\t\t<div class=\"e-con-inner\">\n\t\t<div class=\"elementor-element elementor-element-cc8ecd5 e-flex e-con-boxed e-con e-child\" data-id=\"cc8ecd5\" data-element_type=\"container\" data-e-type=\"container\" data-settings=\"{&quot;jet_parallax_layout_list&quot;:[]}\">\n\t\t\t\t\t<div class=\"e-con-inner\">\n\t\t\t\t<div class=\"elementor-element elementor-element-6b020c9 elementor-widget-tablet__width-initial elementor-widget-mobile__width-inherit elementor-invisible elementor-widget elementor-widget-heading\" data-id=\"6b020c9\" data-element_type=\"widget\" data-e-type=\"widget\" data-settings=\"{&quot;_animation&quot;:&quot;fadeIn&quot;,&quot;_animation_delay&quot;:300}\" data-widget_type=\"heading.default\">\n\t\t\t\t<div class=\"elementor-widget-container\">\n\t\t\t\t\t<h2 class=\"elementor-heading-title elementor-size-default\">Tagespass<\/h2>\t\t\t\t<\/div>\n\t\t\t\t<\/div>\n\t\t\t\t<div class=\"elementor-element elementor-element-ec874a9 elementor-widget__width-initial elementor-invisible elementor-widget elementor-widget-text-editor\" data-id=\"ec874a9\" data-element_type=\"widget\" data-e-type=\"widget\" data-settings=\"{&quot;_animation&quot;:&quot;fadeIn&quot;,&quot;_animation_delay&quot;:300}\" data-widget_type=\"text-editor.default\">\n\t\t\t\t<div class=\"elementor-widget-container\">\n\t\t\t\t\t\t\t\t\t<p>G\u00f6nnen Sie sich einen erholsamen Tag am Meer. Ob Sie Ruhe unter der Sonne, eine erfrischende Abk\u00fchlung im Wasser oder eine entspannte Atmosph\u00e4re direkt am Strand suchen \u2013 der <strong>Amaronda Tagespass<\/strong> bietet alles, was Sie f\u00fcr einen sorgenfreien Sommertag in einem eleganten Resort brauchen.<\/p>\t\t\t\t\t\t\t\t<\/div>\n\t\t\t\t<\/div>\n\t\t\t\t\t<\/div>\n\t\t\t\t<\/div>\n\t\t\t\t\t<\/div>\n\t\t\t\t<\/div>\n\t\t<div class=\"elementor-element elementor-element-9927deb e-flex e-con-boxed e-con e-parent\" data-id=\"9927deb\" data-element_type=\"container\" data-e-type=\"container\" data-settings=\"{&quot;jet_parallax_layout_list&quot;:[]}\">\n\t\t\t\t\t<div class=\"e-con-inner\">\n\t\t\t\t<div class=\"elementor-element elementor-element-2b85042 elementor-widget elementor-widget-image\" data-id=\"2b85042\" data-element_type=\"widget\" data-e-type=\"widget\" data-widget_type=\"image.default\">\n\t\t\t\t<div class=\"elementor-widget-container\">\n\t\t\t\t\t\t\t\t\t\t\t\t\t\t\t<img fetchpriority=\"high\" decoding=\"async\" width=\"800\" height=\"447\" src=\"https:\/\/amarondaresort.com\/wp-content\/uploads\/2024\/07\/day-pass-hero.webp\" class=\"attachment-large size-large wp-image-2595\" alt=\"\" srcset=\"https:\/\/amarondaresort.com\/wp-content\/uploads\/2024\/07\/day-pass-hero.webp 860w, https:\/\/amarondaresort.com\/wp-content\/uploads\/2024\/07\/day-pass-hero-300x167.webp 300w, https:\/\/amarondaresort.com\/wp-content\/uploads\/2024\/07\/day-pass-hero-768x429.webp 768w\" sizes=\"(max-width: 800px) 100vw, 800px\" \/>\t\t\t\t\t\t\t\t\t\t\t\t\t\t\t<\/div>\n\t\t\t\t<\/div>\n\t\t\t\t\t<\/div>\n\t\t\t\t<\/div>\n\t\t<div class=\"elementor-element elementor-element-267b449 e-flex e-con-boxed e-con e-parent\" data-id=\"267b449\" data-element_type=\"container\" data-e-type=\"container\" data-settings=\"{&quot;background_background&quot;:&quot;classic&quot;,&quot;jet_parallax_layout_list&quot;:[]}\">\n\t\t\t\t\t<div class=\"e-con-inner\">\n\t\t<div class=\"elementor-element elementor-element-f886cd5 e-con-full e-flex e-con e-child\" data-id=\"f886cd5\" data-element_type=\"container\" data-e-type=\"container\" data-settings=\"{&quot;jet_parallax_layout_list&quot;:[]}\">\n\t\t\t\t<div class=\"elementor-element elementor-element-18a2f78 elementor-widget elementor-widget-heading\" data-id=\"18a2f78\" data-element_type=\"widget\" data-e-type=\"widget\" data-widget_type=\"heading.default\">\n\t\t\t\t<div class=\"elementor-widget-container\">\n\t\t\t\t\t<h2 class=\"elementor-heading-title elementor-size-default\">Tagespass kaufen<\/h2>\t\t\t\t<\/div>\n\t\t\t\t<\/div>\n\t\t\t\t<div class=\"elementor-element elementor-element-e789ee0 elementor-widget__width-inherit elementor-widget elementor-widget-text-editor\" data-id=\"e789ee0\" data-element_type=\"widget\" data-e-type=\"widget\" data-widget_type=\"text-editor.default\">\n\t\t\t\t<div class=\"elementor-widget-container\">\n\t\t\t\t\t\t\t\t\t<p>Entspannen Sie am Meer, genie\u00dfen Sie die Sonne und tauchen Sie f\u00fcr einen Tag in das Resort-Erlebnis ein. Der Amaronda Tagespass bietet Ihnen die M\u00f6glichkeit, die Einrichtungen des Resorts zu nutzen und die wundersch\u00f6ne Umgebung zu genie\u00dfen \u2013 auch ohne \u00dcbernachtung.<\/p><p><strong>Was ist enthalten<\/strong><\/p><ul><li>Zugang von 09:00 bis 19:00 Uhr<\/li><li>Nutzung von Sonnenliegen und Sonnenschirmen am Strand<\/li><li>Voller Zugang zum Strand Bereich des Resorts<br \/><br \/><\/li><\/ul><p>Ob Sie nach einem ruhigen Tag in der Sonne oder nach Qualit\u00e4tszeit mit Freunden und Familie suchen \u2013 der <strong>Amaronda Tagespass<\/strong> wurde entwickelt, um Ihnen das ultimative Sommererlebnis zu bieten.<\/p>\t\t\t\t\t\t\t\t<\/div>\n\t\t\t\t<\/div>\n\t\t\t\t<div class=\"elementor-element elementor-element-9d213e3 elementor-align-center elementor-mobile-align-justify elementor-invisible elementor-widget elementor-widget-button\" data-id=\"9d213e3\" data-element_type=\"widget\" data-e-type=\"widget\" data-settings=\"{&quot;_animation&quot;:&quot;fadeIn&quot;,&quot;_animation_delay&quot;:400}\" data-widget_type=\"button.default\">\n\t\t\t\t<div class=\"elementor-widget-container\">\n\t\t\t\t\t\t\t\t\t<div class=\"elementor-button-wrapper\">\n\t\t\t\t\t<a class=\"elementor-button elementor-button-link elementor-size-sm\" href=\"mailto:info@amarondaresort.com\">\n\t\t\t\t\t\t<span class=\"elementor-button-content-wrapper\">\n\t\t\t\t\t\t\t\t\t<span class=\"elementor-button-text\">BUCHEN SIE IHREN BESUCH<\/span>\n\t\t\t\t\t<\/span>\n\t\t\t\t\t<\/a>\n\t\t\t\t<\/div>\n\t\t\t\t\t\t\t\t<\/div>\n\t\t\t\t<\/div>\n\t\t\t\t<\/div>\n\t\t\t\t\t<\/div>\n\t\t\t\t<\/div>\n\t\t<div class=\"elementor-element elementor-element-709c81a e-con-full e-flex e-con e-parent\" data-id=\"709c81a\" data-element_type=\"container\" data-e-type=\"container\" data-settings=\"{&quot;background_background&quot;:&quot;classic&quot;,&quot;jet_parallax_layout_list&quot;:[]}\">\n\t\t<div class=\"elementor-element elementor-element-b3b3d30 e-con-full e-flex e-con e-child\" data-id=\"b3b3d30\" data-element_type=\"container\" data-e-type=\"container\" data-settings=\"{&quot;jet_parallax_layout_list&quot;:[]}\">\n\t\t<div class=\"elementor-element elementor-element-fa19067 e-con-full e-flex elementor-invisible e-con e-child\" data-id=\"fa19067\" data-element_type=\"container\" data-e-type=\"container\" data-settings=\"{&quot;background_background&quot;:&quot;classic&quot;,&quot;jet_parallax_layout_list&quot;:[],&quot;animation&quot;:&quot;fadeIn&quot;,&quot;animation_delay&quot;:300}\">\n\t\t\t\t<\/div>\n\t\t<div class=\"elementor-element elementor-element-b0a94ff e-flex e-con-boxed e-con e-child\" data-id=\"b0a94ff\" data-element_type=\"container\" data-e-type=\"container\" data-settings=\"{&quot;jet_parallax_layout_list&quot;:[]}\">\n\t\t\t\t\t<div class=\"e-con-inner\">\n\t\t\t\t<div class=\"elementor-element elementor-element-c035f31 elementor-invisible elementor-widget elementor-widget-heading\" data-id=\"c035f31\" data-element_type=\"widget\" data-e-type=\"widget\" data-settings=\"{&quot;_animation&quot;:&quot;fadeIn&quot;,&quot;_animation_delay&quot;:200}\" data-widget_type=\"heading.default\">\n\t\t\t\t<div class=\"elementor-widget-container\">\n\t\t\t\t\t<h2 class=\"elementor-heading-title elementor-size-default\">Ein kulinarisches Erlebnis am Meer<\/h2>\t\t\t\t<\/div>\n\t\t\t\t<\/div>\n\t\t\t\t<div class=\"elementor-element elementor-element-e190fd2 elementor-widget__width-initial elementor-invisible elementor-widget elementor-widget-text-editor\" data-id=\"e190fd2\" data-element_type=\"widget\" data-e-type=\"widget\" data-settings=\"{&quot;_animation&quot;:&quot;fadeIn&quot;,&quot;_animation_delay&quot;:300}\" data-widget_type=\"text-editor.default\">\n\t\t\t\t<div class=\"elementor-widget-container\">\n\t\t\t\t\t\t\t\t\t<p>Genie\u00dfen Sie eine <strong>vielf\u00e4ltige Auswahl an raffinierten Geschmacksrichtungen<\/strong> in unserem renommierten Restaurant, das alle Vorlieben und W\u00fcnsche abdeckt. Im <strong>\u00e0-la-carte-Restaurant Ammos<\/strong>, unter der Leitung des preisgekr\u00f6nten K\u00fcchenchefs <strong>Gikas Xenakis<\/strong>, erwartet Sie ein unvergleichliches Geschmackserlebnis.<\/p><p>Freuen Sie sich auf erlesene Zutaten, die von lokalen Produzenten stammen, sowie auf Produkte aus dem eigenen Bio-Garten des Hotels. Von frischem Fisch bis hin zu saftigen Fleischgerichten \u2013 jedes Gericht pr\u00e4sentiert traditionelle griechische Rezepte mit einem modernen Touch.<\/p><p><strong>Die AMMOS Beach Bar<\/strong><\/p><p>Direkt am makellosen Strand des Resorts gelegen, serviert die <strong>AMMOS Beach Bar<\/strong> erfrischende Cocktails, meisterhaft zubereitet von erfahrenen Mixologen. Die Bar strahlt eine entspannte Atmosph\u00e4re aus und bietet einen ungest\u00f6rten Blick auf das funkelnde Meer \u2013 perfekt zum Abschalten und Genie\u00dfen.<\/p>\t\t\t\t\t\t\t\t<\/div>\n\t\t\t\t<\/div>\n\t\t\t\t\t<\/div>\n\t\t\t\t<\/div>\n\t\t\t\t<\/div>\n\t\t\t\t<\/div>\n\t\t<div class=\"elementor-element elementor-element-a86b1a4 e-con-full e-flex elementor-invisible e-con e-parent\" data-id=\"a86b1a4\" data-element_type=\"container\" data-e-type=\"container\" data-settings=\"{&quot;background_background&quot;:&quot;classic&quot;,&quot;jet_parallax_layout_list&quot;:[],&quot;animation&quot;:&quot;fadeIn&quot;,&quot;animation_delay&quot;:200}\">\n\t\t<div class=\"elementor-element elementor-element-427eb8f e-con-full e-flex e-con e-child\" data-id=\"427eb8f\" data-element_type=\"container\" data-e-type=\"container\" data-settings=\"{&quot;jet_parallax_layout_list&quot;:[]}\">\n\t\t<div class=\"elementor-element elementor-element-6c64210 e-con-full e-flex e-con e-child\" data-id=\"6c64210\" data-element_type=\"container\" data-e-type=\"container\" data-settings=\"{&quot;background_background&quot;:&quot;classic&quot;,&quot;jet_parallax_layout_list&quot;:[]}\">\n\t\t\t\t<\/div>\n\t\t<div class=\"elementor-element elementor-element-1482a67 e-flex e-con-boxed e-con e-child\" data-id=\"1482a67\" data-element_type=\"container\" data-e-type=\"container\" data-settings=\"{&quot;background_background&quot;:&quot;classic&quot;,&quot;jet_parallax_layout_list&quot;:[]}\">\n\t\t\t\t\t<div class=\"e-con-inner\">\n\t\t\t\t\t<\/div>\n\t\t\t\t<\/div>\n\t\t\t\t<\/div>\n\t\t\t\t<\/div>\n\t\t<div class=\"elementor-element elementor-element-177a685 e-flex e-con-boxed e-con e-parent\" data-id=\"177a685\" data-element_type=\"container\" data-e-type=\"container\" data-settings=\"{&quot;background_background&quot;:&quot;classic&quot;,&quot;jet_parallax_layout_list&quot;:[]}\">\n\t\t\t\t\t<div class=\"e-con-inner\">\n\t\t<div class=\"elementor-element elementor-element-7e030c7 e-flex e-con-boxed e-con e-child\" data-id=\"7e030c7\" data-element_type=\"container\" data-e-type=\"container\" data-settings=\"{&quot;jet_parallax_layout_list&quot;:[]}\">\n\t\t\t\t\t<div class=\"e-con-inner\">\n\t\t<div class=\"elementor-element elementor-element-0a74732 e-con-full e-flex e-con e-child\" data-id=\"0a74732\" data-element_type=\"container\" data-e-type=\"container\" data-settings=\"{&quot;background_background&quot;:&quot;classic&quot;,&quot;jet_parallax_layout_list&quot;:[]}\">\n\t\t\t\t<div class=\"elementor-element elementor-element-58aa100 elementor-invisible elementor-widget elementor-widget-heading\" data-id=\"58aa100\" data-element_type=\"widget\" data-e-type=\"widget\" data-settings=\"{&quot;_animation&quot;:&quot;fadeIn&quot;,&quot;_animation_delay&quot;:200}\" data-widget_type=\"heading.default\">\n\t\t\t\t<div class=\"elementor-widget-container\">\n\t\t\t\t\t<h2 class=\"elementor-heading-title elementor-size-default\">Willkommen im ersten griechischen Oenotherapie-Spa<\/h2>\t\t\t\t<\/div>\n\t\t\t\t<\/div>\n\t\t\t\t<div class=\"elementor-element elementor-element-0b41360 elementor-widget__width-initial elementor-invisible elementor-widget elementor-widget-text-editor\" data-id=\"0b41360\" data-element_type=\"widget\" data-e-type=\"widget\" data-settings=\"{&quot;_animation&quot;:&quot;fadeIn&quot;,&quot;_animation_delay&quot;:300}\" data-widget_type=\"text-editor.default\">\n\t\t\t\t<div class=\"elementor-widget-container\">\n\t\t\t\t\t\t\t\t\t<p>Das <strong>Lenga Spa<\/strong> ist eine luxuri\u00f6se und innovative griechische Spa-Marke, die 2009 aus den kosmetischen Produkten der Weinberge des <strong>Avantis Estate Winery<\/strong> auf Eub\u00f6a entstanden ist.<\/p><p>Die Inspiration der Gr\u00fcnderin <strong>Lenga Grigoriadou<\/strong> war die Suche nach einer neuen, ganzheitlichen Wellness-Philosophie, die K\u00f6rper und Geist st\u00e4rkt \u2013 inspiriert von \u00fcppigen Weinbergen, Rotwein und der mediterranen Ern\u00e4hrung.<\/p><p>Die <strong>Oenotherapie<\/strong>, wie der Name schon sagt, ist die seit der Antike praktizierte Heilkunst mit Trauben und deren Derivaten. Diese Tradition lebt heute weiter \u2013 bereichert durch moderne Anwendungen.<\/p>\t\t\t\t\t\t\t\t<\/div>\n\t\t\t\t<\/div>\n\t\t\t\t<div class=\"elementor-element elementor-element-490ab83 elementor-align-left elementor-mobile-align-justify elementor-invisible elementor-widget elementor-widget-button\" data-id=\"490ab83\" data-element_type=\"widget\" data-e-type=\"widget\" data-settings=\"{&quot;_animation&quot;:&quot;fadeIn&quot;,&quot;_animation_delay&quot;:400}\" data-widget_type=\"button.default\">\n\t\t\t\t<div class=\"elementor-widget-container\">\n\t\t\t\t\t\t\t\t\t<div class=\"elementor-button-wrapper\">\n\t\t\t\t\t<a class=\"elementor-button elementor-button-link elementor-size-sm\" href=\"mailto:info@amarondaresort.com\">\n\t\t\t\t\t\t<span class=\"elementor-button-content-wrapper\">\n\t\t\t\t\t\t\t\t\t<span class=\"elementor-button-text\">BUCHEN SIE IHREN<\/span>\n\t\t\t\t\t<\/span>\n\t\t\t\t\t<\/a>\n\t\t\t\t<\/div>\n\t\t\t\t\t\t\t\t<\/div>\n\t\t\t\t<\/div>\n\t\t\t\t<\/div>\n\t\t\t\t\t<\/div>\n\t\t\t\t<\/div>\n\t\t\t\t\t<\/div>\n\t\t\t\t<\/div>\n\t\t<div class=\"elementor-element elementor-element-2dfb65c e-flex e-con-boxed e-con e-parent\" data-id=\"2dfb65c\" data-element_type=\"container\" data-e-type=\"container\" data-settings=\"{&quot;jet_parallax_layout_list&quot;:[]}\">\n\t\t\t\t\t<div class=\"e-con-inner\">\n\t\t<div class=\"elementor-element elementor-element-b7f46e7 e-flex e-con-boxed e-con e-child\" data-id=\"b7f46e7\" data-element_type=\"container\" data-e-type=\"container\" data-settings=\"{&quot;jet_parallax_layout_list&quot;:[]}\">\n\t\t\t\t\t<div class=\"e-con-inner\">\n\t\t\t\t<div class=\"elementor-element elementor-element-fdac8fd elementor-invisible elementor-widget elementor-widget-heading\" data-id=\"fdac8fd\" data-element_type=\"widget\" data-e-type=\"widget\" data-settings=\"{&quot;_animation&quot;:&quot;fadeIn&quot;,&quot;_animation_delay&quot;:200}\" data-widget_type=\"heading.default\">\n\t\t\t\t<div class=\"elementor-widget-container\">\n\t\t\t\t\t<h2 class=\"elementor-heading-title elementor-size-default\">Tagespass Preise<\/h2>\t\t\t\t<\/div>\n\t\t\t\t<\/div>\n\t\t\t\t<div class=\"elementor-element elementor-element-0937e8a elementor-widget__width-initial elementor-invisible elementor-widget elementor-widget-text-editor\" data-id=\"0937e8a\" data-element_type=\"widget\" data-e-type=\"widget\" data-settings=\"{&quot;_animation&quot;:&quot;fadeIn&quot;,&quot;_animation_delay&quot;:300}\" data-widget_type=\"text-editor.default\">\n\t\t\t\t<div class=\"elementor-widget-container\">\n\t\t\t\t\t\t\t\t\t<ul><li><strong>Montag bis Donnerstag<\/strong>: 25 \u20ac pro Person<\/li><li><strong>Freitag bis Sonntag<\/strong>: 40 \u20ac pro Person<\/li><li><strong>Kinder von 0\u201312 Jahren<\/strong>: Kostenlos<\/li><li><strong>Kinder ab 12 Jahren<\/strong>: Regul\u00e4rer Preis<br \/><br \/><\/li><\/ul><p><strong>Inklusive:<\/strong> Zugang zu Sonnenliegen &amp; Sonnenschirmen am Strand<\/p>\t\t\t\t\t\t\t\t<\/div>\n\t\t\t\t<\/div>\n\t\t\t\t<div class=\"elementor-element elementor-element-75943cb elementor-align-left elementor-mobile-align-justify elementor-invisible elementor-widget elementor-widget-button\" data-id=\"75943cb\" data-element_type=\"widget\" data-e-type=\"widget\" data-settings=\"{&quot;_animation&quot;:&quot;fadeIn&quot;,&quot;_animation_delay&quot;:400}\" data-widget_type=\"button.default\">\n\t\t\t\t<div class=\"elementor-widget-container\">\n\t\t\t\t\t\t\t\t\t<div class=\"elementor-button-wrapper\">\n\t\t\t\t\t<a class=\"elementor-button elementor-button-link elementor-size-sm\" href=\"mailto:info@amarondaresort.com\">\n\t\t\t\t\t\t<span class=\"elementor-button-content-wrapper\">\n\t\t\t\t\t\t\t\t\t<span class=\"elementor-button-text\">HOLEN SIE SICH IHR ARMBAND<\/span>\n\t\t\t\t\t<\/span>\n\t\t\t\t\t<\/a>\n\t\t\t\t<\/div>\n\t\t\t\t\t\t\t\t<\/div>\n\t\t\t\t<\/div>\n\t\t\t\t\t<\/div>\n\t\t\t\t<\/div>\n\t\t<div class=\"elementor-element elementor-element-f924fb6 e-flex e-con-boxed e-con e-child\" data-id=\"f924fb6\" data-element_type=\"container\" data-e-type=\"container\" data-settings=\"{&quot;jet_parallax_layout_list&quot;:[]}\">\n\t\t\t\t\t<div class=\"e-con-inner\">\n\t\t\t\t<div class=\"elementor-element elementor-element-426c21c elementor-widget elementor-widget-image\" data-id=\"426c21c\" data-element_type=\"widget\" data-e-type=\"widget\" data-widget_type=\"image.default\">\n\t\t\t\t<div class=\"elementor-widget-container\">\n\t\t\t\t\t\t\t\t\t\t\t\t\t\t\t<img decoding=\"async\" width=\"800\" height=\"524\" src=\"https:\/\/amarondaresort.com\/wp-content\/uploads\/2024\/07\/day-pass-end.webp\" class=\"attachment-large size-large wp-image-2613\" alt=\"\" srcset=\"https:\/\/amarondaresort.com\/wp-content\/uploads\/2024\/07\/day-pass-end.webp 981w, https:\/\/amarondaresort.com\/wp-content\/uploads\/2024\/07\/day-pass-end-300x196.webp 300w, https:\/\/amarondaresort.com\/wp-content\/uploads\/2024\/07\/day-pass-end-768x503.webp 768w\" sizes=\"(max-width: 800px) 100vw, 800px\" \/>\t\t\t\t\t\t\t\t\t\t\t\t\t\t\t<\/div>\n\t\t\t\t<\/div>\n\t\t\t\t\t<\/div>\n\t\t\t\t<\/div>\n\t\t\t\t\t<\/div>\n\t\t\t\t<\/div>\n\t\t\t\t<\/div>\n\t\t","protected":false},"excerpt":{"rendered":"<p>Tagespass G\u00f6nnen Sie sich einen erholsamen Tag am Meer. Ob Sie Ruhe unter der Sonne, eine erfrischende Abk\u00fchlung im Wasser oder eine entspannte Atmosph\u00e4re direkt am Strand suchen \u2013 der Amaronda Tagespass bietet alles, was Sie f\u00fcr einen sorgenfreien Sommertag in einem eleganten Resort brauchen. Tagespass kaufen Entspannen Sie am Meer, genie\u00dfen Sie die Sonne [&hellip;]<\/p>\n","protected":false},"author":3,"featured_media":0,"parent":0,"menu_order":0,"comment_status":"closed","ping_status":"closed","template":"","meta":{"footnotes":""},"class_list":["post-5277","page","type-page","status-publish","hentry"],"yoast_head":"<!-- This site is optimized with the Yoast SEO plugin v27.2 - https:\/\/yoast.com\/product\/yoast-seo-wordpress\/ -->\n<title>Day Pass - Amaronda Resort<\/title>\n<meta name=\"robots\" content=\"index, follow, max-snippet:-1, max-image-preview:large, max-video-preview:-1\" \/>\n<link rel=\"canonical\" href=\"https:\/\/amarondaresort.com\/de\/day-pass\/\" \/>\n<meta property=\"og:locale\" content=\"de_DE\" \/>\n<meta property=\"og:type\" content=\"article\" \/>\n<meta property=\"og:title\" content=\"Day Pass - Amaronda Resort\" \/>\n<meta property=\"og:description\" content=\"Tagespass G\u00f6nnen Sie sich einen erholsamen Tag am Meer. Ob Sie Ruhe unter der Sonne, eine erfrischende Abk\u00fchlung im Wasser oder eine entspannte Atmosph\u00e4re direkt am Strand suchen \u2013 der Amaronda Tagespass bietet alles, was Sie f\u00fcr einen sorgenfreien Sommertag in einem eleganten Resort brauchen. Tagespass kaufen Entspannen Sie am Meer, genie\u00dfen Sie die Sonne [&hellip;]\" \/>\n<meta property=\"og:url\" content=\"https:\/\/amarondaresort.com\/de\/day-pass\/\" \/>\n<meta property=\"og:site_name\" content=\"Amaronda Resort\" \/>\n<meta property=\"article:modified_time\" content=\"2025-06-09T14:18:16+00:00\" \/>\n<meta property=\"og:image\" content=\"https:\/\/amarondaresort.com\/wp-content\/uploads\/2024\/07\/day-pass-hero.webp\" \/>\n\t<meta property=\"og:image:width\" content=\"860\" \/>\n\t<meta property=\"og:image:height\" content=\"480\" \/>\n\t<meta property=\"og:image:type\" content=\"image\/webp\" \/>\n<meta name=\"twitter:card\" content=\"summary_large_image\" \/>\n<meta name=\"twitter:label1\" content=\"Gesch\u00e4tzte Lesezeit\" \/>\n\t<meta name=\"twitter:data1\" content=\"3\u00a0Minuten\" \/>\n<script type=\"application\/ld+json\" class=\"yoast-schema-graph\">{\"@context\":\"https:\/\/schema.org\",\"@graph\":[{\"@type\":\"WebPage\",\"@id\":\"https:\/\/amarondaresort.com\/de\/day-pass\/\",\"url\":\"https:\/\/amarondaresort.com\/de\/day-pass\/\",\"name\":\"Day Pass - Amaronda Resort\",\"isPartOf\":{\"@id\":\"https:\/\/amarondaresort.com\/de\/#website\"},\"primaryImageOfPage\":{\"@id\":\"https:\/\/amarondaresort.com\/de\/day-pass\/#primaryimage\"},\"image\":{\"@id\":\"https:\/\/amarondaresort.com\/de\/day-pass\/#primaryimage\"},\"thumbnailUrl\":\"https:\/\/amarondaresort.com\/wp-content\/uploads\/2024\/07\/day-pass-hero.webp\",\"datePublished\":\"2024-05-23T14:15:19+00:00\",\"dateModified\":\"2025-06-09T14:18:16+00:00\",\"breadcrumb\":{\"@id\":\"https:\/\/amarondaresort.com\/de\/day-pass\/#breadcrumb\"},\"inLanguage\":\"de\",\"potentialAction\":[{\"@type\":\"ReadAction\",\"target\":[\"https:\/\/amarondaresort.com\/de\/day-pass\/\"]}]},{\"@type\":\"ImageObject\",\"inLanguage\":\"de\",\"@id\":\"https:\/\/amarondaresort.com\/de\/day-pass\/#primaryimage\",\"url\":\"https:\/\/amarondaresort.com\/wp-content\/uploads\/2024\/07\/day-pass-hero.webp\",\"contentUrl\":\"https:\/\/amarondaresort.com\/wp-content\/uploads\/2024\/07\/day-pass-hero.webp\"},{\"@type\":\"BreadcrumbList\",\"@id\":\"https:\/\/amarondaresort.com\/de\/day-pass\/#breadcrumb\",\"itemListElement\":[{\"@type\":\"ListItem\",\"position\":1,\"name\":\"Home\",\"item\":\"https:\/\/amarondaresort.com\/de\/\"},{\"@type\":\"ListItem\",\"position\":2,\"name\":\"Day Pass\"}]},{\"@type\":\"WebSite\",\"@id\":\"https:\/\/amarondaresort.com\/de\/#website\",\"url\":\"https:\/\/amarondaresort.com\/de\/\",\"name\":\"Amaronda Resort\",\"description\":\"Experience the freedom\",\"potentialAction\":[{\"@type\":\"SearchAction\",\"target\":{\"@type\":\"EntryPoint\",\"urlTemplate\":\"https:\/\/amarondaresort.com\/de\/?s={search_term_string}\"},\"query-input\":{\"@type\":\"PropertyValueSpecification\",\"valueRequired\":true,\"valueName\":\"search_term_string\"}}],\"inLanguage\":\"de\"}]}<\/script>\n<!-- \/ Yoast SEO plugin. -->","yoast_head_json":{"title":"Day Pass - Amaronda Resort","robots":{"index":"index","follow":"follow","max-snippet":"max-snippet:-1","max-image-preview":"max-image-preview:large","max-video-preview":"max-video-preview:-1"},"canonical":"https:\/\/amarondaresort.com\/de\/day-pass\/","og_locale":"de_DE","og_type":"article","og_title":"Day Pass - Amaronda Resort","og_description":"Tagespass G\u00f6nnen Sie sich einen erholsamen Tag am Meer. Ob Sie Ruhe unter der Sonne, eine erfrischende Abk\u00fchlung im Wasser oder eine entspannte Atmosph\u00e4re direkt am Strand suchen \u2013 der Amaronda Tagespass bietet alles, was Sie f\u00fcr einen sorgenfreien Sommertag in einem eleganten Resort brauchen. Tagespass kaufen Entspannen Sie am Meer, genie\u00dfen Sie die Sonne [&hellip;]","og_url":"https:\/\/amarondaresort.com\/de\/day-pass\/","og_site_name":"Amaronda Resort","article_modified_time":"2025-06-09T14:18:16+00:00","og_image":[{"width":860,"height":480,"url":"https:\/\/amarondaresort.com\/wp-content\/uploads\/2024\/07\/day-pass-hero.webp","type":"image\/webp"}],"twitter_card":"summary_large_image","twitter_misc":{"Gesch\u00e4tzte Lesezeit":"3\u00a0Minuten"},"schema":{"@context":"https:\/\/schema.org","@graph":[{"@type":"WebPage","@id":"https:\/\/amarondaresort.com\/de\/day-pass\/","url":"https:\/\/amarondaresort.com\/de\/day-pass\/","name":"Day Pass - Amaronda Resort","isPartOf":{"@id":"https:\/\/amarondaresort.com\/de\/#website"},"primaryImageOfPage":{"@id":"https:\/\/amarondaresort.com\/de\/day-pass\/#primaryimage"},"image":{"@id":"https:\/\/amarondaresort.com\/de\/day-pass\/#primaryimage"},"thumbnailUrl":"https:\/\/amarondaresort.com\/wp-content\/uploads\/2024\/07\/day-pass-hero.webp","datePublished":"2024-05-23T14:15:19+00:00","dateModified":"2025-06-09T14:18:16+00:00","breadcrumb":{"@id":"https:\/\/amarondaresort.com\/de\/day-pass\/#breadcrumb"},"inLanguage":"de","potentialAction":[{"@type":"ReadAction","target":["https:\/\/amarondaresort.com\/de\/day-pass\/"]}]},{"@type":"ImageObject","inLanguage":"de","@id":"https:\/\/amarondaresort.com\/de\/day-pass\/#primaryimage","url":"https:\/\/amarondaresort.com\/wp-content\/uploads\/2024\/07\/day-pass-hero.webp","contentUrl":"https:\/\/amarondaresort.com\/wp-content\/uploads\/2024\/07\/day-pass-hero.webp"},{"@type":"BreadcrumbList","@id":"https:\/\/amarondaresort.com\/de\/day-pass\/#breadcrumb","itemListElement":[{"@type":"ListItem","position":1,"name":"Home","item":"https:\/\/amarondaresort.com\/de\/"},{"@type":"ListItem","position":2,"name":"Day Pass"}]},{"@type":"WebSite","@id":"https:\/\/amarondaresort.com\/de\/#website","url":"https:\/\/amarondaresort.com\/de\/","name":"Amaronda Resort","description":"Experience the freedom","potentialAction":[{"@type":"SearchAction","target":{"@type":"EntryPoint","urlTemplate":"https:\/\/amarondaresort.com\/de\/?s={search_term_string}"},"query-input":{"@type":"PropertyValueSpecification","valueRequired":true,"valueName":"search_term_string"}}],"inLanguage":"de"}]}},"_links":{"self":[{"href":"https:\/\/amarondaresort.com\/de\/wp-json\/wp\/v2\/pages\/5277","targetHints":{"allow":["GET"]}}],"collection":[{"href":"https:\/\/amarondaresort.com\/de\/wp-json\/wp\/v2\/pages"}],"about":[{"href":"https:\/\/amarondaresort.com\/de\/wp-json\/wp\/v2\/types\/page"}],"author":[{"embeddable":true,"href":"https:\/\/amarondaresort.com\/de\/wp-json\/wp\/v2\/users\/3"}],"replies":[{"embeddable":true,"href":"https:\/\/amarondaresort.com\/de\/wp-json\/wp\/v2\/comments?post=5277"}],"version-history":[{"count":0,"href":"https:\/\/amarondaresort.com\/de\/wp-json\/wp\/v2\/pages\/5277\/revisions"}],"wp:attachment":[{"href":"https:\/\/amarondaresort.com\/de\/wp-json\/wp\/v2\/media?parent=5277"}],"curies":[{"name":"wp","href":"https:\/\/api.w.org\/{rel}","templated":true}]}}