{"id":5273,"date":"2024-07-01T12:50:03","date_gmt":"2024-07-01T12:50:03","guid":{"rendered":"https:\/\/amarondaresort.com\/?page_id=5273"},"modified":"2025-01-15T14:30:57","modified_gmt":"2025-01-15T14:30:57","slug":"cruises","status":"publish","type":"page","link":"https:\/\/amarondaresort.com\/de\/cruises\/","title":{"rendered":"Kreuzfahrten"},"content":{"rendered":"\t\t<div data-elementor-type=\"wp-page\" data-elementor-id=\"5273\" class=\"elementor elementor-5273\" data-elementor-post-type=\"page\">\n\t\t\t\t<div class=\"elementor-element elementor-element-3d8ede8 e-flex e-con-boxed e-con e-parent\" data-id=\"3d8ede8\" data-element_type=\"container\" data-e-type=\"container\" data-settings=\"{&quot;background_background&quot;:&quot;classic&quot;,&quot;jet_parallax_layout_list&quot;:[]}\">\n\t\t\t\t\t<div class=\"e-con-inner\">\n\t\t\t\t<div class=\"elementor-element elementor-element-54361b3 elementor-invisible elementor-widget elementor-widget-heading\" data-id=\"54361b3\" data-element_type=\"widget\" data-e-type=\"widget\" data-settings=\"{&quot;_animation&quot;:&quot;fadeIn&quot;,&quot;_animation_delay&quot;:300}\" data-widget_type=\"heading.default\">\n\t\t\t\t<div class=\"elementor-widget-container\">\n\t\t\t\t\t<h2 class=\"elementor-heading-title elementor-size-default\">Kreuzfahrten mit dem Motorboot<\/h2>\t\t\t\t<\/div>\n\t\t\t\t<\/div>\n\t\t\t\t<div class=\"elementor-element elementor-element-e465331 elementor-widget__width-initial elementor-invisible elementor-widget elementor-widget-text-editor\" data-id=\"e465331\" data-element_type=\"widget\" data-e-type=\"widget\" data-settings=\"{&quot;_animation&quot;:&quot;fadeIn&quot;,&quot;_animation_delay&quot;:300}\" data-widget_type=\"text-editor.default\">\n\t\t\t\t<div class=\"elementor-widget-container\">\n\t\t\t\t\t\t\t\t\t<p>Begeben Sie sich auf ein unvergessliches Abenteuer mit den Tageskreuzfahrten von Blue Lemur<br \/>rund um die K\u00fcsten von Evia. Tauchen Sie in kristallklare Buchten ein, genie\u00dfen Sie frisch zubereitete<br \/>Mittagessen an Bord und genie\u00dfen Sie atemberaubende Ausblicke auf die K\u00fcste.<\/p>\t\t\t\t\t\t\t\t<\/div>\n\t\t\t\t<\/div>\n\t\t\t\t\t<\/div>\n\t\t\t\t<\/div>\n\t\t<div class=\"elementor-element elementor-element-c5acf15 e-flex e-con-boxed e-con e-parent\" data-id=\"c5acf15\" data-element_type=\"container\" data-e-type=\"container\" data-settings=\"{&quot;jet_parallax_layout_list&quot;:[]}\">\n\t\t\t\t\t<div class=\"e-con-inner\">\n\t\t\t\t<div class=\"elementor-element elementor-element-6aec6c4 elementor-widget elementor-widget-image\" data-id=\"6aec6c4\" data-element_type=\"widget\" data-e-type=\"widget\" data-widget_type=\"image.default\">\n\t\t\t\t<div class=\"elementor-widget-container\">\n\t\t\t\t\t\t\t\t\t\t\t\t\t\t\t<img fetchpriority=\"high\" decoding=\"async\" width=\"860\" height=\"482\" src=\"https:\/\/amarondaresort.com\/wp-content\/uploads\/2024\/10\/Rectangle-23-7-1.jpg\" class=\"attachment-full size-full wp-image-3614\" alt=\"\" srcset=\"https:\/\/amarondaresort.com\/wp-content\/uploads\/2024\/10\/Rectangle-23-7-1.jpg 860w, https:\/\/amarondaresort.com\/wp-content\/uploads\/2024\/10\/Rectangle-23-7-1-300x168.jpg 300w, https:\/\/amarondaresort.com\/wp-content\/uploads\/2024\/10\/Rectangle-23-7-1-768x430.jpg 768w\" sizes=\"(max-width: 860px) 100vw, 860px\" \/>\t\t\t\t\t\t\t\t\t\t\t\t\t\t\t<\/div>\n\t\t\t\t<\/div>\n\t\t\t\t\t<\/div>\n\t\t\t\t<\/div>\n\t\t<div class=\"elementor-element elementor-element-d499bd5 e-flex e-con-boxed e-con e-parent\" data-id=\"d499bd5\" data-element_type=\"container\" data-e-type=\"container\" data-settings=\"{&quot;background_background&quot;:&quot;classic&quot;,&quot;jet_parallax_layout_list&quot;:[]}\">\n\t\t\t\t\t<div class=\"e-con-inner\">\n\t\t<div class=\"elementor-element elementor-element-cfb6781 e-con-full e-flex e-con e-child\" data-id=\"cfb6781\" data-element_type=\"container\" data-e-type=\"container\" data-settings=\"{&quot;jet_parallax_layout_list&quot;:[]}\">\n\t\t\t\t<div class=\"elementor-element elementor-element-93acf71 elementor-widget elementor-widget-heading\" data-id=\"93acf71\" data-element_type=\"widget\" data-e-type=\"widget\" data-widget_type=\"heading.default\">\n\t\t\t\t<div class=\"elementor-widget-container\">\n\t\t\t\t\t<h2 class=\"elementor-heading-title elementor-size-default\">Entdecken Sie die Sch\u00f6nheit von Eub\u00f6a mit unseren Motorboot-Kreuzfahrten<\/h2>\t\t\t\t<\/div>\n\t\t\t\t<\/div>\n\t\t\t\t<div class=\"elementor-element elementor-element-bf0b4dc elementor-widget__width-inherit elementor-widget elementor-widget-text-editor\" data-id=\"bf0b4dc\" data-element_type=\"widget\" data-e-type=\"widget\" data-widget_type=\"text-editor.default\">\n\t\t\t\t<div class=\"elementor-widget-container\">\n\t\t\t\t\t\t\t\t\t<p>Begeben Sie sich auf eine unvergessliche Reise mit <strong>Blue Lemur<\/strong>, dem offiziellen Motorbootpartner des Amaronda Resort &amp; Spa. Egal, ob Sie auf der Suche nach einer gem\u00fctlichen K\u00fcstenerkundung oder einem privaten Abenteuer zu abgelegenen Str\u00e4nden sind, unsere ausgew\u00e4hlten Kreuzfahrterlebnisse bieten eine perfekte Mischung aus Luxus, Entspannung und Entdeckung.<\/p><p>Mit der modernen Motorbootflotte von Blue Lemur navigieren Sie durch die kristallklaren Gew\u00e4sser von Eub\u00f6a, entdecken versteckte Buchten und erleben atemberaubende Ausblicke. Unsere fachkundige Besatzung sorgt f\u00fcr eine sichere und angenehme Reise, die ganz auf Ihre W\u00fcnsche zugeschnitten ist &#8211; egal, ob es sich um einen romantischen Ausflug, einen Familienausflug oder eine abenteuerliche Gruppenreise handelt.<\/p>\t\t\t\t\t\t\t\t<\/div>\n\t\t\t\t<\/div>\n\t\t\t\t<div class=\"elementor-element elementor-element-4aca7cc elementor-align-center elementor-invisible elementor-widget elementor-widget-button\" data-id=\"4aca7cc\" data-element_type=\"widget\" data-e-type=\"widget\" data-settings=\"{&quot;_animation&quot;:&quot;fadeIn&quot;,&quot;_animation_delay&quot;:400}\" data-widget_type=\"button.default\">\n\t\t\t\t<div class=\"elementor-widget-container\">\n\t\t\t\t\t\t\t\t\t<div class=\"elementor-button-wrapper\">\n\t\t\t\t\t<a class=\"elementor-button elementor-button-link elementor-size-sm\" href=\"https:\/\/amarondaresort.com\/wp-content\/uploads\/2024\/10\/blue-lemur-flyer-A4_RGB-SMALL.pdf\">\n\t\t\t\t\t\t<span class=\"elementor-button-content-wrapper\">\n\t\t\t\t\t\t\t\t\t<span class=\"elementor-button-text\">MEHR ERFAHREN \/ BROSCH\u00dcRE HERUNTERLADEN<\/span>\n\t\t\t\t\t<\/span>\n\t\t\t\t\t<\/a>\n\t\t\t\t<\/div>\n\t\t\t\t\t\t\t\t<\/div>\n\t\t\t\t<\/div>\n\t\t\t\t<\/div>\n\t\t\t\t\t<\/div>\n\t\t\t\t<\/div>\n\t\t<div class=\"elementor-element elementor-element-663872f e-con-full e-flex e-con e-parent\" data-id=\"663872f\" data-element_type=\"container\" data-e-type=\"container\" data-settings=\"{&quot;jet_parallax_layout_list&quot;:[]}\">\n\t\t\t\t<div class=\"elementor-element elementor-element-6b900a6 elementor-widget elementor-widget-template\" data-id=\"6b900a6\" data-element_type=\"widget\" data-e-type=\"widget\" data-widget_type=\"template.default\">\n\t\t\t\t<div class=\"elementor-widget-container\">\n\t\t\t\t\t\t\t<div class=\"elementor-template\">\n\t\t\t\t\t<div data-elementor-type=\"section\" data-elementor-id=\"3514\" class=\"elementor elementor-3514\" data-elementor-post-type=\"elementor_library\">\n\t\t\t<div class=\"elementor-element elementor-element-f1979ad e-con-full e-flex e-con e-parent\" data-id=\"f1979ad\" data-element_type=\"container\" data-e-type=\"container\" data-settings=\"{&quot;background_background&quot;:&quot;classic&quot;,&quot;jet_parallax_layout_list&quot;:[]}\">\n\t\t<div class=\"elementor-element elementor-element-d97b93f e-con-full e-flex e-con e-child\" data-id=\"d97b93f\" data-element_type=\"container\" data-e-type=\"container\" data-settings=\"{&quot;jet_parallax_layout_list&quot;:[]}\">\n\t\t<div class=\"elementor-element elementor-element-f4a357b e-con-full e-flex elementor-invisible e-con e-child\" data-id=\"f4a357b\" data-element_type=\"container\" data-e-type=\"container\" data-settings=\"{&quot;background_background&quot;:&quot;classic&quot;,&quot;jet_parallax_layout_list&quot;:[],&quot;animation&quot;:&quot;fadeIn&quot;,&quot;animation_delay&quot;:300}\">\n\t\t\t\t<\/div>\n\t\t<div class=\"elementor-element elementor-element-1aac5c6 e-flex e-con-boxed e-con e-child\" data-id=\"1aac5c6\" data-element_type=\"container\" data-e-type=\"container\" data-settings=\"{&quot;jet_parallax_layout_list&quot;:[]}\">\n\t\t\t\t\t<div class=\"e-con-inner\">\n\t\t\t\t<div class=\"elementor-element elementor-element-be0b86a elementor-invisible elementor-widget elementor-widget-heading\" data-id=\"be0b86a\" data-element_type=\"widget\" data-e-type=\"widget\" data-settings=\"{&quot;_animation&quot;:&quot;fadeIn&quot;}\" data-widget_type=\"heading.default\">\n\t\t\t\t<div class=\"elementor-widget-container\">\n\t\t\t\t\t<h2 class=\"elementor-heading-title elementor-size-default\">unforgettable experiences<\/h2>\t\t\t\t<\/div>\n\t\t\t\t<\/div>\n\t\t\t\t<div class=\"elementor-element elementor-element-84ece04 elementor-invisible elementor-widget elementor-widget-heading\" data-id=\"84ece04\" data-element_type=\"widget\" data-e-type=\"widget\" data-settings=\"{&quot;_animation&quot;:&quot;fadeIn&quot;,&quot;_animation_delay&quot;:200}\" data-widget_type=\"heading.default\">\n\t\t\t\t<div class=\"elementor-widget-container\">\n\t\t\t\t\t<h2 class=\"elementor-heading-title elementor-size-default\">The Aegean is Calling<\/h2>\t\t\t\t<\/div>\n\t\t\t\t<\/div>\n\t\t\t\t<div class=\"elementor-element elementor-element-e67799b elementor-widget__width-initial elementor-invisible elementor-widget elementor-widget-text-editor\" data-id=\"e67799b\" data-element_type=\"widget\" data-e-type=\"widget\" data-settings=\"{&quot;_animation&quot;:&quot;fadeIn&quot;,&quot;_animation_delay&quot;:300}\" data-widget_type=\"text-editor.default\">\n\t\t\t\t<div class=\"elementor-widget-container\">\n\t\t\t\t\t\t\t\t\t<p>With Blue Lemur Cruises, your journey is completely personalized. Set sail from Amaronda\u2019s private marina and choose from a variety of bespoke cruise options. Whether it\u2019s a half-day trip to nearby islands, a full-day exploration of the Evia coastline, or a sunset cruise for a romantic evening, each motorboat cruise is designed to suit your preferences. Enjoy the freedom of charting your own course as you explore the beauty of the Aegean at your leisure.<\/p>\t\t\t\t\t\t\t\t<\/div>\n\t\t\t\t<\/div>\n\t\t\t\t<div class=\"elementor-element elementor-element-729cd22 elementor-align-center elementor-mobile-align-justify elementor-widget-mobile__width-inherit elementor-invisible elementor-widget elementor-widget-button\" data-id=\"729cd22\" data-element_type=\"widget\" data-e-type=\"widget\" data-settings=\"{&quot;_animation&quot;:&quot;fadeIn&quot;,&quot;_animation_delay&quot;:500}\" data-widget_type=\"button.default\">\n\t\t\t\t<div class=\"elementor-widget-container\">\n\t\t\t\t\t\t\t\t\t<div class=\"elementor-button-wrapper\">\n\t\t\t\t\t<a class=\"elementor-button elementor-button-link elementor-size-sm\" href=\"https:\/\/amarondaresort.com\/wp-content\/uploads\/2024\/10\/blue-lemur-flyer-A4_RGB-SMALL.pdf\">\n\t\t\t\t\t\t<span class=\"elementor-button-content-wrapper\">\n\t\t\t\t\t\t\t\t\t<span class=\"elementor-button-text\">Discover more<\/span>\n\t\t\t\t\t<\/span>\n\t\t\t\t\t<\/a>\n\t\t\t\t<\/div>\n\t\t\t\t\t\t\t\t<\/div>\n\t\t\t\t<\/div>\n\t\t\t\t\t<\/div>\n\t\t\t\t<\/div>\n\t\t\t\t<\/div>\n\t\t\t\t<\/div>\n\t\t<div class=\"elementor-element elementor-element-d54a317 e-con-full e-flex elementor-invisible e-con e-parent\" data-id=\"d54a317\" data-element_type=\"container\" data-e-type=\"container\" data-settings=\"{&quot;background_background&quot;:&quot;classic&quot;,&quot;jet_parallax_layout_list&quot;:[],&quot;animation&quot;:&quot;fadeIn&quot;,&quot;animation_delay&quot;:200}\">\n\t\t<div class=\"elementor-element elementor-element-d3d2f63 e-con-full e-flex e-con e-child\" data-id=\"d3d2f63\" data-element_type=\"container\" data-e-type=\"container\" data-settings=\"{&quot;jet_parallax_layout_list&quot;:[]}\">\n\t\t<div class=\"elementor-element elementor-element-df0963b e-con-full e-flex e-con e-child\" data-id=\"df0963b\" data-element_type=\"container\" data-e-type=\"container\" data-settings=\"{&quot;background_background&quot;:&quot;classic&quot;,&quot;jet_parallax_layout_list&quot;:[]}\">\n\t\t\t\t<\/div>\n\t\t<div class=\"elementor-element elementor-element-ffdf53e e-flex e-con-boxed e-con e-child\" data-id=\"ffdf53e\" data-element_type=\"container\" data-e-type=\"container\" data-settings=\"{&quot;background_background&quot;:&quot;classic&quot;,&quot;jet_parallax_layout_list&quot;:[]}\">\n\t\t\t\t\t<div class=\"e-con-inner\">\n\t\t\t\t\t<\/div>\n\t\t\t\t<\/div>\n\t\t\t\t<\/div>\n\t\t\t\t<\/div>\n\t\t\t\t<\/div>\n\t\t\t\t<\/div>\n\t\t\t\t\t\t<\/div>\n\t\t\t\t<\/div>\n\t\t\t\t<\/div>\n\t\t\t\t<\/div>\n\t\t","protected":false},"excerpt":{"rendered":"<p>Kreuzfahrten mit dem Motorboot Begeben Sie sich auf ein unvergessliches Abenteuer mit den Tageskreuzfahrten von Blue Lemurrund um die K\u00fcsten von Evia. Tauchen Sie in kristallklare Buchten ein, genie\u00dfen Sie frisch zubereiteteMittagessen an Bord und genie\u00dfen Sie atemberaubende Ausblicke auf die K\u00fcste. Entdecken Sie die Sch\u00f6nheit von Eub\u00f6a mit unseren Motorboot-Kreuzfahrten Begeben Sie sich auf [&hellip;]<\/p>\n","protected":false},"author":3,"featured_media":0,"parent":0,"menu_order":0,"comment_status":"closed","ping_status":"closed","template":"","meta":{"footnotes":""},"class_list":["post-5273","page","type-page","status-publish","hentry"],"yoast_head":"<!-- This site is optimized with the Yoast SEO plugin v27.2 - https:\/\/yoast.com\/product\/yoast-seo-wordpress\/ -->\n<title>Kreuzfahrten - Amaronda Resort<\/title>\n<meta name=\"robots\" content=\"index, follow, max-snippet:-1, max-image-preview:large, max-video-preview:-1\" \/>\n<link rel=\"canonical\" href=\"https:\/\/amarondaresort.com\/de\/cruises\/\" \/>\n<meta property=\"og:locale\" content=\"de_DE\" \/>\n<meta property=\"og:type\" content=\"article\" \/>\n<meta property=\"og:title\" content=\"Kreuzfahrten - Amaronda Resort\" \/>\n<meta property=\"og:description\" content=\"Kreuzfahrten mit dem Motorboot Begeben Sie sich auf ein unvergessliches Abenteuer mit den Tageskreuzfahrten von Blue Lemurrund um die K\u00fcsten von Evia. Tauchen Sie in kristallklare Buchten ein, genie\u00dfen Sie frisch zubereiteteMittagessen an Bord und genie\u00dfen Sie atemberaubende Ausblicke auf die K\u00fcste. Entdecken Sie die Sch\u00f6nheit von Eub\u00f6a mit unseren Motorboot-Kreuzfahrten Begeben Sie sich auf [&hellip;]\" \/>\n<meta property=\"og:url\" content=\"https:\/\/amarondaresort.com\/de\/cruises\/\" \/>\n<meta property=\"og:site_name\" content=\"Amaronda Resort\" \/>\n<meta property=\"article:modified_time\" content=\"2025-01-15T14:30:57+00:00\" \/>\n<meta property=\"og:image\" content=\"https:\/\/amarondaresort.com\/wp-content\/uploads\/2024\/10\/Rectangle-23-7-1.jpg\" \/>\n\t<meta property=\"og:image:width\" content=\"860\" \/>\n\t<meta property=\"og:image:height\" content=\"482\" \/>\n\t<meta property=\"og:image:type\" content=\"image\/jpeg\" \/>\n<meta name=\"twitter:card\" content=\"summary_large_image\" \/>\n<meta name=\"twitter:label1\" content=\"Gesch\u00e4tzte Lesezeit\" \/>\n\t<meta name=\"twitter:data1\" content=\"2\u00a0Minuten\" \/>\n<script type=\"application\/ld+json\" class=\"yoast-schema-graph\">{\"@context\":\"https:\/\/schema.org\",\"@graph\":[{\"@type\":\"WebPage\",\"@id\":\"https:\/\/amarondaresort.com\/de\/cruises\/\",\"url\":\"https:\/\/amarondaresort.com\/de\/cruises\/\",\"name\":\"Kreuzfahrten - Amaronda Resort\",\"isPartOf\":{\"@id\":\"https:\/\/amarondaresort.com\/de\/#website\"},\"primaryImageOfPage\":{\"@id\":\"https:\/\/amarondaresort.com\/de\/cruises\/#primaryimage\"},\"image\":{\"@id\":\"https:\/\/amarondaresort.com\/de\/cruises\/#primaryimage\"},\"thumbnailUrl\":\"https:\/\/amarondaresort.com\/wp-content\/uploads\/2024\/10\/Rectangle-23-7-1.jpg\",\"datePublished\":\"2024-07-01T12:50:03+00:00\",\"dateModified\":\"2025-01-15T14:30:57+00:00\",\"breadcrumb\":{\"@id\":\"https:\/\/amarondaresort.com\/de\/cruises\/#breadcrumb\"},\"inLanguage\":\"de\",\"potentialAction\":[{\"@type\":\"ReadAction\",\"target\":[\"https:\/\/amarondaresort.com\/de\/cruises\/\"]}]},{\"@type\":\"ImageObject\",\"inLanguage\":\"de\",\"@id\":\"https:\/\/amarondaresort.com\/de\/cruises\/#primaryimage\",\"url\":\"https:\/\/amarondaresort.com\/wp-content\/uploads\/2024\/10\/Rectangle-23-7-1.jpg\",\"contentUrl\":\"https:\/\/amarondaresort.com\/wp-content\/uploads\/2024\/10\/Rectangle-23-7-1.jpg\"},{\"@type\":\"BreadcrumbList\",\"@id\":\"https:\/\/amarondaresort.com\/de\/cruises\/#breadcrumb\",\"itemListElement\":[{\"@type\":\"ListItem\",\"position\":1,\"name\":\"Home\",\"item\":\"https:\/\/amarondaresort.com\/de\/\"},{\"@type\":\"ListItem\",\"position\":2,\"name\":\"Kreuzfahrten\"}]},{\"@type\":\"WebSite\",\"@id\":\"https:\/\/amarondaresort.com\/de\/#website\",\"url\":\"https:\/\/amarondaresort.com\/de\/\",\"name\":\"Amaronda Resort\",\"description\":\"Experience the freedom\",\"potentialAction\":[{\"@type\":\"SearchAction\",\"target\":{\"@type\":\"EntryPoint\",\"urlTemplate\":\"https:\/\/amarondaresort.com\/de\/?s={search_term_string}\"},\"query-input\":{\"@type\":\"PropertyValueSpecification\",\"valueRequired\":true,\"valueName\":\"search_term_string\"}}],\"inLanguage\":\"de\"}]}<\/script>\n<!-- \/ Yoast SEO plugin. -->","yoast_head_json":{"title":"Kreuzfahrten - Amaronda Resort","robots":{"index":"index","follow":"follow","max-snippet":"max-snippet:-1","max-image-preview":"max-image-preview:large","max-video-preview":"max-video-preview:-1"},"canonical":"https:\/\/amarondaresort.com\/de\/cruises\/","og_locale":"de_DE","og_type":"article","og_title":"Kreuzfahrten - Amaronda Resort","og_description":"Kreuzfahrten mit dem Motorboot Begeben Sie sich auf ein unvergessliches Abenteuer mit den Tageskreuzfahrten von Blue Lemurrund um die K\u00fcsten von Evia. Tauchen Sie in kristallklare Buchten ein, genie\u00dfen Sie frisch zubereiteteMittagessen an Bord und genie\u00dfen Sie atemberaubende Ausblicke auf die K\u00fcste. Entdecken Sie die Sch\u00f6nheit von Eub\u00f6a mit unseren Motorboot-Kreuzfahrten Begeben Sie sich auf [&hellip;]","og_url":"https:\/\/amarondaresort.com\/de\/cruises\/","og_site_name":"Amaronda Resort","article_modified_time":"2025-01-15T14:30:57+00:00","og_image":[{"width":860,"height":482,"url":"https:\/\/amarondaresort.com\/wp-content\/uploads\/2024\/10\/Rectangle-23-7-1.jpg","type":"image\/jpeg"}],"twitter_card":"summary_large_image","twitter_misc":{"Gesch\u00e4tzte Lesezeit":"2\u00a0Minuten"},"schema":{"@context":"https:\/\/schema.org","@graph":[{"@type":"WebPage","@id":"https:\/\/amarondaresort.com\/de\/cruises\/","url":"https:\/\/amarondaresort.com\/de\/cruises\/","name":"Kreuzfahrten - Amaronda Resort","isPartOf":{"@id":"https:\/\/amarondaresort.com\/de\/#website"},"primaryImageOfPage":{"@id":"https:\/\/amarondaresort.com\/de\/cruises\/#primaryimage"},"image":{"@id":"https:\/\/amarondaresort.com\/de\/cruises\/#primaryimage"},"thumbnailUrl":"https:\/\/amarondaresort.com\/wp-content\/uploads\/2024\/10\/Rectangle-23-7-1.jpg","datePublished":"2024-07-01T12:50:03+00:00","dateModified":"2025-01-15T14:30:57+00:00","breadcrumb":{"@id":"https:\/\/amarondaresort.com\/de\/cruises\/#breadcrumb"},"inLanguage":"de","potentialAction":[{"@type":"ReadAction","target":["https:\/\/amarondaresort.com\/de\/cruises\/"]}]},{"@type":"ImageObject","inLanguage":"de","@id":"https:\/\/amarondaresort.com\/de\/cruises\/#primaryimage","url":"https:\/\/amarondaresort.com\/wp-content\/uploads\/2024\/10\/Rectangle-23-7-1.jpg","contentUrl":"https:\/\/amarondaresort.com\/wp-content\/uploads\/2024\/10\/Rectangle-23-7-1.jpg"},{"@type":"BreadcrumbList","@id":"https:\/\/amarondaresort.com\/de\/cruises\/#breadcrumb","itemListElement":[{"@type":"ListItem","position":1,"name":"Home","item":"https:\/\/amarondaresort.com\/de\/"},{"@type":"ListItem","position":2,"name":"Kreuzfahrten"}]},{"@type":"WebSite","@id":"https:\/\/amarondaresort.com\/de\/#website","url":"https:\/\/amarondaresort.com\/de\/","name":"Amaronda Resort","description":"Experience the freedom","potentialAction":[{"@type":"SearchAction","target":{"@type":"EntryPoint","urlTemplate":"https:\/\/amarondaresort.com\/de\/?s={search_term_string}"},"query-input":{"@type":"PropertyValueSpecification","valueRequired":true,"valueName":"search_term_string"}}],"inLanguage":"de"}]}},"_links":{"self":[{"href":"https:\/\/amarondaresort.com\/de\/wp-json\/wp\/v2\/pages\/5273","targetHints":{"allow":["GET"]}}],"collection":[{"href":"https:\/\/amarondaresort.com\/de\/wp-json\/wp\/v2\/pages"}],"about":[{"href":"https:\/\/amarondaresort.com\/de\/wp-json\/wp\/v2\/types\/page"}],"author":[{"embeddable":true,"href":"https:\/\/amarondaresort.com\/de\/wp-json\/wp\/v2\/users\/3"}],"replies":[{"embeddable":true,"href":"https:\/\/amarondaresort.com\/de\/wp-json\/wp\/v2\/comments?post=5273"}],"version-history":[{"count":0,"href":"https:\/\/amarondaresort.com\/de\/wp-json\/wp\/v2\/pages\/5273\/revisions"}],"wp:attachment":[{"href":"https:\/\/amarondaresort.com\/de\/wp-json\/wp\/v2\/media?parent=5273"}],"curies":[{"name":"wp","href":"https:\/\/api.w.org\/{rel}","templated":true}]}}