{"id":5256,"date":"2024-07-03T11:20:39","date_gmt":"2024-07-03T11:20:39","guid":{"rendered":"https:\/\/amarondaresort.com\/?page_id=5256"},"modified":"2025-01-14T11:44:12","modified_gmt":"2025-01-14T11:44:12","slug":"all-events","status":"publish","type":"page","link":"https:\/\/amarondaresort.com\/de\/all-events\/","title":{"rendered":"All events"},"content":{"rendered":"\t\t<div data-elementor-type=\"wp-page\" data-elementor-id=\"5256\" class=\"elementor elementor-5256 elementor-2008\" data-elementor-post-type=\"page\">\n\t\t\t\t<div class=\"elementor-element elementor-element-8b62910 e-flex e-con-boxed e-con e-parent\" data-id=\"8b62910\" data-element_type=\"container\" data-e-type=\"container\" data-settings=\"{&quot;background_background&quot;:&quot;classic&quot;,&quot;jet_parallax_layout_list&quot;:[]}\">\n\t\t\t\t\t<div class=\"e-con-inner\">\n\t\t\t\t<div class=\"elementor-element elementor-element-ad4eed2 elementor-invisible elementor-widget elementor-widget-heading\" data-id=\"ad4eed2\" data-element_type=\"widget\" data-e-type=\"widget\" data-settings=\"{&quot;_animation&quot;:&quot;fadeIn&quot;,&quot;_animation_delay&quot;:300}\" data-widget_type=\"heading.default\">\n\t\t\t\t<div class=\"elementor-widget-container\">\n\t\t\t\t\t<h2 class=\"elementor-heading-title elementor-size-default\">All events<\/h2>\t\t\t\t<\/div>\n\t\t\t\t<\/div>\n\t\t\t\t<div class=\"elementor-element elementor-element-d17f95e elementor-widget__width-initial elementor-invisible elementor-widget elementor-widget-text-editor\" data-id=\"d17f95e\" data-element_type=\"widget\" data-e-type=\"widget\" data-settings=\"{&quot;_animation&quot;:&quot;fadeIn&quot;,&quot;_animation_delay&quot;:300}\" data-widget_type=\"text-editor.default\">\n\t\t\t\t<div class=\"elementor-widget-container\">\n\t\t\t\t\t\t\t\t\t<p><span style=\"font-weight: 400;\">Culinary delights await at our restaurants, where award-winning chefs craft exquisite Greek &amp; international cuisine, complemented by stylish bars serving handcrafted cocktails.\u00a0<\/span><\/p>\t\t\t\t\t\t\t\t<\/div>\n\t\t\t\t<\/div>\n\t\t\t\t\t<\/div>\n\t\t\t\t<\/div>\n\t\t<div class=\"elementor-element elementor-element-82cfa64 e-flex e-con-boxed e-con e-parent\" data-id=\"82cfa64\" data-element_type=\"container\" data-e-type=\"container\" data-settings=\"{&quot;jet_parallax_layout_list&quot;:[]}\">\n\t\t\t\t\t<div class=\"e-con-inner\">\n\t\t\t\t\t<\/div>\n\t\t\t\t<\/div>\n\t\t<div class=\"elementor-element elementor-element-8ceb873 e-con-full e-flex e-con e-parent\" data-id=\"8ceb873\" data-element_type=\"container\" data-e-type=\"container\" data-settings=\"{&quot;jet_parallax_layout_list&quot;:[]}\">\n\t\t\t\t<div class=\"elementor-element elementor-element-9c6a73e elementor-widget elementor-widget-template\" data-id=\"9c6a73e\" data-element_type=\"widget\" data-e-type=\"widget\" data-widget_type=\"template.default\">\n\t\t\t\t<div class=\"elementor-widget-container\">\n\t\t\t\t\t\t\t<div class=\"elementor-template\">\n\t\t\t\t\t<div data-elementor-type=\"section\" data-elementor-id=\"5231\" class=\"elementor elementor-5231 elementor-664 elementor-664\" data-elementor-post-type=\"elementor_library\">\n\t\t\t<div class=\"elementor-element elementor-element-9d66b6c e-flex e-con-boxed e-con e-parent\" data-id=\"9d66b6c\" data-element_type=\"container\" data-e-type=\"container\" data-settings=\"{&quot;background_background&quot;:&quot;classic&quot;,&quot;jet_parallax_layout_list&quot;:[]}\">\n\t\t\t\t\t<div class=\"e-con-inner\">\n\t\t\t\t<div class=\"elementor-element elementor-element-a284bad elementor-invisible elementor-widget elementor-widget-heading\" data-id=\"a284bad\" data-element_type=\"widget\" data-e-type=\"widget\" data-settings=\"{&quot;_animation&quot;:&quot;fadeIn&quot;,&quot;_animation_delay&quot;:100}\" data-widget_type=\"heading.default\">\n\t\t\t\t<div class=\"elementor-widget-container\">\n\t\t\t\t\t<h2 class=\"elementor-heading-title elementor-size-default\">DAY PASS<\/h2>\t\t\t\t<\/div>\n\t\t\t\t<\/div>\n\t\t\t\t<div class=\"elementor-element elementor-element-f1e7579 elementor-invisible elementor-widget elementor-widget-heading\" data-id=\"f1e7579\" data-element_type=\"widget\" data-e-type=\"widget\" data-settings=\"{&quot;_animation&quot;:&quot;fadeIn&quot;,&quot;_animation_delay&quot;:200}\" data-widget_type=\"heading.default\">\n\t\t\t\t<div class=\"elementor-widget-container\">\n\t\t\t\t\t<h2 class=\"elementor-heading-title elementor-size-default\">Besuchen Sie uns mit einem Day Pass und genie\u00dfen Sie einen ganzen Tag voller Luxus\n<\/h2>\t\t\t\t<\/div>\n\t\t\t\t<\/div>\n\t\t\t\t<div class=\"elementor-element elementor-element-97e5118 elementor-widget__width-initial elementor-invisible elementor-widget elementor-widget-text-editor\" data-id=\"97e5118\" data-element_type=\"widget\" data-e-type=\"widget\" data-settings=\"{&quot;_animation&quot;:&quot;fadeIn&quot;,&quot;_animation_delay&quot;:300}\" data-widget_type=\"text-editor.default\">\n\t\t\t\t<div class=\"elementor-widget-container\">\n\t\t\t\t\t\t\t\t\t<p class=\"p1\"><br \/>Verbringen Sie einen Tag in unvergleichlichem Stil im Amaronda Resort &amp; Spa, wo wir Sie mit den exklusiven Tagesp\u00e4ssen herzlich einladen, unsere Annehmlichkeiten zu genie\u00dfen.<\/p>\t\t\t\t\t\t\t\t<\/div>\n\t\t\t\t<\/div>\n\t\t\t\t<div class=\"elementor-element elementor-element-507cca6 elementor-align-center elementor-invisible elementor-widget elementor-widget-button\" data-id=\"507cca6\" data-element_type=\"widget\" data-e-type=\"widget\" data-settings=\"{&quot;_animation&quot;:&quot;fadeIn&quot;,&quot;_animation_delay&quot;:500}\" data-widget_type=\"button.default\">\n\t\t\t\t<div class=\"elementor-widget-container\">\n\t\t\t\t\t\t\t\t\t<div class=\"elementor-button-wrapper\">\n\t\t\t\t\t<a class=\"elementor-button elementor-button-link elementor-size-sm\" href=\"https:\/\/amarondaresort.com\/de\/day-pass\/\">\n\t\t\t\t\t\t<span class=\"elementor-button-content-wrapper\">\n\t\t\t\t\t\t\t\t\t<span class=\"elementor-button-text\">Sehen Sie mehr<\/span>\n\t\t\t\t\t<\/span>\n\t\t\t\t\t<\/a>\n\t\t\t\t<\/div>\n\t\t\t\t\t\t\t\t<\/div>\n\t\t\t\t<\/div>\n\t\t\t\t\t<\/div>\n\t\t\t\t<\/div>\n\t\t\t\t<\/div>\n\t\t\t\t<\/div>\n\t\t\t\t\t\t<\/div>\n\t\t\t\t<\/div>\n\t\t\t\t<\/div>\n\t\t<div class=\"elementor-element elementor-element-59ff7d8 e-con-full e-flex e-con e-parent\" data-id=\"59ff7d8\" data-element_type=\"container\" data-e-type=\"container\" data-settings=\"{&quot;jet_parallax_layout_list&quot;:[]}\">\n\t\t\t\t<div class=\"elementor-element elementor-element-b2bb3b5 elementor-widget elementor-widget-template\" data-id=\"b2bb3b5\" data-element_type=\"widget\" data-e-type=\"widget\" data-widget_type=\"template.default\">\n\t\t\t\t<div class=\"elementor-widget-container\">\n\t\t\t\t\t\t\t<div class=\"elementor-template\">\n\t\t\t\t\t<div data-elementor-type=\"section\" data-elementor-id=\"5207\" class=\"elementor elementor-5207 elementor-1117 elementor-1117\" data-elementor-post-type=\"elementor_library\">\n\t\t\t<div class=\"elementor-element elementor-element-4f21f18 e-flex e-con-boxed e-con e-parent\" data-id=\"4f21f18\" data-element_type=\"container\" data-e-type=\"container\" data-settings=\"{&quot;background_background&quot;:&quot;classic&quot;,&quot;jet_parallax_layout_list&quot;:[]}\">\n\t\t\t\t\t<div class=\"e-con-inner\">\n\t\t\t\t<div class=\"elementor-element elementor-element-237267b elementor-invisible elementor-widget elementor-widget-heading\" data-id=\"237267b\" data-element_type=\"widget\" data-e-type=\"widget\" data-settings=\"{&quot;_animation&quot;:&quot;fadeIn&quot;}\" data-widget_type=\"heading.default\">\n\t\t\t\t<div class=\"elementor-widget-container\">\n\t\t\t\t\t<h2 class=\"elementor-heading-title elementor-size-default\">Erlebnisse Amaronda<\/h2>\t\t\t\t<\/div>\n\t\t\t\t<\/div>\n\t\t\t\t<div class=\"elementor-element elementor-element-059468d elementor-invisible elementor-widget elementor-widget-heading\" data-id=\"059468d\" data-element_type=\"widget\" data-e-type=\"widget\" data-settings=\"{&quot;_animation&quot;:&quot;fadeIn&quot;,&quot;_animation_delay&quot;:200}\" data-widget_type=\"heading.default\">\n\t\t\t\t<div class=\"elementor-widget-container\">\n\t\t\t\t\t<h2 class=\"elementor-heading-title elementor-size-default\">Unvergessliche Erlebnisse f\u00fcr alle<\/h2>\t\t\t\t<\/div>\n\t\t\t\t<\/div>\n\t\t\t\t<div class=\"elementor-element elementor-element-14281c6 elementor-widget__width-initial elementor-invisible elementor-widget elementor-widget-text-editor\" data-id=\"14281c6\" data-element_type=\"widget\" data-e-type=\"widget\" data-settings=\"{&quot;_animation&quot;:&quot;fadeIn&quot;,&quot;_animation_delay&quot;:300}\" data-widget_type=\"text-editor.default\">\n\t\t\t\t<div class=\"elementor-widget-container\">\n\t\t\t\t\t\t\t\t\t<p>Schaffen Sie bezaubernde Erinnerungen im Amaronda Resort &amp; Spa.<br \/>Erleben Sie moderne Eleganz und entspannen Sie sich oder bleiben Sie aktiv in unseren hochmodernen Einrichtungen.<\/p>\t\t\t\t\t\t\t\t<\/div>\n\t\t\t\t<\/div>\n\t\t<div class=\"elementor-element elementor-element-1e602c1 e-flex e-con-boxed e-con e-child\" data-id=\"1e602c1\" data-element_type=\"container\" data-e-type=\"container\" data-settings=\"{&quot;jet_parallax_layout_list&quot;:[]}\">\n\t\t\t\t\t<div class=\"e-con-inner\">\n\t\t<div class=\"elementor-element elementor-element-57ceb6b e-flex e-con-boxed elementor-invisible e-con e-child\" data-id=\"57ceb6b\" data-element_type=\"container\" data-e-type=\"container\" data-settings=\"{&quot;jet_parallax_layout_list&quot;:[],&quot;background_background&quot;:&quot;classic&quot;,&quot;animation&quot;:&quot;fadeIn&quot;,&quot;animation_delay&quot;:150}\">\n\t\t\t\t\t<div class=\"e-con-inner\">\n\t\t<div class=\"elementor-element elementor-element-2fedd73 e-flex e-con-boxed e-con e-child\" data-id=\"2fedd73\" data-element_type=\"container\" data-e-type=\"container\" data-settings=\"{&quot;background_background&quot;:&quot;classic&quot;,&quot;jet_parallax_layout_list&quot;:[]}\">\n\t\t\t\t\t<div class=\"e-con-inner\">\n\t\t\t\t\t<\/div>\n\t\t\t\t<\/div>\n\t\t<div class=\"elementor-element elementor-element-c4f1eb1 e-flex e-con-boxed e-con e-child\" data-id=\"c4f1eb1\" data-element_type=\"container\" data-e-type=\"container\" data-settings=\"{&quot;jet_parallax_layout_list&quot;:[]}\">\n\t\t\t\t\t<div class=\"e-con-inner\">\n\t\t\t\t<div class=\"elementor-element elementor-element-e379647 elementor-widget elementor-widget-heading\" data-id=\"e379647\" data-element_type=\"widget\" data-e-type=\"widget\" data-widget_type=\"heading.default\">\n\t\t\t\t<div class=\"elementor-widget-container\">\n\t\t\t\t\t<h2 class=\"elementor-heading-title elementor-size-default\">AMMOS BEACH BAR<\/h2>\t\t\t\t<\/div>\n\t\t\t\t<\/div>\n\t\t\t\t<div class=\"elementor-element elementor-element-21180e0 elementor-widget elementor-widget-text-editor\" data-id=\"21180e0\" data-element_type=\"widget\" data-e-type=\"widget\" data-widget_type=\"text-editor.default\">\n\t\t\t\t<div class=\"elementor-widget-container\">\n\t\t\t\t\t\t\t\t\t<p>Genie\u00dfen Sie eine bunte Palette von Getr\u00e4nken an unserer Strandbar. Ganz gleich, ob Sie Lust auf einen erfrischenden Kaffee, Tee oder einen fesselnden Cocktail haben, ein perfekter Schluck wartet nur auf Sie.<\/p>\t\t\t\t\t\t\t\t<\/div>\n\t\t\t\t<\/div>\n\t\t\t\t\t<\/div>\n\t\t\t\t<\/div>\n\t\t\t\t\t<\/div>\n\t\t\t\t<\/div>\n\t\t<div class=\"elementor-element elementor-element-542b892 e-flex e-con-boxed elementor-invisible e-con e-child\" data-id=\"542b892\" data-element_type=\"container\" data-e-type=\"container\" data-settings=\"{&quot;jet_parallax_layout_list&quot;:[],&quot;background_background&quot;:&quot;classic&quot;,&quot;animation&quot;:&quot;fadeIn&quot;,&quot;animation_delay&quot;:300}\">\n\t\t\t\t\t<div class=\"e-con-inner\">\n\t\t<div class=\"elementor-element elementor-element-0b205c3 e-flex e-con-boxed e-con e-child\" data-id=\"0b205c3\" data-element_type=\"container\" data-e-type=\"container\" data-settings=\"{&quot;background_background&quot;:&quot;classic&quot;,&quot;jet_parallax_layout_list&quot;:[]}\">\n\t\t\t\t\t<div class=\"e-con-inner\">\n\t\t\t\t\t<\/div>\n\t\t\t\t<\/div>\n\t\t<div class=\"elementor-element elementor-element-7875979 e-flex e-con-boxed e-con e-child\" data-id=\"7875979\" data-element_type=\"container\" data-e-type=\"container\" data-settings=\"{&quot;jet_parallax_layout_list&quot;:[]}\">\n\t\t\t\t\t<div class=\"e-con-inner\">\n\t\t\t\t<div class=\"elementor-element elementor-element-4ea1c5a elementor-widget elementor-widget-heading\" data-id=\"4ea1c5a\" data-element_type=\"widget\" data-e-type=\"widget\" data-widget_type=\"heading.default\">\n\t\t\t\t<div class=\"elementor-widget-container\">\n\t\t\t\t\t<h2 class=\"elementor-heading-title elementor-size-default\">DER BOSTANI<\/h2>\t\t\t\t<\/div>\n\t\t\t\t<\/div>\n\t\t\t\t<div class=\"elementor-element elementor-element-1d67385 elementor-widget elementor-widget-text-editor\" data-id=\"1d67385\" data-element_type=\"widget\" data-e-type=\"widget\" data-widget_type=\"text-editor.default\">\n\t\t\t\t<div class=\"elementor-widget-container\">\n\t\t\t\t\t\t\t\t\t<div class=\"c-scrollbar__hider\" role=\"presentation\" data-qa=\"slack_kit_scrollbar\"><div class=\"c-scrollbar__child\" role=\"presentation\"><div class=\"c-virtual_list__scroll_container\" role=\"list\" data-qa=\"slack_kit_list\" aria-label=\"Loukas Mexis (direct message, active)\"><div id=\"1731325337.321779\" class=\"c-virtual_list__item\" tabindex=\"0\" role=\"listitem\" aria-setsize=\"-1\" data-qa=\"virtual-list-item\" data-item-key=\"1731325337.321779\"><div class=\"c-message_kit__background c-message_kit__background--highlight p-message_pane_message__message c-message_kit__message p-message_pane_message__message--last\" role=\"presentation\" data-qa=\"message_container\" data-qa-unprocessed=\"false\" data-qa-placeholder=\"false\"><div class=\"c-message_kit__hover\" role=\"document\" aria-roledescription=\"message\" data-qa-hover=\"true\"><div class=\"c-message_kit__actions c-message_kit__actions--above\"><div class=\"c-message_kit__gutter\"><div class=\"c-message_kit__gutter__right\" role=\"presentation\" data-qa=\"message_content\"><div class=\"c-message_kit__blocks c-message_kit__blocks--rich_text\"><div class=\"c-message__message_blocks c-message__message_blocks--rich_text\" data-qa=\"message-text\"><div class=\"p-block_kit_renderer\" data-qa=\"block-kit-renderer\"><div class=\"p-block_kit_renderer__block_wrapper p-block_kit_renderer__block_wrapper--first\"><div class=\"p-rich_text_block\" dir=\"auto\"><div class=\"p-rich_text_section\">Unser lebendiger Bostani-Garten wird sorgf\u00e4ltig gepflegt, um frische, biologische Zutaten direkt aus der Erde auf Ihren Tisch zu bringen. Von saisonalem Gem\u00fcse bis hin zu aromatischen Kr\u00e4utern &#8211; jede Ernte bereichert unsere Gerichte mit authentischen Aromen, die den Geist unseres Landes unterstreichen.<\/div><\/div><\/div><\/div><\/div><\/div><\/div><\/div><\/div><\/div><\/div><\/div><\/div><div class=\"c-virtual_list__sibling_container\">\u00a0<\/div><\/div><\/div>\t\t\t\t\t\t\t\t<\/div>\n\t\t\t\t<\/div>\n\t\t\t\t\t<\/div>\n\t\t\t\t<\/div>\n\t\t\t\t\t<\/div>\n\t\t\t\t<\/div>\n\t\t<div class=\"elementor-element elementor-element-16532c8 e-flex e-con-boxed elementor-invisible e-con e-child\" data-id=\"16532c8\" data-element_type=\"container\" data-e-type=\"container\" data-settings=\"{&quot;jet_parallax_layout_list&quot;:[],&quot;background_background&quot;:&quot;classic&quot;,&quot;animation&quot;:&quot;fadeIn&quot;,&quot;animation_delay&quot;:450}\">\n\t\t\t\t\t<div class=\"e-con-inner\">\n\t\t<div class=\"elementor-element elementor-element-54b6d00 e-flex e-con-boxed e-con e-child\" data-id=\"54b6d00\" data-element_type=\"container\" data-e-type=\"container\" data-settings=\"{&quot;background_background&quot;:&quot;classic&quot;,&quot;jet_parallax_layout_list&quot;:[]}\">\n\t\t\t\t\t<div class=\"e-con-inner\">\n\t\t\t\t\t<\/div>\n\t\t\t\t<\/div>\n\t\t<div class=\"elementor-element elementor-element-bf7356e e-flex e-con-boxed e-con e-child\" data-id=\"bf7356e\" data-element_type=\"container\" data-e-type=\"container\" data-settings=\"{&quot;jet_parallax_layout_list&quot;:[]}\">\n\t\t\t\t\t<div class=\"e-con-inner\">\n\t\t\t\t<div class=\"elementor-element elementor-element-d8d4f77 elementor-widget elementor-widget-heading\" data-id=\"d8d4f77\" data-element_type=\"widget\" data-e-type=\"widget\" data-widget_type=\"heading.default\">\n\t\t\t\t<div class=\"elementor-widget-container\">\n\t\t\t\t\t<h2 class=\"elementor-heading-title elementor-size-default\">MICE &amp; Veranstaltungen<\/h2>\t\t\t\t<\/div>\n\t\t\t\t<\/div>\n\t\t\t\t<div class=\"elementor-element elementor-element-8bf01dd elementor-widget elementor-widget-text-editor\" data-id=\"8bf01dd\" data-element_type=\"widget\" data-e-type=\"widget\" data-widget_type=\"text-editor.default\">\n\t\t\t\t<div class=\"elementor-widget-container\">\n\t\t\t\t\t\t\t\t\t<p>Von m\u00e4rchenhaften Hochzeiten in Eretria bis hin zu Taufen und Feierlichkeiten &#8211; lassen Sie uns die Details regeln, w\u00e4hrend Sie sich an unserer atemberaubenden Lage erfreuen. F\u00fcr Firmenveranstaltungen, Konferenzen und vieles mehr stehen Ihnen unsere voll ausgestatteten R\u00e4umlichkeiten zur Verf\u00fcgung, und unser Team steht bereit, um Ihr Erlebnis im Amaronda Resort zu verbessern.<\/p>\t\t\t\t\t\t\t\t<\/div>\n\t\t\t\t<\/div>\n\t\t\t\t\t<\/div>\n\t\t\t\t<\/div>\n\t\t\t\t\t<\/div>\n\t\t\t\t<\/div>\n\t\t\t\t\t<\/div>\n\t\t\t\t<\/div>\n\t\t\t\t<div class=\"elementor-element elementor-element-ec0c757 elementor-align-center elementor-mobile-align-justify elementor-widget elementor-widget-button\" data-id=\"ec0c757\" data-element_type=\"widget\" data-e-type=\"widget\" data-widget_type=\"button.default\">\n\t\t\t\t<div class=\"elementor-widget-container\">\n\t\t\t\t\t\t\t\t\t<div class=\"elementor-button-wrapper\">\n\t\t\t\t\t<a class=\"elementor-button elementor-button-link elementor-size-sm\" href=\"https:\/\/amarondaresort.com\/de\/experiences\/\">\n\t\t\t\t\t\t<span class=\"elementor-button-content-wrapper\">\n\t\t\t\t\t\t\t\t\t<span class=\"elementor-button-text\">Alle Erlebnisse entdecken<\/span>\n\t\t\t\t\t<\/span>\n\t\t\t\t\t<\/a>\n\t\t\t\t<\/div>\n\t\t\t\t\t\t\t\t<\/div>\n\t\t\t\t<\/div>\n\t\t\t\t\t<\/div>\n\t\t\t\t<\/div>\n\t\t\t\t<\/div>\n\t\t\t\t<\/div>\n\t\t\t\t\t\t<\/div>\n\t\t\t\t<\/div>\n\t\t\t\t<\/div>\n\t\t\t\t<\/div>\n\t\t","protected":false},"excerpt":{"rendered":"<p>Culinary delights await at our restaurants, where award-winning chefs craft exquisite Greek &amp; international cuisine, complemented by stylish bars serving handcrafted cocktails. Loading view. Events Search and Views Navigation Search Enter Keyword. Search for Events by Keyword. Find Events Event Views Navigation Month List Month Day This Month 7\/2024 July 2024 Select date. Calendar of [&hellip;]<\/p>\n","protected":false},"author":3,"featured_media":0,"parent":0,"menu_order":0,"comment_status":"closed","ping_status":"closed","template":"","meta":{"footnotes":""},"class_list":["post-5256","page","type-page","status-publish","hentry"],"yoast_head":"<!-- This site is optimized with the Yoast SEO plugin v27.4 - https:\/\/yoast.com\/product\/yoast-seo-wordpress\/ -->\n<title>All events - Amaronda Resort<\/title>\n<meta name=\"robots\" content=\"index, follow, max-snippet:-1, max-image-preview:large, max-video-preview:-1\" \/>\n<link rel=\"canonical\" href=\"https:\/\/amarondaresort.com\/de\/all-events\/\" \/>\n<meta property=\"og:locale\" content=\"de_DE\" \/>\n<meta property=\"og:type\" content=\"article\" \/>\n<meta property=\"og:title\" content=\"All events - Amaronda Resort\" \/>\n<meta property=\"og:description\" content=\"Culinary delights await at our restaurants, where award-winning chefs craft exquisite Greek &amp; international cuisine, complemented by stylish bars serving handcrafted cocktails. Loading view. Events Search and Views Navigation Search Enter Keyword. Search for Events by Keyword. Find Events Event Views Navigation Month List Month Day This Month 7\/2024 July 2024 Select date. Calendar of [&hellip;]\" \/>\n<meta property=\"og:url\" content=\"https:\/\/amarondaresort.com\/de\/all-events\/\" \/>\n<meta property=\"og:site_name\" content=\"Amaronda Resort\" \/>\n<meta property=\"article:modified_time\" content=\"2025-01-14T11:44:12+00:00\" \/>\n<meta name=\"twitter:card\" content=\"summary_large_image\" \/>\n<meta name=\"twitter:label1\" content=\"Gesch\u00e4tzte Lesezeit\" \/>\n\t<meta name=\"twitter:data1\" content=\"3\u00a0Minuten\" \/>\n<script type=\"application\/ld+json\" class=\"yoast-schema-graph\">{\"@context\":\"https:\\\/\\\/schema.org\",\"@graph\":[{\"@type\":\"WebPage\",\"@id\":\"https:\\\/\\\/amarondaresort.com\\\/de\\\/all-events\\\/\",\"url\":\"https:\\\/\\\/amarondaresort.com\\\/de\\\/all-events\\\/\",\"name\":\"All events - Amaronda Resort\",\"isPartOf\":{\"@id\":\"https:\\\/\\\/amarondaresort.com\\\/de\\\/#website\"},\"datePublished\":\"2024-07-03T11:20:39+00:00\",\"dateModified\":\"2025-01-14T11:44:12+00:00\",\"breadcrumb\":{\"@id\":\"https:\\\/\\\/amarondaresort.com\\\/de\\\/all-events\\\/#breadcrumb\"},\"inLanguage\":\"de\",\"potentialAction\":[{\"@type\":\"ReadAction\",\"target\":[\"https:\\\/\\\/amarondaresort.com\\\/de\\\/all-events\\\/\"]}]},{\"@type\":\"BreadcrumbList\",\"@id\":\"https:\\\/\\\/amarondaresort.com\\\/de\\\/all-events\\\/#breadcrumb\",\"itemListElement\":[{\"@type\":\"ListItem\",\"position\":1,\"name\":\"Home\",\"item\":\"https:\\\/\\\/amarondaresort.com\\\/de\\\/\"},{\"@type\":\"ListItem\",\"position\":2,\"name\":\"All events\"}]},{\"@type\":\"WebSite\",\"@id\":\"https:\\\/\\\/amarondaresort.com\\\/de\\\/#website\",\"url\":\"https:\\\/\\\/amarondaresort.com\\\/de\\\/\",\"name\":\"Amaronda Resort\",\"description\":\"Experience the freedom\",\"potentialAction\":[{\"@type\":\"SearchAction\",\"target\":{\"@type\":\"EntryPoint\",\"urlTemplate\":\"https:\\\/\\\/amarondaresort.com\\\/de\\\/?s={search_term_string}\"},\"query-input\":{\"@type\":\"PropertyValueSpecification\",\"valueRequired\":true,\"valueName\":\"search_term_string\"}}],\"inLanguage\":\"de\"}]}<\/script>\n<!-- \/ Yoast SEO plugin. -->","yoast_head_json":{"title":"All events - Amaronda Resort","robots":{"index":"index","follow":"follow","max-snippet":"max-snippet:-1","max-image-preview":"max-image-preview:large","max-video-preview":"max-video-preview:-1"},"canonical":"https:\/\/amarondaresort.com\/de\/all-events\/","og_locale":"de_DE","og_type":"article","og_title":"All events - Amaronda Resort","og_description":"Culinary delights await at our restaurants, where award-winning chefs craft exquisite Greek &amp; international cuisine, complemented by stylish bars serving handcrafted cocktails. Loading view. Events Search and Views Navigation Search Enter Keyword. Search for Events by Keyword. Find Events Event Views Navigation Month List Month Day This Month 7\/2024 July 2024 Select date. Calendar of [&hellip;]","og_url":"https:\/\/amarondaresort.com\/de\/all-events\/","og_site_name":"Amaronda Resort","article_modified_time":"2025-01-14T11:44:12+00:00","twitter_card":"summary_large_image","twitter_misc":{"Gesch\u00e4tzte Lesezeit":"3\u00a0Minuten"},"schema":{"@context":"https:\/\/schema.org","@graph":[{"@type":"WebPage","@id":"https:\/\/amarondaresort.com\/de\/all-events\/","url":"https:\/\/amarondaresort.com\/de\/all-events\/","name":"All events - Amaronda Resort","isPartOf":{"@id":"https:\/\/amarondaresort.com\/de\/#website"},"datePublished":"2024-07-03T11:20:39+00:00","dateModified":"2025-01-14T11:44:12+00:00","breadcrumb":{"@id":"https:\/\/amarondaresort.com\/de\/all-events\/#breadcrumb"},"inLanguage":"de","potentialAction":[{"@type":"ReadAction","target":["https:\/\/amarondaresort.com\/de\/all-events\/"]}]},{"@type":"BreadcrumbList","@id":"https:\/\/amarondaresort.com\/de\/all-events\/#breadcrumb","itemListElement":[{"@type":"ListItem","position":1,"name":"Home","item":"https:\/\/amarondaresort.com\/de\/"},{"@type":"ListItem","position":2,"name":"All events"}]},{"@type":"WebSite","@id":"https:\/\/amarondaresort.com\/de\/#website","url":"https:\/\/amarondaresort.com\/de\/","name":"Amaronda Resort","description":"Experience the freedom","potentialAction":[{"@type":"SearchAction","target":{"@type":"EntryPoint","urlTemplate":"https:\/\/amarondaresort.com\/de\/?s={search_term_string}"},"query-input":{"@type":"PropertyValueSpecification","valueRequired":true,"valueName":"search_term_string"}}],"inLanguage":"de"}]}},"_links":{"self":[{"href":"https:\/\/amarondaresort.com\/de\/wp-json\/wp\/v2\/pages\/5256","targetHints":{"allow":["GET"]}}],"collection":[{"href":"https:\/\/amarondaresort.com\/de\/wp-json\/wp\/v2\/pages"}],"about":[{"href":"https:\/\/amarondaresort.com\/de\/wp-json\/wp\/v2\/types\/page"}],"author":[{"embeddable":true,"href":"https:\/\/amarondaresort.com\/de\/wp-json\/wp\/v2\/users\/3"}],"replies":[{"embeddable":true,"href":"https:\/\/amarondaresort.com\/de\/wp-json\/wp\/v2\/comments?post=5256"}],"version-history":[{"count":0,"href":"https:\/\/amarondaresort.com\/de\/wp-json\/wp\/v2\/pages\/5256\/revisions"}],"wp:attachment":[{"href":"https:\/\/amarondaresort.com\/de\/wp-json\/wp\/v2\/media?parent=5256"}],"curies":[{"name":"wp","href":"https:\/\/api.w.org\/{rel}","templated":true}]}}